{"id":10527,"date":"2026-02-05T15:24:07","date_gmt":"2026-02-05T14:24:07","guid":{"rendered":"https:\/\/agroinco.com.bo\/website\/?page_id=10527"},"modified":"2026-02-12T21:03:32","modified_gmt":"2026-02-12T20:03:32","slug":"quienes-somos","status":"publish","type":"page","link":"https:\/\/agroinco.com.bo\/website\/quienes-somos\/","title":{"rendered":"Quienes Somos"},"content":{"rendered":"<div class=\"wpb-content-wrapper\"><p>[vc_row][vc_column width=\u00bb1\/2&#8243;][vc_column_text css=\u00bb\u00bb woodmart_inline=\u00bbno\u00bb text_larger=\u00bbno\u00bb]<\/p>\n<h4>AGROINCO SRL<\/h4>\n<p>Es una empresa familiar fundada en el a\u00f1o 1988, en Santa Cruz de la Sierra, Bolvia, donde posee sus oficinas centrales. A la fecha tiene 32 colaboradores y se dedica principalmente a la comercializaci\u00f3n de productos masivos, plaguicidas de uso dom\u00e9stico y para salud p\u00fablica y maquinaria e insumos agr\u00edcolas de todo tipo, como expresa su lema \u201cTodo para el agro\u201d.[\/vc_column_text][\/vc_column][vc_column width=\u00bb1\/2&#8243;][vc_single_image image=\u00bb10494&#8243; img_size=\u00bbfull\u00bb css=\u00bb\u00bb parallax_scroll=\u00bbno\u00bb woodmart_inline=\u00bbno\u00bb][\/vc_column][\/vc_row][vc_row][vc_column][vc_column_text css=\u00bb\u00bb woodmart_inline=\u00bbno\u00bb text_larger=\u00bbno\u00bb]Contamos con la representaci\u00f3n de f\u00e1bricas de China, Espa\u00f1a, India, Israel, Alemania, Argentina, Ecuador, Paraguay, Per\u00fa, M\u00e9xico y EEUU<\/p>\n<p>Agroinco cuenta con una oficina central propia que incluye un sal\u00f3n de exposici\u00f3n de maquinaria, que se encuentra convenientemente situada en la Av. Cristo Redentor entre 6to y 7mo anillo y dep\u00f3sitos en el Parque Industrial. Estamos presentes en todo el territorio nacional a trav\u00e9s de distribuidores.<\/p>\n<p><strong>SERVICIO T\u00c9CNICO<\/strong><\/p>\n<p>Somos una empresa que brinda servicio t\u00e9cnico integral especializado de los insumos &#8211; agroqu\u00edmicos y maquinaria que comercializamos.[\/vc_column_text][\/vc_column][\/vc_row]<\/p>\n<\/div>","protected":false},"excerpt":{"rendered":"<p>[vc_row][vc_column width=\u00bb1\/2&#8243;][vc_column_text css=\u00bb\u00bb woodmart_inline=\u00bbno\u00bb text_larger=\u00bbno\u00bb] AGROINCO SRL Es una empresa familiar fundada en el a\u00f1o 1988, en Santa Cruz de<\/p>\n","protected":false},"author":1,"featured_media":0,"parent":0,"menu_order":0,"comment_status":"closed","ping_status":"closed","template":"","meta":{"footnotes":""},"class_list":["post-10527","page","type-page","status-publish","hentry"],"_links":{"self":[{"href":"https:\/\/agroinco.com.bo\/website\/wp-json\/wp\/v2\/pages\/10527","targetHints":{"allow":["GET"]}}],"collection":[{"href":"https:\/\/agroinco.com.bo\/website\/wp-json\/wp\/v2\/pages"}],"about":[{"href":"https:\/\/agroinco.com.bo\/website\/wp-json\/wp\/v2\/types\/page"}],"author":[{"embeddable":true,"href":"https:\/\/agroinco.com.bo\/website\/wp-json\/wp\/v2\/users\/1"}],"replies":[{"embeddable":true,"href":"https:\/\/agroinco.com.bo\/website\/wp-json\/wp\/v2\/comments?post=10527"}],"version-history":[{"count":2,"href":"https:\/\/agroinco.com.bo\/website\/wp-json\/wp\/v2\/pages\/10527\/revisions"}],"predecessor-version":[{"id":11328,"href":"https:\/\/agroinco.com.bo\/website\/wp-json\/wp\/v2\/pages\/10527\/revisions\/11328"}],"wp:attachment":[{"href":"https:\/\/agroinco.com.bo\/website\/wp-json\/wp\/v2\/media?parent=10527"}],"curies":[{"name":"wp","href":"https:\/\/api.w.org\/{rel}","templated":true}]}}