{"id":10652,"date":"2026-02-06T01:57:24","date_gmt":"2026-02-06T00:57:24","guid":{"rendered":"https:\/\/agroinco.com.bo\/website\/?post_type=product&#038;p=10652"},"modified":"2026-02-06T01:57:24","modified_gmt":"2026-02-06T00:57:24","slug":"mixer-horizontal-mh-5-5","status":"publish","type":"product","link":"https:\/\/agroinco.com.bo\/website\/producto\/mixer-horizontal-mh-5-5\/","title":{"rendered":"MIXER HORIZONTAL MH 5.5"},"content":{"rendered":"<div class=\"wpb-content-wrapper\"><p>[vc_row][vc_column][vc_column_text css=\u00bb\u00bb woodmart_inline=\u00bbno\u00bb text_larger=\u00bbno\u00bb]Mezclador y distribuidor de raciones capacidad 5.5m c\u00fabicos (vol\u00famen caja mezcladora). Sistema de mezclado dos sin fines helicoidales superior y uno a paletas inferior. Comando desde tractor para accionamiento hidr\u00e1ulico apertura y cierre de compuerta de descarga y regulaci\u00f3n de altura del transportador lateral a trav\u00e9s de dos sin fines.[\/vc_column_text]<div id=\"wd-69853c506d091\" class=\" wd-rs-69853c506d091  wd-button-wrapper text-center\"><a href=\"https:\/\/agroinco.com.bo\/website\/wp-content\/uploads\/2026\/02\/Mixer-horizontal-MH-5.5.pdf\" title=\"\" target=\"_blank\" class=\"btn btn-style-3d btn-shape-rectangle btn-size-default\">DESCARGAR PDF<\/a><\/div>[\/vc_column][\/vc_row]<\/p>\n<\/div>","protected":false},"excerpt":{"rendered":"<p>[vc_row][vc_column][vc_column_text css=\u00bb\u00bb woodmart_inline=\u00bbno\u00bb text_larger=\u00bbno\u00bb]Mezclador y distribuidor de raciones capacidad 5.5m c\u00fabicos (vol\u00famen caja mezcladora). Sistema de mezclado dos sin fines<\/p>\n","protected":false},"featured_media":10654,"template":"","meta":[],"product_brand":[],"product_cat":[137],"product_tag":[224,225,226,227,220],"class_list":{"0":"post-10652","1":"product","2":"type-product","3":"status-publish","4":"has-post-thumbnail","6":"product_cat-segadoras-y-mixer","7":"product_tag-alimento","8":"product_tag-ganaderia","9":"product_tag-ganado","10":"product_tag-mixer","11":"product_tag-montecor","13":"first","14":"onbackorder","15":"shipping-taxable","16":"product-type-simple"},"_links":{"self":[{"href":"https:\/\/agroinco.com.bo\/website\/wp-json\/wp\/v2\/product\/10652","targetHints":{"allow":["GET"]}}],"collection":[{"href":"https:\/\/agroinco.com.bo\/website\/wp-json\/wp\/v2\/product"}],"about":[{"href":"https:\/\/agroinco.com.bo\/website\/wp-json\/wp\/v2\/types\/product"}],"wp:featuredmedia":[{"embeddable":true,"href":"https:\/\/agroinco.com.bo\/website\/wp-json\/wp\/v2\/media\/10654"}],"wp:attachment":[{"href":"https:\/\/agroinco.com.bo\/website\/wp-json\/wp\/v2\/media?parent=10652"}],"wp:term":[{"taxonomy":"product_brand","embeddable":true,"href":"https:\/\/agroinco.com.bo\/website\/wp-json\/wp\/v2\/product_brand?post=10652"},{"taxonomy":"product_cat","embeddable":true,"href":"https:\/\/agroinco.com.bo\/website\/wp-json\/wp\/v2\/product_cat?post=10652"},{"taxonomy":"product_tag","embeddable":true,"href":"https:\/\/agroinco.com.bo\/website\/wp-json\/wp\/v2\/product_tag?post=10652"}],"curies":[{"name":"wp","href":"https:\/\/api.w.org\/{rel}","templated":true}]}}