{"id":10663,"date":"2026-02-06T02:12:58","date_gmt":"2026-02-06T01:12:58","guid":{"rendered":"https:\/\/agroinco.com.bo\/website\/?post_type=product&#038;p=10663"},"modified":"2026-02-06T02:12:58","modified_gmt":"2026-02-06T01:12:58","slug":"mixer-vertical-mv-10-1","status":"publish","type":"product","link":"https:\/\/agroinco.com.bo\/website\/producto\/mixer-vertical-mv-10-1\/","title":{"rendered":"MIXER VERTICAL MV 10\/1"},"content":{"rendered":"<div class=\"wpb-content-wrapper\"><p>[vc_row][vc_column][vc_column_text css=\u00bb\u00bb woodmart_inline=\u00bbno\u00bb text_larger=\u00bbno\u00bb]Capacidad 10m3 (volumen caja mezcladora). Eje simple (para cubiertas alta flotaci\u00f3n 400-60 -15.5 18 telas). Sistema de corte de rollo y mezclado a trav\u00e9s de un sinf\u00edn vertical c\/8+2 cuchillas de corte. Accionado con caja reductora a engranajes con sistema planetario de reducci\u00f3n en ba\u00f1o de aceite.[\/vc_column_text]<div id=\"wd-69853ffd01106\" class=\" wd-rs-69853ffd01106 vc_custom_1770340355457 wd-button-wrapper text-center\"><a href=\"https:\/\/agroinco.com.bo\/website\/wp-content\/uploads\/2026\/02\/Mixer-vertical-MV-10-1.pdf\" title=\"\" target=\"_blank\" class=\"btn btn-style-3d btn-shape-rectangle btn-size-default\">DESCARGAR PDF<\/a><\/div>[\/vc_column][\/vc_row]<\/p>\n<\/div>","protected":false},"excerpt":{"rendered":"<p>[vc_row][vc_column][vc_column_text css=\u00bb\u00bb woodmart_inline=\u00bbno\u00bb text_larger=\u00bbno\u00bb]Capacidad 10m3 (volumen caja mezcladora). Eje simple (para cubiertas alta flotaci\u00f3n 400-60 -15.5 18 telas). Sistema de<\/p>\n","protected":false},"featured_media":10665,"template":"","meta":[],"product_brand":[],"product_cat":[137],"product_tag":[227,220,229],"class_list":{"0":"post-10663","1":"product","2":"type-product","3":"status-publish","4":"has-post-thumbnail","6":"product_cat-segadoras-y-mixer","7":"product_tag-mixer","8":"product_tag-montecor","9":"product_tag-vertical","11":"first","12":"instock","13":"shipping-taxable","14":"product-type-simple"},"_links":{"self":[{"href":"https:\/\/agroinco.com.bo\/website\/wp-json\/wp\/v2\/product\/10663","targetHints":{"allow":["GET"]}}],"collection":[{"href":"https:\/\/agroinco.com.bo\/website\/wp-json\/wp\/v2\/product"}],"about":[{"href":"https:\/\/agroinco.com.bo\/website\/wp-json\/wp\/v2\/types\/product"}],"wp:featuredmedia":[{"embeddable":true,"href":"https:\/\/agroinco.com.bo\/website\/wp-json\/wp\/v2\/media\/10665"}],"wp:attachment":[{"href":"https:\/\/agroinco.com.bo\/website\/wp-json\/wp\/v2\/media?parent=10663"}],"wp:term":[{"taxonomy":"product_brand","embeddable":true,"href":"https:\/\/agroinco.com.bo\/website\/wp-json\/wp\/v2\/product_brand?post=10663"},{"taxonomy":"product_cat","embeddable":true,"href":"https:\/\/agroinco.com.bo\/website\/wp-json\/wp\/v2\/product_cat?post=10663"},{"taxonomy":"product_tag","embeddable":true,"href":"https:\/\/agroinco.com.bo\/website\/wp-json\/wp\/v2\/product_tag?post=10663"}],"curies":[{"name":"wp","href":"https:\/\/api.w.org\/{rel}","templated":true}]}}