{"id":10679,"date":"2026-02-06T02:40:06","date_gmt":"2026-02-06T01:40:06","guid":{"rendered":"https:\/\/agroinco.com.bo\/website\/?post_type=product&#038;p=10679"},"modified":"2026-02-06T02:40:06","modified_gmt":"2026-02-06T01:40:06","slug":"cabezal-girasolero","status":"publish","type":"product","link":"https:\/\/agroinco.com.bo\/website\/producto\/cabezal-girasolero\/","title":{"rendered":"CABEZAL GIRASOLERO"},"content":{"rendered":"<div class=\"wpb-content-wrapper\"><p>[vc_row][vc_column][vc_column_text css=\u00bb\u00bb woodmart_inline=\u00bbno\u00bb text_larger=\u00bbno\u00bb]Este cabezal de \u00faltima generaci\u00f3n responde a los requerimientos de los agricultores y contratistas m\u00e1s exigentes, con m\u00e1xima adaptaci\u00f3n a todos los modelos y condiciones de cosecha, menores p\u00e9rdidas de grano y largos intervalos de servicio garantizado.<\/p>\n<p>Robusto, confiable y f\u00e1cil de operar, se convierte en un compacto de eficiencia y rendimiento para optimizar la cosecha de girasol, separando la cabeza del tallo.<\/p>\n<p>Para pedidos a 70 y 52.5 cm de separaci\u00f3n entre l\u00edneas.<\/p>\n<p>Bandejas de separaci\u00f3n regulable (hasta 20 mm).<\/p>\n<p>Caja de cuchillas de movimiento rectil\u00edneo para alta velocidad de corte y menor vibraci\u00f3n.<\/p>\n<p>Sinf\u00edn de alimentaci\u00f3n, paleteador y rolo quitaplantas comandados por cadenas.[\/vc_column_text][vc_single_image image=\u00bb10680&#8243; img_size=\u00bbfull\u00bb alignment=\u00bbcenter\u00bb css=\u00bb\u00bb parallax_scroll=\u00bbno\u00bb woodmart_inline=\u00bbno\u00bb][\/vc_column][\/vc_row]<\/p>\n<\/div>","protected":false},"excerpt":{"rendered":"<p>[vc_row][vc_column][vc_column_text css=\u00bb\u00bb woodmart_inline=\u00bbno\u00bb text_larger=\u00bbno\u00bb]Este cabezal de \u00faltima generaci\u00f3n responde a los requerimientos de los agricultores y contratistas m\u00e1s exigentes, con<\/p>\n","protected":false},"featured_media":10681,"template":"","meta":[],"product_brand":[],"product_cat":[123],"product_tag":[238,240,243,242],"class_list":{"0":"post-10679","1":"product","2":"type-product","3":"status-publish","4":"has-post-thumbnail","6":"product_cat-girasoleros-y-remolques","7":"product_tag-cabezal","8":"product_tag-cosecha","9":"product_tag-girasol","10":"product_tag-maizco","12":"first","13":"instock","14":"shipping-taxable","15":"product-type-simple"},"_links":{"self":[{"href":"https:\/\/agroinco.com.bo\/website\/wp-json\/wp\/v2\/product\/10679","targetHints":{"allow":["GET"]}}],"collection":[{"href":"https:\/\/agroinco.com.bo\/website\/wp-json\/wp\/v2\/product"}],"about":[{"href":"https:\/\/agroinco.com.bo\/website\/wp-json\/wp\/v2\/types\/product"}],"wp:featuredmedia":[{"embeddable":true,"href":"https:\/\/agroinco.com.bo\/website\/wp-json\/wp\/v2\/media\/10681"}],"wp:attachment":[{"href":"https:\/\/agroinco.com.bo\/website\/wp-json\/wp\/v2\/media?parent=10679"}],"wp:term":[{"taxonomy":"product_brand","embeddable":true,"href":"https:\/\/agroinco.com.bo\/website\/wp-json\/wp\/v2\/product_brand?post=10679"},{"taxonomy":"product_cat","embeddable":true,"href":"https:\/\/agroinco.com.bo\/website\/wp-json\/wp\/v2\/product_cat?post=10679"},{"taxonomy":"product_tag","embeddable":true,"href":"https:\/\/agroinco.com.bo\/website\/wp-json\/wp\/v2\/product_tag?post=10679"}],"curies":[{"name":"wp","href":"https:\/\/api.w.org\/{rel}","templated":true}]}}