{"id":10685,"date":"2026-02-06T02:45:16","date_gmt":"2026-02-06T01:45:16","guid":{"rendered":"https:\/\/agroinco.com.bo\/website\/?post_type=product&#038;p=10685"},"modified":"2026-02-06T02:45:16","modified_gmt":"2026-02-06T01:45:16","slug":"golondrin-levante-de-3-puntos","status":"publish","type":"product","link":"https:\/\/agroinco.com.bo\/website\/producto\/golondrin-levante-de-3-puntos\/","title":{"rendered":"GOLONDRIN LEVANTE DE 3 PUNTOS"},"content":{"rendered":"<div class=\"wpb-content-wrapper\"><p>[vc_row][vc_column][vc_column_text css=\u00bb\u00bb woodmart_inline=\u00bbno\u00bb text_larger=\u00bbno\u00bb]<\/p>\n<p align=\"justify\">Fumigadora de 3 puntos.<\/p>\n<p align=\"justify\">Tanque de 600 Litros.<\/p>\n<p align=\"justify\">Bomba de pulverizaci\u00f3n a pist\u00f3n apta para fertilizaci\u00f3n l\u00edquida con accionamiento directo a al toma de fuerza.<\/p>\n<p>[\/vc_column_text][\/vc_column][\/vc_row]<\/p>\n<\/div>","protected":false},"excerpt":{"rendered":"<p>[vc_row][vc_column][vc_column_text css=\u00bb\u00bb woodmart_inline=\u00bbno\u00bb text_larger=\u00bbno\u00bb] Fumigadora de 3 puntos. Tanque de 600 Litros. Bomba de pulverizaci\u00f3n a pist\u00f3n apta para fertilizaci\u00f3n<\/p>\n","protected":false},"featured_media":10686,"template":"","meta":[],"product_brand":[],"product_cat":[126],"product_tag":[244,245,246,247,248],"class_list":{"0":"post-10685","1":"product","2":"type-product","3":"status-publish","4":"has-post-thumbnail","6":"product_cat-autopropulsadas-y-arrastre","7":"product_tag-3-puntos","8":"product_tag-agricola","9":"product_tag-agroquimicos","10":"product_tag-fumigadora","11":"product_tag-fumigar","13":"first","14":"instock","15":"shipping-taxable","16":"product-type-simple"},"_links":{"self":[{"href":"https:\/\/agroinco.com.bo\/website\/wp-json\/wp\/v2\/product\/10685","targetHints":{"allow":["GET"]}}],"collection":[{"href":"https:\/\/agroinco.com.bo\/website\/wp-json\/wp\/v2\/product"}],"about":[{"href":"https:\/\/agroinco.com.bo\/website\/wp-json\/wp\/v2\/types\/product"}],"wp:featuredmedia":[{"embeddable":true,"href":"https:\/\/agroinco.com.bo\/website\/wp-json\/wp\/v2\/media\/10686"}],"wp:attachment":[{"href":"https:\/\/agroinco.com.bo\/website\/wp-json\/wp\/v2\/media?parent=10685"}],"wp:term":[{"taxonomy":"product_brand","embeddable":true,"href":"https:\/\/agroinco.com.bo\/website\/wp-json\/wp\/v2\/product_brand?post=10685"},{"taxonomy":"product_cat","embeddable":true,"href":"https:\/\/agroinco.com.bo\/website\/wp-json\/wp\/v2\/product_cat?post=10685"},{"taxonomy":"product_tag","embeddable":true,"href":"https:\/\/agroinco.com.bo\/website\/wp-json\/wp\/v2\/product_tag?post=10685"}],"curies":[{"name":"wp","href":"https:\/\/api.w.org\/{rel}","templated":true}]}}