{"id":10714,"date":"2026-02-06T04:13:00","date_gmt":"2026-02-06T03:13:00","guid":{"rendered":"https:\/\/agroinco.com.bo\/website\/?post_type=product&#038;p=10714"},"modified":"2026-02-06T04:13:25","modified_gmt":"2026-02-06T03:13:25","slug":"adx","status":"publish","type":"product","link":"https:\/\/agroinco.com.bo\/website\/producto\/adx\/","title":{"rendered":"ADX"},"content":{"rendered":"<div class=\"wpb-content-wrapper\"><p>[vc_row][vc_column][vc_column_text css=\u00bb\u00bb woodmart_inline=\u00bbno\u00bb text_larger=\u00bbno\u00bb]Gana tiempo y rentabilidad sembrando m\u00e1s hect\u00e1reas con la Air Drill m\u00e1s adaptable, \u00e1gil y pr\u00e1ctica del mercado. Su exclusivo sistema de plegado, y el balanc\u00edn en sus ruedas principales, permite transportar la sembradora a 40km a tiro de tractor permitiendo ganar tiempo y dinero aprovechando mejor la ventana de siembra. Gracias a su ingenier\u00eda, ADX tiene un ancho de trabajo de m\u00e1s de 10 metros, logrando un ancho en transporte de 3,5 mts y un despeje de m\u00e1s de 60 cm, permite que puedas moverte por caminos abovedados y ruta cumpliendo las reglamentaciones de trasporte. . \u00c1gil pasaje de transporte a trabajo y viceversa, en 120 segundos, y con un solo operador. \u00danica Air Drill con sistema Land Copy, permite una \u00f3ptima apertura del surco sin necesidad del agregado de lastre en el chasis: Chasis Articulado en 3 secciones. Transferencia de peso del centro hacia los alerones. Balanc\u00edn en ruedas. Su sistema Doble Shot te permite monitorear semillas y fertilizantes por separado,surco por surco, brindando una mayor seguridad y control en tu siembra. ADX est\u00e1 equipada con distribuidores de flujo plano, que garantizan una correcta distribuci\u00f3n de semillas y fertilizantes en cualquier condici\u00f3n de terreno sin saltos de flujo. Tambi\u00e9n podes equipar tu ADX con la m\u00e1s alta tecnolog\u00eda en siembra, dosificadores y electr\u00f3nica Precisi\u00f3n Planting \u00f3 TIM, y es compatible con ambientaciones Field View. La tecnolog\u00eda potencia una buena m\u00e1quina, sobre una ADX, vas a obtener el mejor retorno de tu inversi\u00f3n.[\/vc_column_text]<div id=\"wd-69855b559bfe5\" class=\" wd-rs-69855b559bfe5 vc_custom_1770347520171 wd-button-wrapper text-center\"><a href=\"https:\/\/agroinco.com.bo\/website\/wp-content\/uploads\/2026\/02\/ADX.pdf\" title=\"\" target=\"_blank\" class=\"btn btn-style-3d btn-shape-rectangle btn-size-default\">DESCARGAR PDF<\/a><\/div>\t\t<div class=\"wd-el-video wd-wpb wd-rs-69855c0c718e7 wd-action-without wd-video-hosted wd-with-aspect-ratio\">\n\t\t\t\t\t\t\t<video src=\"https:\/\/agroinco.com.bo\/website\/wp-content\/uploads\/2026\/02\/ADX.mp4\" playsinline loop muted controls autoplay><\/video>\t\t\t\n\t\t\t\n\t\t\t\n\t\t\t\t\t<\/div>\n\t\t[\/vc_column][\/vc_row]<\/p>\n<\/div>","protected":false},"excerpt":{"rendered":"<p>Sembradora de Granos Finos.<\/p>\n","protected":false},"featured_media":10716,"template":"","meta":[],"product_brand":[],"product_cat":[139],"product_tag":[255,260,261,262,259,254],"class_list":{"0":"post-10714","1":"product","2":"type-product","3":"status-publish","4":"has-post-thumbnail","6":"product_cat-grano-fino","7":"product_tag-agrometal","8":"product_tag-cultivos","9":"product_tag-grano-fino","10":"product_tag-sembradoras","11":"product_tag-siembra","12":"product_tag-tecnologia","14":"first","15":"onbackorder","16":"shipping-taxable","17":"product-type-simple"},"_links":{"self":[{"href":"https:\/\/agroinco.com.bo\/website\/wp-json\/wp\/v2\/product\/10714","targetHints":{"allow":["GET"]}}],"collection":[{"href":"https:\/\/agroinco.com.bo\/website\/wp-json\/wp\/v2\/product"}],"about":[{"href":"https:\/\/agroinco.com.bo\/website\/wp-json\/wp\/v2\/types\/product"}],"wp:featuredmedia":[{"embeddable":true,"href":"https:\/\/agroinco.com.bo\/website\/wp-json\/wp\/v2\/media\/10716"}],"wp:attachment":[{"href":"https:\/\/agroinco.com.bo\/website\/wp-json\/wp\/v2\/media?parent=10714"}],"wp:term":[{"taxonomy":"product_brand","embeddable":true,"href":"https:\/\/agroinco.com.bo\/website\/wp-json\/wp\/v2\/product_brand?post=10714"},{"taxonomy":"product_cat","embeddable":true,"href":"https:\/\/agroinco.com.bo\/website\/wp-json\/wp\/v2\/product_cat?post=10714"},{"taxonomy":"product_tag","embeddable":true,"href":"https:\/\/agroinco.com.bo\/website\/wp-json\/wp\/v2\/product_tag?post=10714"}],"curies":[{"name":"wp","href":"https:\/\/api.w.org\/{rel}","templated":true}]}}