{"id":10729,"date":"2026-02-06T04:30:56","date_gmt":"2026-02-06T03:30:56","guid":{"rendered":"https:\/\/agroinco.com.bo\/website\/?post_type=product&#038;p=10729"},"modified":"2026-02-06T04:30:56","modified_gmt":"2026-02-06T03:30:56","slug":"tx-mega-gen3","status":"publish","type":"product","link":"https:\/\/agroinco.com.bo\/website\/producto\/tx-mega-gen3\/","title":{"rendered":"TX MEGA GEN3"},"content":{"rendered":"<div class=\"wpb-content-wrapper\"><p>[vc_row][vc_column][vc_column_text css=\u00bb\u00bb woodmart_inline=\u00bbno\u00bb text_larger=\u00bbno\u00bb]La TX MEGA GEN 3 presenta soluciones que te permitir\u00e1n alcanzar el mejor rendimiento en tu campa\u00f1a de grueso. Conocemos el secreto para una buena siembra, su tren de siembra est\u00e1 dise\u00f1ado para alcanzar el mejor planteo de granos gruesos y adem\u00e1s est\u00e1 dise\u00f1ado totalmente libre de mantenimiento. Con m\u00e1s de 60.000 configuraciones disponibles, podes armar la mega a la medida de tus necesidades, de tu campo. Equipala con toda la agricultura de precisi\u00f3n disponible en el mercado: dosificadores y electr\u00f3nica Precisi\u00f3n Planting, electr\u00f3nica TIM, sistemas de carga y amortiguaci\u00f3n Twin Force, y adem\u00e1s es compatible con ambientaciones Field View. La tecnolog\u00eda potencia una buena m\u00e1quina, sobre una mega, vas a obtener el mejor retorno de tu inversi\u00f3n. Construida por profesionales, con insumos de primera calidad, la TX MEGA GEN 3 te garantiza prolongados per\u00edodos de trabajo, con el m\u00ednimo mantenimiento y el mejor valor de reventa del mercado. Su nuevo conjunto de transporte, con sus 3,9 mts de ancho y su despeje de 60 cm te van a permitir pasar por todos lados. \u00bfQuer\u00e9s lograr la mejor calidad en la pr\u00f3xima campa\u00f1a de grueso? Alcanz\u00e1 tus m\u00e1s altos rindes en ma\u00edz y soja sembrando con la TX MEGA GEN 3.[\/vc_column_text]<div id=\"wd-6985604360b7e\" class=\" wd-rs-6985604360b7e vc_custom_1770348616843 wd-button-wrapper text-center\"><a href=\"https:\/\/agroinco.com.bo\/website\/wp-content\/uploads\/2026\/02\/TX-MEGA-GEN3.pdf\" title=\"\" target=\"_blank\" class=\"btn btn-style-3d btn-shape-rectangle btn-size-default\">DESCARGAR PDF<\/a><\/div>\t\t<div class=\"wd-el-video wd-wpb wd-rs-69855f56c2c62 wd-action-without wd-video-hosted wd-with-aspect-ratio\">\n\t\t\t\t\t\t\t<video src=\"https:\/\/agroinco.com.bo\/website\/wp-content\/uploads\/2026\/02\/TX-MEGA-GEN3.mp4\" playsinline loop muted controls autoplay><\/video>\t\t\t\n\t\t\t\n\t\t\t\n\t\t\t\t\t<\/div>\n\t\t[\/vc_column][\/vc_row]<\/p>\n<\/div>","protected":false},"excerpt":{"rendered":"<p>[vc_row][vc_column][vc_column_text css=\u00bb\u00bb woodmart_inline=\u00bbno\u00bb text_larger=\u00bbno\u00bb]La TX MEGA GEN 3 presenta soluciones que te permitir\u00e1n alcanzar el mejor rendimiento en tu campa\u00f1a<\/p>\n","protected":false},"featured_media":10732,"template":"","meta":[],"product_brand":[],"product_cat":[140],"product_tag":[255,263,258,264],"class_list":{"0":"post-10729","1":"product","2":"type-product","3":"status-publish","4":"has-post-thumbnail","6":"product_cat-grano-grueso","7":"product_tag-agrometal","8":"product_tag-granos-gruesos","9":"product_tag-sembradora","10":"product_tag-tx-mega","12":"first","13":"onbackorder","14":"shipping-taxable","15":"product-type-simple"},"_links":{"self":[{"href":"https:\/\/agroinco.com.bo\/website\/wp-json\/wp\/v2\/product\/10729","targetHints":{"allow":["GET"]}}],"collection":[{"href":"https:\/\/agroinco.com.bo\/website\/wp-json\/wp\/v2\/product"}],"about":[{"href":"https:\/\/agroinco.com.bo\/website\/wp-json\/wp\/v2\/types\/product"}],"wp:featuredmedia":[{"embeddable":true,"href":"https:\/\/agroinco.com.bo\/website\/wp-json\/wp\/v2\/media\/10732"}],"wp:attachment":[{"href":"https:\/\/agroinco.com.bo\/website\/wp-json\/wp\/v2\/media?parent=10729"}],"wp:term":[{"taxonomy":"product_brand","embeddable":true,"href":"https:\/\/agroinco.com.bo\/website\/wp-json\/wp\/v2\/product_brand?post=10729"},{"taxonomy":"product_cat","embeddable":true,"href":"https:\/\/agroinco.com.bo\/website\/wp-json\/wp\/v2\/product_cat?post=10729"},{"taxonomy":"product_tag","embeddable":true,"href":"https:\/\/agroinco.com.bo\/website\/wp-json\/wp\/v2\/product_tag?post=10729"}],"curies":[{"name":"wp","href":"https:\/\/api.w.org\/{rel}","templated":true}]}}