{"id":10764,"date":"2026-02-06T05:06:42","date_gmt":"2026-02-06T04:06:42","guid":{"rendered":"https:\/\/agroinco.com.bo\/website\/?post_type=product&#038;p=10764"},"modified":"2026-02-06T05:06:42","modified_gmt":"2026-02-06T04:06:42","slug":"apx","status":"publish","type":"product","link":"https:\/\/agroinco.com.bo\/website\/producto\/apx\/","title":{"rendered":"APX"},"content":{"rendered":"<div class=\"wpb-content-wrapper\"><p>[vc_row][vc_column][vc_column_text css=\u00bb\u00bb woodmart_inline=\u00bbno\u00bb text_larger=\u00bbno\u00bb]La sembradora Air Planter m\u00e1s pr\u00e1ctica, adaptable y precisa del mercado. Su exclusivo sistema de plegado, y el balanc\u00edn en sus ruedas principales, permite transportar la sembradora a 40km a tiro de tractor permitiendo ganar tiempo y dinero aprovechando mejor la ventana de siembra.<\/p>\n<p>Gracias a su ingenier\u00eda, APX tiene un ancho de trabajo de m\u00e1s de 12 metros, logrando un ancho en transporte de 3,5 mts y un despeje de m\u00e1s de 60 cm, permite que puedas moverte por caminos abovedados y ruta.<br \/>\n\u00c1gil pasaje de transporte a trabajo y viceversa, en 120 segundos, y con un solo operador.<\/p>\n<p>\u00danica Air Planter con sistema Land Copy, permite una \u00f3ptima apertura del surco sin necesidad del agregado de lastre en el chasis:<\/p>\n<ul>\n<li>Chasis articulado de 3 secciones.<\/li>\n<li>Transferencia de peso del centro hacia los alerones.<\/li>\n<li>Balanc\u00edn en ruedas.<\/li>\n<\/ul>\n<p>[\/vc_column_text]<div id=\"wd-698568b5cc130\" class=\" wd-rs-698568b5cc130 vc_custom_1770350777146 wd-button-wrapper text-center\"><a href=\"https:\/\/agroinco.com.bo\/website\/wp-content\/uploads\/2026\/02\/APX.pdf\" title=\"\" target=\"_blank\" class=\"btn btn-style-3d btn-shape-rectangle btn-size-default\">DESCARGAR PDF<\/a><\/div>\t\t<div class=\"wd-el-video wd-wpb wd-rs-6985689b20f0c wd-action-without wd-video-hosted wd-with-aspect-ratio\">\n\t\t\t\t\t\t\t<video src=\"https:\/\/agroinco.com.bo\/website\/wp-content\/uploads\/2026\/02\/APX.mp4\" playsinline loop muted controls autoplay><\/video>\t\t\t\n\t\t\t\n\t\t\t\n\t\t\t\t\t<\/div>\n\t\t[\/vc_column][\/vc_row]<\/p>\n<\/div>","protected":false},"excerpt":{"rendered":"<p>[vc_row][vc_column][vc_column_text css=\u00bb\u00bb woodmart_inline=\u00bbno\u00bb text_larger=\u00bbno\u00bb]La sembradora Air Planter m\u00e1s pr\u00e1ctica, adaptable y precisa del mercado. Su exclusivo sistema de plegado, y<\/p>\n","protected":false},"featured_media":10767,"template":"","meta":[],"product_brand":[],"product_cat":[140],"product_tag":[255,285,286,241,262,259,287,288],"class_list":{"0":"post-10764","1":"product","2":"type-product","3":"status-publish","4":"has-post-thumbnail","6":"product_cat-grano-grueso","7":"product_tag-agrometal","8":"product_tag-apx","9":"product_tag-granosgruesos","10":"product_tag-maiz","11":"product_tag-sembradoras","12":"product_tag-siembra","13":"product_tag-soya","14":"product_tag-twinforce","16":"first","17":"instock","18":"shipping-taxable","19":"product-type-simple"},"_links":{"self":[{"href":"https:\/\/agroinco.com.bo\/website\/wp-json\/wp\/v2\/product\/10764","targetHints":{"allow":["GET"]}}],"collection":[{"href":"https:\/\/agroinco.com.bo\/website\/wp-json\/wp\/v2\/product"}],"about":[{"href":"https:\/\/agroinco.com.bo\/website\/wp-json\/wp\/v2\/types\/product"}],"wp:featuredmedia":[{"embeddable":true,"href":"https:\/\/agroinco.com.bo\/website\/wp-json\/wp\/v2\/media\/10767"}],"wp:attachment":[{"href":"https:\/\/agroinco.com.bo\/website\/wp-json\/wp\/v2\/media?parent=10764"}],"wp:term":[{"taxonomy":"product_brand","embeddable":true,"href":"https:\/\/agroinco.com.bo\/website\/wp-json\/wp\/v2\/product_brand?post=10764"},{"taxonomy":"product_cat","embeddable":true,"href":"https:\/\/agroinco.com.bo\/website\/wp-json\/wp\/v2\/product_cat?post=10764"},{"taxonomy":"product_tag","embeddable":true,"href":"https:\/\/agroinco.com.bo\/website\/wp-json\/wp\/v2\/product_tag?post=10764"}],"curies":[{"name":"wp","href":"https:\/\/api.w.org\/{rel}","templated":true}]}}