{"id":10788,"date":"2026-02-06T13:21:06","date_gmt":"2026-02-06T12:21:06","guid":{"rendered":"https:\/\/agroinco.com.bo\/website\/?post_type=product&#038;p=10788"},"modified":"2026-02-06T13:21:06","modified_gmt":"2026-02-06T12:21:06","slug":"zeta-500-sc","status":"publish","type":"product","link":"https:\/\/agroinco.com.bo\/website\/producto\/zeta-500-sc\/","title":{"rendered":"ZETA 500 SC"},"content":{"rendered":"<div class=\"wpb-content-wrapper\"><p>[vc_row][vc_column][vc_column_text css=\u00bb\u00bb woodmart_inline=\u00bbno\u00bb text_larger=\u00bbno\u00bb]Tipo de Producto: FUNGICIDA<br \/>\nComposici\u00f3n Qu\u00edmica<br \/>\nClorotalonil\u2026\u2026\u2026\u2026\u2026\u2026\u2026\u2026\u2026..500 g\/L<br \/>\nSustancias Inertes\u2026\u2026\u2026\u2026\u2026 .. 500 g\/l<br \/>\nTotal\u2026\u2026\u2026\u2026\u2026\u2026\u2026\u2026\u2026\u2026\u2026.. . 1000 g\/l<br \/>\nGeneralidades<br \/>\nZETA 500 SC es un fungicida preventivo de amplio espectro de acci\u00f3n por contacto. Act\u00faa inhibiendo la respiraci\u00f3n de las c\u00e9lulas del hongo, debido a que el clorotalonil, principio activo de Zeta 500 SC, se une con los grupos sulfhidrilo de los amino\u00e1cidos, desactivando las enzimas necesarias para la respiraci\u00f3n del hongo y provocando finalmente la muerte de este. Adem\u00e1s de la reducci\u00f3n en el crecimiento del micelio del hongo, Zeta 500 SC tiene acci\u00f3n preventiva en la germinaci\u00f3n de las esporas.<br \/>\nPresentaci\u00f3n: 1 L.[\/vc_column_text]<div id=\"wd-6985dc9c05d48\" class=\" wd-rs-6985dc9c05d48 vc_custom_1770380449125 wd-button-wrapper text-center\"><a href=\"https:\/\/agroinco.com.bo\/website\/wp-content\/uploads\/2026\/02\/Ficha-Tecnica-ZETA500.pdf\" title=\"\" target=\"_blank\" class=\"btn btn-style-3d btn-shape-rectangle btn-size-default\">DESCARGAR PDF<\/a><\/div>[\/vc_column][\/vc_row]<\/p>\n<\/div>","protected":false},"excerpt":{"rendered":"<p>FUNGICIDA<\/p>\n<p>SUSPENSI\u00d3N CONCENTRADA (SC)<\/p>\n","protected":false},"featured_media":10789,"template":"","meta":[],"product_brand":[],"product_cat":[86],"product_tag":[289,290,207,243,291,241,287,292],"class_list":{"0":"post-10788","1":"product","2":"type-product","3":"status-publish","4":"has-post-thumbnail","6":"product_cat-fungicidas","7":"product_tag-clorotalonil","8":"product_tag-enfermeades","9":"product_tag-fungicida","10":"product_tag-girasol","11":"product_tag-hortalizas","12":"product_tag-maiz","13":"product_tag-soya","14":"product_tag-trigo","16":"first","17":"instock","18":"shipping-taxable","19":"product-type-simple"},"_links":{"self":[{"href":"https:\/\/agroinco.com.bo\/website\/wp-json\/wp\/v2\/product\/10788","targetHints":{"allow":["GET"]}}],"collection":[{"href":"https:\/\/agroinco.com.bo\/website\/wp-json\/wp\/v2\/product"}],"about":[{"href":"https:\/\/agroinco.com.bo\/website\/wp-json\/wp\/v2\/types\/product"}],"wp:featuredmedia":[{"embeddable":true,"href":"https:\/\/agroinco.com.bo\/website\/wp-json\/wp\/v2\/media\/10789"}],"wp:attachment":[{"href":"https:\/\/agroinco.com.bo\/website\/wp-json\/wp\/v2\/media?parent=10788"}],"wp:term":[{"taxonomy":"product_brand","embeddable":true,"href":"https:\/\/agroinco.com.bo\/website\/wp-json\/wp\/v2\/product_brand?post=10788"},{"taxonomy":"product_cat","embeddable":true,"href":"https:\/\/agroinco.com.bo\/website\/wp-json\/wp\/v2\/product_cat?post=10788"},{"taxonomy":"product_tag","embeddable":true,"href":"https:\/\/agroinco.com.bo\/website\/wp-json\/wp\/v2\/product_tag?post=10788"}],"curies":[{"name":"wp","href":"https:\/\/api.w.org\/{rel}","templated":true}]}}