{"id":10791,"date":"2026-02-06T13:38:20","date_gmt":"2026-02-06T12:38:20","guid":{"rendered":"https:\/\/agroinco.com.bo\/website\/?post_type=product&#038;p=10791"},"modified":"2026-02-06T13:38:20","modified_gmt":"2026-02-06T12:38:20","slug":"slovac","status":"publish","type":"product","link":"https:\/\/agroinco.com.bo\/website\/producto\/slovac\/","title":{"rendered":"SLOVAC"},"content":{"rendered":"<div class=\"wpb-content-wrapper\"><p>[vc_row][vc_column][vc_column_text css=\u00bb\u00bb woodmart_inline=\u00bbno\u00bb text_larger=\u00bbno\u00bb]Tipo de Producto: FUNGICIDA<br \/>\nComposici\u00f3n Qu\u00edmica<br \/>\nFenpropimorf\u00a0\u2026\u2026\u2026\u2026\u2026\u2026\u2026&#8230; 750 g\/L<br \/>\nSustancias Inertes\u2026\u2026\u2026\u2026\u2026 .. 250 g\/L<br \/>\nTotal\u2026\u2026\u2026\u2026\u2026\u2026\u2026\u2026\u2026\u2026\u2026 . 1000 g\/L<br \/>\nGeneralidades<br \/>\nSlovac, es un fungicida a base de Fenpropimorf, tiene acci\u00f3n sist\u00e9mica y se absorbe a trav\u00e9s de hojas, se transporta acrop\u00e9tamente y presenta actividad preventiva y curativa. El Fenpropimorf, pertenece al grupo de las Morfolinas o Aminas inhibidoras de la bios\u00edntesis de esterol clase II al inhibir dos de las enzimas claves, la reductasa C14 y la isomerasa C8 a C7 de esterol. La inhibici\u00f3n de la s\u00edntesis de esterol lleva a la disfunci\u00f3n metab\u00f3lica y eventualmente a la muerte celular.<br \/>\nPresentaci\u00f3n: 5 L.[\/vc_column_text]<div id=\"wd-6985e0aa690d5\" class=\" wd-rs-6985e0aa690d5 vc_custom_1770381487791 wd-button-wrapper text-center\"><a href=\"https:\/\/agroinco.com.bo\/website\/wp-content\/uploads\/2026\/02\/Ficha-Tecnica-SLOVAC.pdf\" title=\"\" target=\"_blank\" class=\"btn btn-style-3d btn-shape-rectangle btn-size-default\">DESCARGAR PDF<\/a><\/div>[\/vc_column][\/vc_row]<\/p>\n<\/div>","protected":false},"excerpt":{"rendered":"<p>[vc_row][vc_column][vc_column_text css=\u00bb\u00bb woodmart_inline=\u00bbno\u00bb text_larger=\u00bbno\u00bb]Tipo de Producto: FUNGICIDA Composici\u00f3n Qu\u00edmica Fenpropimorf\u00a0\u2026\u2026\u2026\u2026\u2026\u2026\u2026&#8230; 750 g\/L Sustancias Inertes\u2026\u2026\u2026\u2026\u2026 .. 250 g\/L Total\u2026\u2026\u2026\u2026\u2026\u2026\u2026\u2026\u2026\u2026\u2026 . 1000<\/p>\n","protected":false},"featured_media":10793,"template":"","meta":[],"product_brand":[],"product_cat":[86],"product_tag":[270,293,207,243,291,241,287,292],"class_list":{"0":"post-10791","1":"product","2":"type-product","3":"status-publish","4":"has-post-thumbnail","6":"product_cat-fungicidas","7":"product_tag-enfermedades","8":"product_tag-fenpropimorf","9":"product_tag-fungicida","10":"product_tag-girasol","11":"product_tag-hortalizas","12":"product_tag-maiz","13":"product_tag-soya","14":"product_tag-trigo","16":"first","17":"instock","18":"shipping-taxable","19":"product-type-simple"},"_links":{"self":[{"href":"https:\/\/agroinco.com.bo\/website\/wp-json\/wp\/v2\/product\/10791","targetHints":{"allow":["GET"]}}],"collection":[{"href":"https:\/\/agroinco.com.bo\/website\/wp-json\/wp\/v2\/product"}],"about":[{"href":"https:\/\/agroinco.com.bo\/website\/wp-json\/wp\/v2\/types\/product"}],"wp:featuredmedia":[{"embeddable":true,"href":"https:\/\/agroinco.com.bo\/website\/wp-json\/wp\/v2\/media\/10793"}],"wp:attachment":[{"href":"https:\/\/agroinco.com.bo\/website\/wp-json\/wp\/v2\/media?parent=10791"}],"wp:term":[{"taxonomy":"product_brand","embeddable":true,"href":"https:\/\/agroinco.com.bo\/website\/wp-json\/wp\/v2\/product_brand?post=10791"},{"taxonomy":"product_cat","embeddable":true,"href":"https:\/\/agroinco.com.bo\/website\/wp-json\/wp\/v2\/product_cat?post=10791"},{"taxonomy":"product_tag","embeddable":true,"href":"https:\/\/agroinco.com.bo\/website\/wp-json\/wp\/v2\/product_tag?post=10791"}],"curies":[{"name":"wp","href":"https:\/\/api.w.org\/{rel}","templated":true}]}}