{"id":10798,"date":"2026-02-06T13:57:33","date_gmt":"2026-02-06T12:57:33","guid":{"rendered":"https:\/\/agroinco.com.bo\/website\/?post_type=product&#038;p=10798"},"modified":"2026-02-06T13:57:33","modified_gmt":"2026-02-06T12:57:33","slug":"flumiox-pro","status":"publish","type":"product","link":"https:\/\/agroinco.com.bo\/website\/producto\/flumiox-pro\/","title":{"rendered":"FLUMIOX PRO"},"content":{"rendered":"<div class=\"wpb-content-wrapper\"><p>[vc_row][vc_column][vc_column_text css=\u00bb\u00bb woodmart_inline=\u00bbno\u00bb text_larger=\u00bbno\u00bb]Tipo de Producto: HERBICIDA<br \/>\nComposici\u00f3n Qu\u00edmica<br \/>\nFlumioxazin\u00a0\u2026\u2026\u2026\u2026\u2026\u2026\u2026\u2026. 480 g\/L<br \/>\nSustancias Inertes\u2026\u2026\u2026\u2026\u2026 .. 500 g\/l<br \/>\nTotal\u2026\u2026\u2026\u2026\u2026\u2026\u2026\u2026\u2026\u2026\u2026 . 1000 g\/l<\/p>\n<p>Generalidades<br \/>\nVers\u00e1til, es un herbicida pre y post emergente para el control de malezas de hoja ancha y supresi\u00f3n de gram\u00edneas. El Flumioxazin es un herbicida del grupo qu\u00edmico N-fenil- italimidas. Act\u00faa inhibiendo la enzima protoporfin\u00f3geno oxidasa (PPO) bloqueando la bios\u00edntesis de la clorofila, resultando, por la acci\u00f3n de la energ\u00eda solar, en una acumulaci\u00f3n de foto toxinas porfirinas que provocan la muerte celular. Controla malezas emergidas por acci\u00f3n de contacto cuando es absorbido por v\u00eda foliar y tiene acci\u00f3n preemergente. La acci\u00f3n preemergente est\u00e1 dada porque el Flumioxazin forma una pel\u00edcula en los primeros cent\u00edmetros del suelo que cuando las malezas comienzan a desarrollarse, entran en contacto con el producto y luego con la acci\u00f3n solar el producto se activa y se produce la muerte de las mismas.<br \/>\nPresentaci\u00f3n: 5 L.[\/vc_column_text]<div id=\"wd-6985e474df728\" class=\" wd-rs-6985e474df728 vc_custom_1770382533711 wd-button-wrapper text-center\"><a href=\"https:\/\/agroinco.com.bo\/website\/wp-content\/uploads\/2026\/02\/Ficha-Tecnica-FLUMIOX-PRO.pdf\" title=\"\" target=\"_blank\" class=\"btn btn-style-3d btn-shape-rectangle btn-size-default\">DESCARGAR PDF<\/a><\/div>[\/vc_column][\/vc_row]<\/p>\n<\/div>","protected":false},"excerpt":{"rendered":"<p>[vc_row][vc_column][vc_column_text css=\u00bb\u00bb woodmart_inline=\u00bbno\u00bb text_larger=\u00bbno\u00bb]Tipo de Producto: HERBICIDA Composici\u00f3n Qu\u00edmica Flumioxazin\u00a0\u2026\u2026\u2026\u2026\u2026\u2026\u2026\u2026. 480 g\/L Sustancias Inertes\u2026\u2026\u2026\u2026\u2026 .. 500 g\/l Total\u2026\u2026\u2026\u2026\u2026\u2026\u2026\u2026\u2026\u2026\u2026 . 1000<\/p>\n","protected":false},"featured_media":10800,"template":"","meta":[],"product_brand":[],"product_cat":[87],"product_tag":[],"class_list":{"0":"post-10798","1":"product","2":"type-product","3":"status-publish","4":"has-post-thumbnail","6":"product_cat-herbicida","8":"first","9":"instock","10":"shipping-taxable","11":"product-type-simple"},"_links":{"self":[{"href":"https:\/\/agroinco.com.bo\/website\/wp-json\/wp\/v2\/product\/10798","targetHints":{"allow":["GET"]}}],"collection":[{"href":"https:\/\/agroinco.com.bo\/website\/wp-json\/wp\/v2\/product"}],"about":[{"href":"https:\/\/agroinco.com.bo\/website\/wp-json\/wp\/v2\/types\/product"}],"wp:featuredmedia":[{"embeddable":true,"href":"https:\/\/agroinco.com.bo\/website\/wp-json\/wp\/v2\/media\/10800"}],"wp:attachment":[{"href":"https:\/\/agroinco.com.bo\/website\/wp-json\/wp\/v2\/media?parent=10798"}],"wp:term":[{"taxonomy":"product_brand","embeddable":true,"href":"https:\/\/agroinco.com.bo\/website\/wp-json\/wp\/v2\/product_brand?post=10798"},{"taxonomy":"product_cat","embeddable":true,"href":"https:\/\/agroinco.com.bo\/website\/wp-json\/wp\/v2\/product_cat?post=10798"},{"taxonomy":"product_tag","embeddable":true,"href":"https:\/\/agroinco.com.bo\/website\/wp-json\/wp\/v2\/product_tag?post=10798"}],"curies":[{"name":"wp","href":"https:\/\/api.w.org\/{rel}","templated":true}]}}