{"id":10801,"date":"2026-02-06T14:04:36","date_gmt":"2026-02-06T13:04:36","guid":{"rendered":"https:\/\/agroinco.com.bo\/website\/?post_type=product&#038;p=10801"},"modified":"2026-02-06T14:04:36","modified_gmt":"2026-02-06T13:04:36","slug":"choke-plus","status":"publish","type":"product","link":"https:\/\/agroinco.com.bo\/website\/producto\/choke-plus\/","title":{"rendered":"CHOKE PLUS"},"content":{"rendered":"<div class=\"wpb-content-wrapper\"><p>[vc_row][vc_column][vc_column_text css=\u00bb\u00bb woodmart_inline=\u00bbno\u00bb text_larger=\u00bbno\u00bb]Tipo de Producto: INSECTICIDA<br \/>\nComposici\u00f3n Qu\u00edmica<br \/>\nTiametoxan\u00a0\u2026 \u2026\u2026\u2026\u2026\u2026\u2026..\u2026300 g\/L<br \/>\nBifentrin\u00a0\u2026\u2026\u2026\u2026\u2026\u2026\u2026\u2026\u2026\u2026.200 g\/L<br \/>\nSustancias Inertes\u2026\u2026\u2026\u2026\u2026 .. 500 g\/l<br \/>\nTotal\u2026\u2026\u2026\u2026\u2026\u2026\u2026\u2026\u2026\u2026\u2026 . 1000 g\/l<br \/>\nGeneralidades<br \/>\nChoke PLUS, es un insecticida de amplio espectro, que act\u00faa por contacto e ingesti\u00f3n. Esta formulado a base de dos principios activos, Tiametoxan y Bifentrin. El Tiametoxan perteneciente al grupo qu\u00edmico de los Neonicotinoides, posee acci\u00f3n sist\u00e9mica e interfiere en la transmisi\u00f3n de los est\u00edmulos nerviosos del sistema nervioso central de los insectos. El Bifentrin perteneciente al grupo de los Piretroides, act\u00faa por contacto e ingesti\u00f3n, y presenta un r\u00e1pido efecto de volteo sobre lepid\u00f3pteros, hem\u00edpteros y otros \u00f3rdenes de plagas de importancia econ\u00f3mica a nivel agr\u00edcola. Por su composici\u00f3n qu\u00edmica y modo de acci\u00f3n, Choke PLUS resulta ser un interesante producto a emplear en el manejo de plagas con el fin de evitar en los mismos la resistencia.<\/p>\n<p style=\"margin: 0cm; background: white; vertical-align: baseline;\">Presentaci\u00f3n: 5 L y 250 Ml.<\/p>\n<p>[\/vc_column_text]<div id=\"wd-6985e6d78ec81\" class=\" wd-rs-6985e6d78ec81 vc_custom_1770383068287 wd-button-wrapper text-center\"><a href=\"https:\/\/agroinco.com.bo\/website\/wp-content\/uploads\/2026\/02\/Ficha-Tecnica-CHOKE-PLUS-1.pdf\" title=\"\" target=\"_blank\" class=\"btn btn-style-3d btn-shape-rectangle btn-size-default\">DESCARGAR PDF<\/a><\/div>[\/vc_column][\/vc_row]<\/p>\n<\/div>","protected":false},"excerpt":{"rendered":"<p>[vc_row][vc_column][vc_column_text css=\u00bb\u00bb woodmart_inline=\u00bbno\u00bb text_larger=\u00bbno\u00bb]Tipo de Producto: INSECTICIDA Composici\u00f3n Qu\u00edmica Tiametoxan\u00a0\u2026 \u2026\u2026\u2026\u2026\u2026\u2026..\u2026300 g\/L Bifentrin\u00a0\u2026\u2026\u2026\u2026\u2026\u2026\u2026\u2026\u2026\u2026.200 g\/L Sustancias Inertes\u2026\u2026\u2026\u2026\u2026 .. 500 g\/l Total\u2026\u2026\u2026\u2026\u2026\u2026\u2026\u2026\u2026\u2026\u2026<\/p>\n","protected":false},"featured_media":10803,"template":"","meta":[],"product_brand":[],"product_cat":[88],"product_tag":[296,208,297,275,298,299],"class_list":{"0":"post-10801","1":"product","2":"type-product","3":"status-publish","4":"has-post-thumbnail","6":"product_cat-insecticidas","7":"product_tag-bifentrin","8":"product_tag-insecticida","9":"product_tag-lepidopteros","10":"product_tag-plagas","11":"product_tag-resistencia","12":"product_tag-tiametoxan","14":"first","15":"instock","16":"shipping-taxable","17":"product-type-simple"},"_links":{"self":[{"href":"https:\/\/agroinco.com.bo\/website\/wp-json\/wp\/v2\/product\/10801","targetHints":{"allow":["GET"]}}],"collection":[{"href":"https:\/\/agroinco.com.bo\/website\/wp-json\/wp\/v2\/product"}],"about":[{"href":"https:\/\/agroinco.com.bo\/website\/wp-json\/wp\/v2\/types\/product"}],"wp:featuredmedia":[{"embeddable":true,"href":"https:\/\/agroinco.com.bo\/website\/wp-json\/wp\/v2\/media\/10803"}],"wp:attachment":[{"href":"https:\/\/agroinco.com.bo\/website\/wp-json\/wp\/v2\/media?parent=10801"}],"wp:term":[{"taxonomy":"product_brand","embeddable":true,"href":"https:\/\/agroinco.com.bo\/website\/wp-json\/wp\/v2\/product_brand?post=10801"},{"taxonomy":"product_cat","embeddable":true,"href":"https:\/\/agroinco.com.bo\/website\/wp-json\/wp\/v2\/product_cat?post=10801"},{"taxonomy":"product_tag","embeddable":true,"href":"https:\/\/agroinco.com.bo\/website\/wp-json\/wp\/v2\/product_tag?post=10801"}],"curies":[{"name":"wp","href":"https:\/\/api.w.org\/{rel}","templated":true}]}}