{"id":10804,"date":"2026-02-06T14:06:30","date_gmt":"2026-02-06T13:06:30","guid":{"rendered":"https:\/\/agroinco.com.bo\/website\/?post_type=product&#038;p=10804"},"modified":"2026-02-06T14:06:30","modified_gmt":"2026-02-06T13:06:30","slug":"sinometrina-500-sc","status":"publish","type":"product","link":"https:\/\/agroinco.com.bo\/website\/producto\/sinometrina-500-sc\/","title":{"rendered":"SINOMETRINA 500 SC"},"content":{"rendered":"<div class=\"wpb-content-wrapper\"><p>[vc_row][vc_column][vc_column_text css=\u00bb\u00bb woodmart_inline=\u00bbno\u00bb text_larger=\u00bbno\u00bb]Tipo de Producto: HERBICIDA<\/p>\n<p>Composici\u00f3n Qu\u00edmica<\/p>\n<p><strong>Ametryn<\/strong>\u00a0 &#8230;&#8230;&#8230;&#8230;&#8230;&#8230;&#8230;&#8230;&#8230;&#8230;&#8230;.\u00a0 500\u00a0 g\/l<\/p>\n<p><strong>Sustancias Inertes<\/strong>\u2026\u2026\u2026\u2026\u2026&#8230;\u00a0 500\u00a0 g\/l<\/p>\n<p><strong>Total<\/strong>\u2026\u2026\u2026\u2026\u2026\u2026\u2026\u2026\u2026\u2026\u2026&#8230;&#8230;\u00a0 \u00a0 1000\u00a0 g\/l<\/p>\n<p>Generalidades<\/p>\n<p><strong>SINOMETRINA 500 SC<\/strong>\u00a0 es un herbicida selectivo que es absorbido principalmente por v\u00eda foliar y tambi\u00e9n por las ra\u00edces de las malezas actuando como inhibidor de la fotos\u00edntesis. Su versatilidad como herbicida de contacto y herbicida radicular permite tratamientos en pre y post-emergencia de las malezas.<\/p>\n<p>Presentaci\u00f3n: 1 L.[\/vc_column_text][\/vc_column][\/vc_row]<\/p>\n<\/div>","protected":false},"excerpt":{"rendered":"<p>[vc_row][vc_column][vc_column_text css=\u00bb\u00bb woodmart_inline=\u00bbno\u00bb text_larger=\u00bbno\u00bb]Tipo de Producto: HERBICIDA Composici\u00f3n Qu\u00edmica Ametryn\u00a0 &#8230;&#8230;&#8230;&#8230;&#8230;&#8230;&#8230;&#8230;&#8230;&#8230;&#8230;.\u00a0 500\u00a0 g\/l Sustancias Inertes\u2026\u2026\u2026\u2026\u2026&#8230;\u00a0 500\u00a0 g\/l Total\u2026\u2026\u2026\u2026\u2026\u2026\u2026\u2026\u2026\u2026\u2026&#8230;&#8230;\u00a0 \u00a0 1000\u00a0<\/p>\n","protected":false},"featured_media":10805,"template":"","meta":[],"product_brand":[],"product_cat":[87],"product_tag":[300,301,271,302,303],"class_list":{"0":"post-10804","1":"product","2":"type-product","3":"status-publish","4":"has-post-thumbnail","6":"product_cat-herbicida","7":"product_tag-chiori","8":"product_tag-coquito","9":"product_tag-herbicida","10":"product_tag-hierbas","11":"product_tag-maicillo","13":"first","14":"instock","15":"shipping-taxable","16":"product-type-simple"},"_links":{"self":[{"href":"https:\/\/agroinco.com.bo\/website\/wp-json\/wp\/v2\/product\/10804","targetHints":{"allow":["GET"]}}],"collection":[{"href":"https:\/\/agroinco.com.bo\/website\/wp-json\/wp\/v2\/product"}],"about":[{"href":"https:\/\/agroinco.com.bo\/website\/wp-json\/wp\/v2\/types\/product"}],"wp:featuredmedia":[{"embeddable":true,"href":"https:\/\/agroinco.com.bo\/website\/wp-json\/wp\/v2\/media\/10805"}],"wp:attachment":[{"href":"https:\/\/agroinco.com.bo\/website\/wp-json\/wp\/v2\/media?parent=10804"}],"wp:term":[{"taxonomy":"product_brand","embeddable":true,"href":"https:\/\/agroinco.com.bo\/website\/wp-json\/wp\/v2\/product_brand?post=10804"},{"taxonomy":"product_cat","embeddable":true,"href":"https:\/\/agroinco.com.bo\/website\/wp-json\/wp\/v2\/product_cat?post=10804"},{"taxonomy":"product_tag","embeddable":true,"href":"https:\/\/agroinco.com.bo\/website\/wp-json\/wp\/v2\/product_tag?post=10804"}],"curies":[{"name":"wp","href":"https:\/\/api.w.org\/{rel}","templated":true}]}}