{"id":10806,"date":"2026-02-06T14:08:03","date_gmt":"2026-02-06T13:08:03","guid":{"rendered":"https:\/\/agroinco.com.bo\/website\/?post_type=product&#038;p=10806"},"modified":"2026-02-06T14:08:38","modified_gmt":"2026-02-06T13:08:38","slug":"avatar-trio","status":"publish","type":"product","link":"https:\/\/agroinco.com.bo\/website\/producto\/avatar-trio\/","title":{"rendered":"AVATAR TRIO"},"content":{"rendered":"<div class=\"wpb-content-wrapper\"><p>[vc_row][vc_column][vc_column_text css=\u00bb\u00bb woodmart_inline=\u00bbno\u00bb text_larger=\u00bbno\u00bb]Tipo de producto: FUNGICIDA<\/p>\n<p>Composici\u00f3n Qu\u00edmica<\/p>\n<p>Clorotalonil\u00a0\u2026\u2026\u2026\u2026\u2026400g\/L<\/p>\n<p>Azoxistrobin\u00a0\u2026\u2026\u2026\u2026\u202635g\/L<\/p>\n<p>Ciproconazole\u00a0\u2026\u2026\u2026\u202614g\/L<\/p>\n<p>Generalidades<\/p>\n<p>Avatar TRIO, es un fungicida sist\u00e9mico, de acci\u00f3n curativa y preventiva.El producto combina 3 ingredientes activos de diferentes modos de acci\u00f3n: El Ciproconazol, de acci\u00f3n sist\u00e9mica, pertenece al grupo de los triazoles y act\u00faa alternado la bios\u00edntesis del ergosterol, inhibiendo en consecuencia el desarrollo de las hifas del hongo. El Azoxistrobin act\u00faa bloqueando el proceso de respiraci\u00f3n de los hongos; posee un largo efecto residual, con acci\u00f3n por contacto y propiedades sist\u00e9micas, a diferencia de otras estrobilurinas. El Clorotalonil, con acci\u00f3n por contacto, act\u00faa previniendo la germinaci\u00f3n de las esporas y la motilidad en zoosporas, la actividad de m\u00faltiples sitios. La combinaci\u00f3n de estos principios activos hace que, Avatar TRIO \u00a0sea un fungicida preventivo, curativo y erradicante, con un amplio espectro de acci\u00f3n.<\/p>\n<p>Presentaci\u00f3n: 1 L.[\/vc_column_text][\/vc_column][\/vc_row]<\/p>\n<\/div>","protected":false},"excerpt":{"rendered":"<p>[vc_row][vc_column][vc_column_text css=\u00bb\u00bb woodmart_inline=\u00bbno\u00bb text_larger=\u00bbno\u00bb]Tipo de producto: FUNGICIDA Composici\u00f3n Qu\u00edmica Clorotalonil\u00a0\u2026\u2026\u2026\u2026\u2026400g\/L Azoxistrobin\u00a0\u2026\u2026\u2026\u2026\u202635g\/L Ciproconazole\u00a0\u2026\u2026\u2026\u202614g\/L Generalidades Avatar TRIO, es un fungicida sist\u00e9mico, de<\/p>\n","protected":false},"featured_media":10807,"template":"","meta":[],"product_brand":[],"product_cat":[86],"product_tag":[304,305,260,306,270,307,272,287],"class_list":{"0":"post-10806","1":"product","2":"type-product","3":"status-publish","4":"has-post-thumbnail","6":"product_cat-fungicidas","7":"product_tag-azozystrobin","8":"product_tag-cholrothalonil","9":"product_tag-cultivos","10":"product_tag-cyproconazole","11":"product_tag-enfermedades","12":"product_tag-fungicidas","13":"product_tag-hongos","14":"product_tag-soya","16":"first","17":"instock","18":"shipping-taxable","19":"product-type-simple"},"_links":{"self":[{"href":"https:\/\/agroinco.com.bo\/website\/wp-json\/wp\/v2\/product\/10806","targetHints":{"allow":["GET"]}}],"collection":[{"href":"https:\/\/agroinco.com.bo\/website\/wp-json\/wp\/v2\/product"}],"about":[{"href":"https:\/\/agroinco.com.bo\/website\/wp-json\/wp\/v2\/types\/product"}],"wp:featuredmedia":[{"embeddable":true,"href":"https:\/\/agroinco.com.bo\/website\/wp-json\/wp\/v2\/media\/10807"}],"wp:attachment":[{"href":"https:\/\/agroinco.com.bo\/website\/wp-json\/wp\/v2\/media?parent=10806"}],"wp:term":[{"taxonomy":"product_brand","embeddable":true,"href":"https:\/\/agroinco.com.bo\/website\/wp-json\/wp\/v2\/product_brand?post=10806"},{"taxonomy":"product_cat","embeddable":true,"href":"https:\/\/agroinco.com.bo\/website\/wp-json\/wp\/v2\/product_cat?post=10806"},{"taxonomy":"product_tag","embeddable":true,"href":"https:\/\/agroinco.com.bo\/website\/wp-json\/wp\/v2\/product_tag?post=10806"}],"curies":[{"name":"wp","href":"https:\/\/api.w.org\/{rel}","templated":true}]}}