{"id":10812,"date":"2026-02-06T14:16:01","date_gmt":"2026-02-06T13:16:01","guid":{"rendered":"https:\/\/agroinco.com.bo\/website\/?post_type=product&#038;p=10812"},"modified":"2026-02-06T14:16:01","modified_gmt":"2026-02-06T13:16:01","slug":"sinopronil","status":"publish","type":"product","link":"https:\/\/agroinco.com.bo\/website\/producto\/sinopronil\/","title":{"rendered":"SINOPRONIL\u00ae"},"content":{"rendered":"<div class=\"wpb-content-wrapper\"><p>[vc_row][vc_column][vc_column_text css=\u00bb\u00bb woodmart_inline=\u00bbno\u00bb text_larger=\u00bbno\u00bb]Tipo de Producto: INSECTICIDA<\/p>\n<p>Composici\u00f3n Qu\u00edmica<\/p>\n<p><strong>Fipronil<\/strong>\u00a0 \u2026\u2026\u2026\u2026\u2026\u2026\u2026\u2026\u2026\u2026\u2026\u2026\u2026\u2026\u2026\u2026..800\u00a0 g\/kg.<\/p>\n<p><strong>Sustancias Inertes<\/strong>\u2026\u2026\u2026\u2026\u2026\u2026\u2026\u2026\u2026&#8230;..200\u00a0 g\/kg.<\/p>\n<p><strong>Total<\/strong>\u00a0\u00a0\u00a0 \u2026\u2026\u2026\u2026\u2026\u2026\u2026\u2026\u2026\u2026\u2026\u2026\u2026\u2026\u2026\u2026\u2026.1000 g\/kg.<\/p>\n<p>SINOPRONIL<sup>\u00ae<\/sup> es un insecticida que act\u00faa por contacto e ingesti\u00f3n. Puede ser utilizado en aplicaci\u00f3n foliar, en el tratamiento de suelos y en la protecci\u00f3n de semillas. Act\u00faa bloqueando el canal de los iones Cl, regulados por el \u00e1cido gama amino but\u00edrico (GABA). Pr\u00e1cticamente no tiene efecto sobre la acetilcoliesterasa por lo que los insectos resistentes a carbamatos, ciclodieno y piretroides son sensibles a SINOPRONIL<sup>\u00ae<\/sup>.<\/p>\n<p>Presentaci\u00f3n: 1 Kg y 100 Gr.[\/vc_column_text][\/vc_column][\/vc_row]<\/p>\n<\/div>","protected":false},"excerpt":{"rendered":"<p>INSECTICIDA DE CONTACTO E INGESTION<\/p>\n<p><strong>GRANULOS DISPERSABLES (WG)<\/strong><\/p>\n","protected":false},"featured_media":10813,"template":"","meta":[],"product_brand":[],"product_cat":[88],"product_tag":[310,313,314,209,315,316],"class_list":{"0":"post-10812","1":"product","2":"type-product","3":"status-publish","4":"has-post-thumbnail","6":"product_cat-insecticidas","7":"product_tag-chinche","8":"product_tag-fipronil","9":"product_tag-insecticidas","10":"product_tag-insectos","11":"product_tag-semillas","12":"product_tag-tratamiento-de-semilla","14":"first","15":"instock","16":"shipping-taxable","17":"product-type-simple"},"_links":{"self":[{"href":"https:\/\/agroinco.com.bo\/website\/wp-json\/wp\/v2\/product\/10812","targetHints":{"allow":["GET"]}}],"collection":[{"href":"https:\/\/agroinco.com.bo\/website\/wp-json\/wp\/v2\/product"}],"about":[{"href":"https:\/\/agroinco.com.bo\/website\/wp-json\/wp\/v2\/types\/product"}],"wp:featuredmedia":[{"embeddable":true,"href":"https:\/\/agroinco.com.bo\/website\/wp-json\/wp\/v2\/media\/10813"}],"wp:attachment":[{"href":"https:\/\/agroinco.com.bo\/website\/wp-json\/wp\/v2\/media?parent=10812"}],"wp:term":[{"taxonomy":"product_brand","embeddable":true,"href":"https:\/\/agroinco.com.bo\/website\/wp-json\/wp\/v2\/product_brand?post=10812"},{"taxonomy":"product_cat","embeddable":true,"href":"https:\/\/agroinco.com.bo\/website\/wp-json\/wp\/v2\/product_cat?post=10812"},{"taxonomy":"product_tag","embeddable":true,"href":"https:\/\/agroinco.com.bo\/website\/wp-json\/wp\/v2\/product_tag?post=10812"}],"curies":[{"name":"wp","href":"https:\/\/api.w.org\/{rel}","templated":true}]}}