{"id":10817,"date":"2026-02-06T14:20:55","date_gmt":"2026-02-06T13:20:55","guid":{"rendered":"https:\/\/agroinco.com.bo\/website\/?post_type=product&#038;p=10817"},"modified":"2026-02-06T14:20:55","modified_gmt":"2026-02-06T13:20:55","slug":"sinotomil","status":"publish","type":"product","link":"https:\/\/agroinco.com.bo\/website\/producto\/sinotomil\/","title":{"rendered":"SINOTOMIL"},"content":{"rendered":"<div class=\"wpb-content-wrapper\"><p>[vc_row][vc_column][vc_column_text css=\u00bb\u00bb woodmart_inline=\u00bbno\u00bb text_larger=\u00bbno\u00bb]Tipo de producto: INSECTICIDA<\/p>\n<p>Principios Activos: METOMIL(90%) SP<\/p>\n<p>Formulaci\u00f3n: SOLIDO<\/p>\n<p>insecticida y acaricida de acci\u00f3n sist\u00e9mica con actividad por contacto e ingesti\u00f3n, que act\u00faa interfiriendo la transmisi\u00f3n de los impulsos nerviosos a trav\u00e9s de la inhibici\u00f3n de la colinesterasa. Despu\u00e9s de la ingesti\u00f3n por la plaga act\u00faa como un neurot\u00f3xico y evita la excreci\u00f3n a trav\u00e9s de la par\u00e1lisis de las funciones digestivas, combate larvas e insectos chupadores en diferentes cultivos.<\/p>\n<p>Presentaci\u00f3n: 100 g y 1 Kg.[\/vc_column_text]<div id=\"wd-6985ea9e4bf3b\" class=\" wd-rs-6985ea9e4bf3b vc_custom_1770384036640 wd-button-wrapper text-center\"><a href=\"https:\/\/agroinco.com.bo\/website\/wp-content\/uploads\/2026\/02\/SINOTOMIL-INSECT.-ficha-tec.pdf\" title=\"\" target=\"_blank\" class=\"btn btn-style-3d btn-shape-rectangle btn-size-default\">DESCARGAR PDF<\/a><\/div>[\/vc_column][\/vc_row]<\/p>\n<\/div>","protected":false},"excerpt":{"rendered":"<p>METOMIL(90%) SP<\/p>\n","protected":false},"featured_media":10818,"template":"","meta":[],"product_brand":[],"product_cat":[88],"product_tag":[319,246,260,208,209,320,241,287],"class_list":{"0":"post-10817","1":"product","2":"type-product","3":"status-publish","4":"has-post-thumbnail","6":"product_cat-insecticidas","7":"product_tag-acaricida","8":"product_tag-agroquimicos","9":"product_tag-cultivos","10":"product_tag-insecticida","11":"product_tag-insectos","12":"product_tag-larvas","13":"product_tag-maiz","14":"product_tag-soya","16":"first","17":"instock","18":"shipping-taxable","19":"product-type-simple"},"_links":{"self":[{"href":"https:\/\/agroinco.com.bo\/website\/wp-json\/wp\/v2\/product\/10817","targetHints":{"allow":["GET"]}}],"collection":[{"href":"https:\/\/agroinco.com.bo\/website\/wp-json\/wp\/v2\/product"}],"about":[{"href":"https:\/\/agroinco.com.bo\/website\/wp-json\/wp\/v2\/types\/product"}],"wp:featuredmedia":[{"embeddable":true,"href":"https:\/\/agroinco.com.bo\/website\/wp-json\/wp\/v2\/media\/10818"}],"wp:attachment":[{"href":"https:\/\/agroinco.com.bo\/website\/wp-json\/wp\/v2\/media?parent=10817"}],"wp:term":[{"taxonomy":"product_brand","embeddable":true,"href":"https:\/\/agroinco.com.bo\/website\/wp-json\/wp\/v2\/product_brand?post=10817"},{"taxonomy":"product_cat","embeddable":true,"href":"https:\/\/agroinco.com.bo\/website\/wp-json\/wp\/v2\/product_cat?post=10817"},{"taxonomy":"product_tag","embeddable":true,"href":"https:\/\/agroinco.com.bo\/website\/wp-json\/wp\/v2\/product_tag?post=10817"}],"curies":[{"name":"wp","href":"https:\/\/api.w.org\/{rel}","templated":true}]}}