{"id":10825,"date":"2026-02-06T14:28:52","date_gmt":"2026-02-06T13:28:52","guid":{"rendered":"https:\/\/agroinco.com.bo\/website\/?post_type=product&#038;p=10825"},"modified":"2026-03-27T17:00:29","modified_gmt":"2026-03-27T16:00:29","slug":"ajifol-como","status":"publish","type":"product","link":"https:\/\/agroinco.com.bo\/website\/producto\/ajifol-como\/","title":{"rendered":"AJIFOL CoMo"},"content":{"rendered":"<div class=\"wpb-content-wrapper\"><p>[vc_row][vc_column][vc_column_text css=\u00bb\u00bb woodmart_inline=\u00bbno\u00bb text_larger=\u00bbno\u00bb]Tipo de producto: FERTILIZANTE<\/p>\n<p>Principios Activos: Molibdeno(10%) + Cobalto(1%) + Fosforo(4%) + Nitrogeno(2%).<\/p>\n<p>Formulaci\u00f3n: LIQUIDO<\/p>\n<p>Fertilizante de origen org\u00e1nico &#8211; mineral, para tratamiento de semilla y\/o aplicaci\u00f3n foliar, el cual proviene de procesos controlados de fermentaci\u00f3n de las mieles de ca\u00f1a de az\u00facar para la producci\u00f3n de amino\u00e1cidos.<\/p>\n<p>Presentaci\u00f3n: 1 Lt.[\/vc_column_text]<div id=\"wd-6985ec1b000ca\" class=\" wd-rs-6985ec1b000ca vc_custom_1770384467040 wd-button-wrapper text-center\"><a href=\"https:\/\/agroinco.com.bo\/website\/wp-content\/uploads\/2026\/02\/FT-AJIFOL-CoMo.pdf\" title=\"\" target=\"_blank\" class=\"btn btn-style-3d btn-shape-rectangle btn-size-default\">DESCARGAR PDF<\/a><\/div>[\/vc_column][\/vc_row]<\/p>\n<\/div>","protected":false},"excerpt":{"rendered":"<p>Molibdeno(10%) + Cobalto(1%) + Fosforo(4%) + Nitrogeno(2%)<\/p>\n","protected":false},"featured_media":10826,"template":"","meta":[],"product_brand":[],"product_cat":[85],"product_tag":[246,327,328,329,330,241,331,332,287,316,292],"class_list":{"0":"post-10825","1":"product","2":"type-product","3":"status-publish","4":"has-post-thumbnail","6":"product_cat-fertilizantes-bioestimulantes","7":"product_tag-agroquimicos","8":"product_tag-aminoacidos","9":"product_tag-cana-de-azucar","10":"product_tag-fermentacion","11":"product_tag-fertilizantes","12":"product_tag-maiz","13":"product_tag-mineral","14":"product_tag-organico","15":"product_tag-soya","16":"product_tag-tratamiento-de-semilla","17":"product_tag-trigo","19":"first","20":"instock","21":"shipping-taxable","22":"product-type-simple"},"_links":{"self":[{"href":"https:\/\/agroinco.com.bo\/website\/wp-json\/wp\/v2\/product\/10825","targetHints":{"allow":["GET"]}}],"collection":[{"href":"https:\/\/agroinco.com.bo\/website\/wp-json\/wp\/v2\/product"}],"about":[{"href":"https:\/\/agroinco.com.bo\/website\/wp-json\/wp\/v2\/types\/product"}],"wp:featuredmedia":[{"embeddable":true,"href":"https:\/\/agroinco.com.bo\/website\/wp-json\/wp\/v2\/media\/10826"}],"wp:attachment":[{"href":"https:\/\/agroinco.com.bo\/website\/wp-json\/wp\/v2\/media?parent=10825"}],"wp:term":[{"taxonomy":"product_brand","embeddable":true,"href":"https:\/\/agroinco.com.bo\/website\/wp-json\/wp\/v2\/product_brand?post=10825"},{"taxonomy":"product_cat","embeddable":true,"href":"https:\/\/agroinco.com.bo\/website\/wp-json\/wp\/v2\/product_cat?post=10825"},{"taxonomy":"product_tag","embeddable":true,"href":"https:\/\/agroinco.com.bo\/website\/wp-json\/wp\/v2\/product_tag?post=10825"}],"curies":[{"name":"wp","href":"https:\/\/api.w.org\/{rel}","templated":true}]}}