{"id":10829,"date":"2026-02-06T21:38:33","date_gmt":"2026-02-06T20:38:33","guid":{"rendered":"https:\/\/agroinco.com.bo\/website\/?post_type=product&#038;p=10829"},"modified":"2026-03-27T23:30:42","modified_gmt":"2026-03-27T22:30:42","slug":"nanocrop-azufre","status":"publish","type":"product","link":"https:\/\/agroinco.com.bo\/website\/producto\/nanocrop-azufre\/","title":{"rendered":"NANOCROP AZUFRE"},"content":{"rendered":"<div class=\"wpb-content-wrapper\"><p>[vc_row][vc_column][vc_column_text css=\u00bb\u00bb woodmart_inline=\u00bbno\u00bb text_larger=\u00bbno\u00bb]Tipo de producto: FERTILIZANTE<\/p>\n<p>Principios Activos: Aminoaciados libres(17.7%) + N(4%) + Azufre(1.57%)<\/p>\n<p>Formulaci\u00f3n: LIQUIDO<\/p>\n<p>Nanoprotector de acci\u00f3n sist\u00e9mica que contiene nanopart\u00edculas de azufre combinadas con un elemento transportador que ayuda a combatir el estr\u00e9s causado por agentes externos.<\/p>\n<p>Reduce la cantidad de azufre necesario para la protecci\u00f3n vegetal, evitando la contaminaci\u00f3n y degradaci\u00f3n de suelos.<\/p>\n<p>Presentaci\u00f3n: 5 Lt y 250 Ml.[\/vc_column_text]<div id=\"wd-69c704d06d4a7\" class=\" wd-rs-69c704d06d4a7 vc_custom_1774650631703 wd-button-wrapper text-center\"><a href=\"https:\/\/agroinco.com.bo\/website\/wp-content\/uploads\/2026\/03\/FT-NANOCROP-AZUFRE.pdf\" title=\"\" target=\"_blank\" class=\"btn btn-style-3d btn-shape-rectangle btn-size-default\">DESCARGAR PDF<\/a><\/div>[\/vc_column][\/vc_row]<\/p>\n<\/div>","protected":false},"excerpt":{"rendered":"<p>Aminoaciados libres(17.7%) + N(4%) + Azufre(1.57%)<\/p>\n","protected":false},"featured_media":10830,"template":"","meta":[],"product_brand":[],"product_cat":[593],"product_tag":[246,333,334,335,330,336,337],"class_list":{"0":"post-10829","1":"product","2":"type-product","3":"status-publish","4":"has-post-thumbnail","6":"product_cat-nanotecnologia","7":"product_tag-agroquimicos","8":"product_tag-cuajado","9":"product_tag-defensas-naturales","10":"product_tag-desarrollo-radicular","11":"product_tag-fertilizantes","12":"product_tag-hojas","13":"product_tag-nitrogeno","15":"first","16":"instock","17":"shipping-taxable","18":"product-type-simple"},"_links":{"self":[{"href":"https:\/\/agroinco.com.bo\/website\/wp-json\/wp\/v2\/product\/10829","targetHints":{"allow":["GET"]}}],"collection":[{"href":"https:\/\/agroinco.com.bo\/website\/wp-json\/wp\/v2\/product"}],"about":[{"href":"https:\/\/agroinco.com.bo\/website\/wp-json\/wp\/v2\/types\/product"}],"wp:featuredmedia":[{"embeddable":true,"href":"https:\/\/agroinco.com.bo\/website\/wp-json\/wp\/v2\/media\/10830"}],"wp:attachment":[{"href":"https:\/\/agroinco.com.bo\/website\/wp-json\/wp\/v2\/media?parent=10829"}],"wp:term":[{"taxonomy":"product_brand","embeddable":true,"href":"https:\/\/agroinco.com.bo\/website\/wp-json\/wp\/v2\/product_brand?post=10829"},{"taxonomy":"product_cat","embeddable":true,"href":"https:\/\/agroinco.com.bo\/website\/wp-json\/wp\/v2\/product_cat?post=10829"},{"taxonomy":"product_tag","embeddable":true,"href":"https:\/\/agroinco.com.bo\/website\/wp-json\/wp\/v2\/product_tag?post=10829"}],"curies":[{"name":"wp","href":"https:\/\/api.w.org\/{rel}","templated":true}]}}