{"id":10840,"date":"2026-02-06T22:02:28","date_gmt":"2026-02-06T21:02:28","guid":{"rendered":"https:\/\/agroinco.com.bo\/website\/?post_type=product&#038;p=10840"},"modified":"2026-02-06T22:02:28","modified_gmt":"2026-02-06T21:02:28","slug":"vellks-shield","status":"publish","type":"product","link":"https:\/\/agroinco.com.bo\/website\/producto\/vellks-shield\/","title":{"rendered":"VELLKS-SHIELD"},"content":{"rendered":"<div class=\"wpb-content-wrapper\"><p>[vc_row][vc_column][vc_column_text css=\u00bb\u00bb woodmart_inline=\u00bbno\u00bb text_larger=\u00bbno\u00bb]Tipo de producto: FERTILIZANTE<\/p>\n<p>Principios Activos: Potasio(33%) + Azufre(55%)<\/p>\n<p>Formulaci\u00f3n: LIQUIDO<\/p>\n<p>Fertilizante de r\u00e1pida asimilaci\u00f3n, altamente concentrado en potasio y azufre. Esta especialmente dise\u00f1ado para su aplicaci\u00f3n en los momentos de mayor consumo del cultivo: durante el engorde y la maduraci\u00f3n del fruto.<\/p>\n<p>Presentaci\u00f3n: 1 Lt.[\/vc_column_text]<div id=\"wd-6986565e74765\" class=\" wd-rs-6986565e74765 vc_custom_1770411618326 wd-button-wrapper text-center\"><a href=\"https:\/\/agroinco.com.bo\/website\/wp-content\/uploads\/2026\/02\/FT-VellKS-shield-1.pdf\" title=\"\" target=\"_blank\" class=\"btn btn-style-3d btn-shape-rectangle btn-size-default\">DESCARGAR PDF<\/a><\/div>[\/vc_column][\/vc_row]<\/p>\n<\/div>","protected":false},"excerpt":{"rendered":"<p>POTASIO(33%) + AZUFRE(55%)<\/p>\n","protected":false},"featured_media":10842,"template":"","meta":[],"product_brand":[],"product_cat":[85],"product_tag":[347,342,291,348,349],"class_list":{"0":"post-10840","1":"product","2":"type-product","3":"status-publish","4":"has-post-thumbnail","6":"product_cat-fertilizantes-bioestimulantes","7":"product_tag-azufre","8":"product_tag-frutos","9":"product_tag-hortalizas","10":"product_tag-potasio","11":"product_tag-tuberculos","13":"first","14":"instock","15":"shipping-taxable","16":"product-type-simple"},"_links":{"self":[{"href":"https:\/\/agroinco.com.bo\/website\/wp-json\/wp\/v2\/product\/10840","targetHints":{"allow":["GET"]}}],"collection":[{"href":"https:\/\/agroinco.com.bo\/website\/wp-json\/wp\/v2\/product"}],"about":[{"href":"https:\/\/agroinco.com.bo\/website\/wp-json\/wp\/v2\/types\/product"}],"wp:featuredmedia":[{"embeddable":true,"href":"https:\/\/agroinco.com.bo\/website\/wp-json\/wp\/v2\/media\/10842"}],"wp:attachment":[{"href":"https:\/\/agroinco.com.bo\/website\/wp-json\/wp\/v2\/media?parent=10840"}],"wp:term":[{"taxonomy":"product_brand","embeddable":true,"href":"https:\/\/agroinco.com.bo\/website\/wp-json\/wp\/v2\/product_brand?post=10840"},{"taxonomy":"product_cat","embeddable":true,"href":"https:\/\/agroinco.com.bo\/website\/wp-json\/wp\/v2\/product_cat?post=10840"},{"taxonomy":"product_tag","embeddable":true,"href":"https:\/\/agroinco.com.bo\/website\/wp-json\/wp\/v2\/product_tag?post=10840"}],"curies":[{"name":"wp","href":"https:\/\/api.w.org\/{rel}","templated":true}]}}