{"id":10845,"date":"2026-02-06T22:12:52","date_gmt":"2026-02-06T21:12:52","guid":{"rendered":"https:\/\/agroinco.com.bo\/website\/?post_type=product&#038;p=10845"},"modified":"2026-02-06T22:14:10","modified_gmt":"2026-02-06T21:14:10","slug":"beauvetic","status":"publish","type":"product","link":"https:\/\/agroinco.com.bo\/website\/producto\/beauvetic\/","title":{"rendered":"BEAUVETIC"},"content":{"rendered":"<div class=\"wpb-content-wrapper\"><p>[vc_row][vc_column][vc_column_text css=\u00bb\u00bb woodmart_inline=\u00bbno\u00bb text_larger=\u00bbno\u00bb]Tipo de producto: INSECTICIDA<\/p>\n<p>Principios Activos: Beauveria bassiana(70%) WP<\/p>\n<p>Formulaci\u00f3n: SOLIDO<\/p>\n<p>Producto biol\u00f3gico, regulador de poblaciones de insectos: \u00e1fidos, \u00e1caros, gusanos, cochinillas, picudos, hormigas.<\/p>\n<p>Presentaci\u00f3n: 100 g.[\/vc_column_text]<div id=\"wd-6986593dd0f16\" class=\" wd-rs-6986593dd0f16 vc_custom_1770412354909 wd-button-wrapper text-center\"><a href=\"https:\/\/agroinco.com.bo\/website\/wp-content\/uploads\/2026\/02\/FT-BEAUVETIC.pdf\" title=\"\" target=\"_blank\" class=\"btn btn-style-3d btn-shape-rectangle btn-size-default\">DESCARGAR PDF<\/a><\/div>[\/vc_column][\/vc_row]<\/p>\n<\/div>","protected":false},"excerpt":{"rendered":"<p>[vc_row][vc_column][vc_column_text css=\u00bb\u00bb woodmart_inline=\u00bbno\u00bb text_larger=\u00bbno\u00bb]Tipo de producto: INSECTICIDA Principios Activos: Beauveria bassiana(70%) WP Formulaci\u00f3n: SOLIDO Producto biol\u00f3gico, regulador de poblaciones de<\/p>\n","protected":false},"featured_media":10847,"template":"","meta":[],"product_brand":[],"product_cat":[88],"product_tag":[351,350,353,352,208],"class_list":{"0":"post-10845","1":"product","2":"type-product","3":"status-publish","4":"has-post-thumbnail","6":"product_cat-insecticidas","7":"product_tag-acaros","8":"product_tag-afidos","9":"product_tag-biologico","10":"product_tag-gusanos","11":"product_tag-insecticida","13":"first","14":"instock","15":"shipping-taxable","16":"product-type-simple"},"_links":{"self":[{"href":"https:\/\/agroinco.com.bo\/website\/wp-json\/wp\/v2\/product\/10845","targetHints":{"allow":["GET"]}}],"collection":[{"href":"https:\/\/agroinco.com.bo\/website\/wp-json\/wp\/v2\/product"}],"about":[{"href":"https:\/\/agroinco.com.bo\/website\/wp-json\/wp\/v2\/types\/product"}],"wp:featuredmedia":[{"embeddable":true,"href":"https:\/\/agroinco.com.bo\/website\/wp-json\/wp\/v2\/media\/10847"}],"wp:attachment":[{"href":"https:\/\/agroinco.com.bo\/website\/wp-json\/wp\/v2\/media?parent=10845"}],"wp:term":[{"taxonomy":"product_brand","embeddable":true,"href":"https:\/\/agroinco.com.bo\/website\/wp-json\/wp\/v2\/product_brand?post=10845"},{"taxonomy":"product_cat","embeddable":true,"href":"https:\/\/agroinco.com.bo\/website\/wp-json\/wp\/v2\/product_cat?post=10845"},{"taxonomy":"product_tag","embeddable":true,"href":"https:\/\/agroinco.com.bo\/website\/wp-json\/wp\/v2\/product_tag?post=10845"}],"curies":[{"name":"wp","href":"https:\/\/api.w.org\/{rel}","templated":true}]}}