{"id":10850,"date":"2026-02-06T22:23:08","date_gmt":"2026-02-06T21:23:08","guid":{"rendered":"https:\/\/agroinco.com.bo\/website\/?post_type=product&#038;p=10850"},"modified":"2026-02-06T22:24:39","modified_gmt":"2026-02-06T21:24:39","slug":"agrocozeb-plus","status":"publish","type":"product","link":"https:\/\/agroinco.com.bo\/website\/producto\/agrocozeb-plus\/","title":{"rendered":"AGROCOZEB PLUS"},"content":{"rendered":"<div class=\"wpb-content-wrapper\"><p>[vc_row][vc_column][vc_column_text css=\u00bb\u00bb woodmart_inline=\u00bbno\u00bb text_larger=\u00bbno\u00bb]Fungicida protector de contacto<\/p>\n<p>Tipo de Producto: Fungicida<\/p>\n<p>Composici\u00f3n qu\u00edmica:<\/p>\n<p>Mancozeb: manganese ethylenebis(dithiocarbamate) (polymeric) complex with zinc salt 640 g\/kg<\/p>\n<p>Metalaxyl: methyl N-(methoxyacetyl)-N-(2,6-xylyl)-DL-alaninate\u00a0 80 g\/kg<\/p>\n<p>Ingredientes Inertes 280 g\/kg<\/p>\n<p>Productos compuestos por dos ingredientes activos: Mancozeb, \u00a0\u00a0es un fungicida protector de contacto que impide la producci\u00f3n de ATP (Trifosfato de Adenosina) en la\u00a0c\u00e9lula\u00a0fungosa, sustancia vital en el metabolismo del\u00a0hongo, ocasionando su destrucci\u00f3n. La\u00a0mol\u00e9cula\u00a0de Mancozeb libera gradualmente un\u00a0gas\u00a0denominado Etileno Diisotiocianato, que es el principio fungicida que act\u00faa sobre los hongos.<\/p>\n<p>Inhibe la s\u00edntesis de prote\u00ednas en hongos, por la interferencia con la s\u00edntesis de ARN ribosomal; El Metalaxyl, fungicida sist\u00e9mico con la acci\u00f3n protectora y curativa, absorbida a trav\u00e9s de las hojas, tallos y ra\u00edces[\/vc_column_text]<div id=\"wd-69865b963f361\" class=\" wd-rs-69865b963f361 vc_custom_1770412980134 wd-button-wrapper text-center\"><a href=\"https:\/\/agroinco.com.bo\/website\/wp-content\/uploads\/2026\/02\/agrocozeb-Plus.pdf\" title=\"\" target=\"_blank\" class=\"btn btn-style-3d btn-shape-rectangle btn-size-default\">DESCARGAR PDF<\/a><\/div>[\/vc_column][\/vc_row]<\/p>\n<\/div>","protected":false},"excerpt":{"rendered":"<p>MANCOZEB(64%) + METALAXIL(8%) WP<\/p>\n","protected":false},"featured_media":10852,"template":"","meta":[],"product_brand":[],"product_cat":[86],"product_tag":[207,272,317,318],"class_list":{"0":"post-10850","1":"product","2":"type-product","3":"status-publish","4":"has-post-thumbnail","6":"product_cat-fungicidas","7":"product_tag-fungicida","8":"product_tag-hongos","9":"product_tag-papa","10":"product_tag-tomate","12":"first","13":"instock","14":"shipping-taxable","15":"product-type-simple"},"_links":{"self":[{"href":"https:\/\/agroinco.com.bo\/website\/wp-json\/wp\/v2\/product\/10850","targetHints":{"allow":["GET"]}}],"collection":[{"href":"https:\/\/agroinco.com.bo\/website\/wp-json\/wp\/v2\/product"}],"about":[{"href":"https:\/\/agroinco.com.bo\/website\/wp-json\/wp\/v2\/types\/product"}],"wp:featuredmedia":[{"embeddable":true,"href":"https:\/\/agroinco.com.bo\/website\/wp-json\/wp\/v2\/media\/10852"}],"wp:attachment":[{"href":"https:\/\/agroinco.com.bo\/website\/wp-json\/wp\/v2\/media?parent=10850"}],"wp:term":[{"taxonomy":"product_brand","embeddable":true,"href":"https:\/\/agroinco.com.bo\/website\/wp-json\/wp\/v2\/product_brand?post=10850"},{"taxonomy":"product_cat","embeddable":true,"href":"https:\/\/agroinco.com.bo\/website\/wp-json\/wp\/v2\/product_cat?post=10850"},{"taxonomy":"product_tag","embeddable":true,"href":"https:\/\/agroinco.com.bo\/website\/wp-json\/wp\/v2\/product_tag?post=10850"}],"curies":[{"name":"wp","href":"https:\/\/api.w.org\/{rel}","templated":true}]}}