{"id":10854,"date":"2026-02-06T22:29:02","date_gmt":"2026-02-06T21:29:02","guid":{"rendered":"https:\/\/agroinco.com.bo\/website\/?post_type=product&#038;p=10854"},"modified":"2026-03-27T17:06:28","modified_gmt":"2026-03-27T16:06:28","slug":"shunit-15-sc","status":"publish","type":"product","link":"https:\/\/agroinco.com.bo\/website\/producto\/shunit-15-sc\/","title":{"rendered":"SHUNIT 15 SC"},"content":{"rendered":"<div class=\"wpb-content-wrapper\"><p>[vc_row][vc_column][vc_column_text css=\u00bb\u00bb woodmart_inline=\u00bbno\u00bb text_larger=\u00bbno\u00bb]Insecticida perteneciente al grupo de compuestos de Benzoilurea, no sist\u00e9mico que act\u00faa por la v\u00eda digestiva y con cierto efecto de contacto.<\/p>\n<p><strong>Teflubenzuron: <\/strong>1-(3,5-dichloro-2,4-difluorophenyl)-3-(2,6-difluorobenzoyl) urea\u00a0 150 g\/l<\/p>\n<p><strong>Ingredientes Inertes:<\/strong> 850 g\/l<\/p>\n<p><strong>SHUNIT 15 SC<\/strong> es un insecticida perteneciente al grupo de compuestos de Benzoilurea, no sist\u00e9mico que act\u00faa por la v\u00eda digestiva y con cierto efecto de contacto. Su forma de acci\u00f3n es interfiriendo la s\u00edntesis de quitina y la interrupci\u00f3n del proceso de muda larval del insecto provoc\u00e1ndole la muerte. Las larvas m\u00e1s j\u00f3venes son las m\u00e1s susceptibles.[\/vc_column_text]<div id=\"wd-69865ceb80ab3\" class=\" wd-rs-69865ceb80ab3 vc_custom_1770413297334 wd-button-wrapper text-center\"><a href=\"https:\/\/agroinco.com.bo\/website\/wp-content\/uploads\/2026\/02\/Shunit-SC.pdf\" title=\"\" target=\"_blank\" class=\"btn btn-style-3d btn-shape-rectangle btn-size-default\">DESCARGAR PDF<\/a><\/div>[\/vc_column][\/vc_row]<\/p>\n<\/div>","protected":false},"excerpt":{"rendered":"<p>TEFLUBENZU(15%) SC<\/p>\n","protected":false},"featured_media":10855,"template":"","meta":[],"product_brand":[],"product_cat":[88],"product_tag":[356,357,208],"class_list":{"0":"post-10854","1":"product","2":"type-product","3":"status-publish","4":"has-post-thumbnail","6":"product_cat-insecticidas","7":"product_tag-falso-medidor","8":"product_tag-gusano","9":"product_tag-insecticida","11":"first","12":"instock","13":"shipping-taxable","14":"product-type-simple"},"_links":{"self":[{"href":"https:\/\/agroinco.com.bo\/website\/wp-json\/wp\/v2\/product\/10854","targetHints":{"allow":["GET"]}}],"collection":[{"href":"https:\/\/agroinco.com.bo\/website\/wp-json\/wp\/v2\/product"}],"about":[{"href":"https:\/\/agroinco.com.bo\/website\/wp-json\/wp\/v2\/types\/product"}],"wp:featuredmedia":[{"embeddable":true,"href":"https:\/\/agroinco.com.bo\/website\/wp-json\/wp\/v2\/media\/10855"}],"wp:attachment":[{"href":"https:\/\/agroinco.com.bo\/website\/wp-json\/wp\/v2\/media?parent=10854"}],"wp:term":[{"taxonomy":"product_brand","embeddable":true,"href":"https:\/\/agroinco.com.bo\/website\/wp-json\/wp\/v2\/product_brand?post=10854"},{"taxonomy":"product_cat","embeddable":true,"href":"https:\/\/agroinco.com.bo\/website\/wp-json\/wp\/v2\/product_cat?post=10854"},{"taxonomy":"product_tag","embeddable":true,"href":"https:\/\/agroinco.com.bo\/website\/wp-json\/wp\/v2\/product_tag?post=10854"}],"curies":[{"name":"wp","href":"https:\/\/api.w.org\/{rel}","templated":true}]}}