{"id":10866,"date":"2026-02-07T02:13:01","date_gmt":"2026-02-07T01:13:01","guid":{"rendered":"https:\/\/agroinco.com.bo\/website\/?post_type=product&#038;p=10866"},"modified":"2026-03-27T17:04:48","modified_gmt":"2026-03-27T16:04:48","slug":"proway","status":"publish","type":"product","link":"https:\/\/agroinco.com.bo\/website\/producto\/proway\/","title":{"rendered":"PROWAY"},"content":{"rendered":"<div class=\"wpb-content-wrapper\"><p>[vc_row][vc_column][vc_column_text css=\u00bb\u00bb woodmart_inline=\u00bbno\u00bb text_larger=\u00bbno\u00bb]Tipo de producto:\u00a0\u00a0\u00a0\u00a0\u00a0\u00a0\u00a0\u00a0\u00a0\u00a0 FUNGICIDA<\/p>\n<p>Principios Activos:\u00a0\u00a0\u00a0\u00a0\u00a0\u00a0\u00a0\u00a0\u00a0\u00a0 PROTHIOCONAZOLE 300 g\/L<\/p>\n<p>Formulaci\u00f3n:\u00a0\u00a0\u00a0\u00a0\u00a0\u00a0\u00a0\u00a0\u00a0\u00a0\u00a0\u00a0\u00a0\u00a0\u00a0\u00a0\u00a0\u00a0\u00a0\u00a0 SUSPENSION CONCENTRADA (SC)<\/p>\n<p>Fungicida sist\u00e9mico, de amplio espectro, con excelente poder curativo y preventivo para el control de roya y mildiu.<\/p>\n<p>Ideal para aplicaciones en conjunto con mezcla de triazoles y estrobilulinas para mejorar control.<\/p>\n<p>A base de prothioconazole un triazol de \u00faltima generaci\u00f3n que act\u00faa interviniendo la ruta metab\u00f3lica del ergosterol de los hongos inhibiendo su s\u00edntesis. Es un producto de amplio espectro para el control de un amplio rango de enfermedades.<\/p>\n<p>Presentaci\u00f3n: 5 Lt.[\/vc_column_text]<div id=\"wd-6986910173171\" class=\" wd-rs-6986910173171 vc_custom_1770426630188 wd-button-wrapper text-center\"><a href=\"https:\/\/agroinco.com.bo\/website\/wp-content\/uploads\/2026\/02\/PROWAY-ficha-tec.pdf\" title=\"\" target=\"_blank\" class=\"btn btn-style-3d btn-shape-rectangle btn-size-default\">DESCARGAR PDF<\/a><\/div>[\/vc_column][\/vc_row]<\/p>\n<\/div>","protected":false},"excerpt":{"rendered":"<p>Fungicida sist\u00e9mico, de amplio espectro, con excelente poder curativo y preventivo para el control de roya y mildiu.<br \/>\nProtioconazole(30%)<\/p>\n","protected":false},"featured_media":10868,"template":"","meta":[],"product_brand":[],"product_cat":[86],"product_tag":[245,270,207,361,362,363,364,365],"class_list":{"0":"post-10866","1":"product","2":"type-product","3":"status-publish","4":"has-post-thumbnail","6":"product_cat-fungicidas","7":"product_tag-agricola","8":"product_tag-enfermedades","9":"product_tag-fungicida","10":"product_tag-mildiu-cultivos","11":"product_tag-prothioconazole","12":"product_tag-proway","13":"product_tag-roya","14":"product_tag-sistemico","16":"first","17":"instock","18":"shipping-taxable","19":"product-type-simple"},"_links":{"self":[{"href":"https:\/\/agroinco.com.bo\/website\/wp-json\/wp\/v2\/product\/10866","targetHints":{"allow":["GET"]}}],"collection":[{"href":"https:\/\/agroinco.com.bo\/website\/wp-json\/wp\/v2\/product"}],"about":[{"href":"https:\/\/agroinco.com.bo\/website\/wp-json\/wp\/v2\/types\/product"}],"wp:featuredmedia":[{"embeddable":true,"href":"https:\/\/agroinco.com.bo\/website\/wp-json\/wp\/v2\/media\/10868"}],"wp:attachment":[{"href":"https:\/\/agroinco.com.bo\/website\/wp-json\/wp\/v2\/media?parent=10866"}],"wp:term":[{"taxonomy":"product_brand","embeddable":true,"href":"https:\/\/agroinco.com.bo\/website\/wp-json\/wp\/v2\/product_brand?post=10866"},{"taxonomy":"product_cat","embeddable":true,"href":"https:\/\/agroinco.com.bo\/website\/wp-json\/wp\/v2\/product_cat?post=10866"},{"taxonomy":"product_tag","embeddable":true,"href":"https:\/\/agroinco.com.bo\/website\/wp-json\/wp\/v2\/product_tag?post=10866"}],"curies":[{"name":"wp","href":"https:\/\/api.w.org\/{rel}","templated":true}]}}