{"id":10913,"date":"2026-02-11T15:01:54","date_gmt":"2026-02-11T14:01:54","guid":{"rendered":"https:\/\/agroinco.com.bo\/website\/?post_type=product&#038;p=10913"},"modified":"2026-02-11T15:01:54","modified_gmt":"2026-02-11T14:01:54","slug":"plant-power","status":"publish","type":"product","link":"https:\/\/agroinco.com.bo\/website\/producto\/plant-power\/","title":{"rendered":"PLANT POWER"},"content":{"rendered":"<div class=\"wpb-content-wrapper\"><p>[vc_row][vc_column][vc_column_text css=\u00bb\u00bb woodmart_inline=\u00bbno\u00bb text_larger=\u00bbno\u00bb]Tipo de producto:\u00a0\u00a0\u00a0\u00a0\u00a0\u00a0\u00a0\u00a0\u00a0\u00a0 FERTILIZANTE<\/p>\n<p>Principios Activos:\u00a0\u00a0\u00a0\u00a0\u00a0\u00a0\u00a0\u00a0\u00a0\u00a0 NITROGENO TOTAL 10,7 % P\/P, FOSFORO 10,7 % P\/P, POTASIO 10,7 % P\/P, ACIDO HUMICO 2,1 % P\/P<\/p>\n<p>Formulaci\u00f3n:\u00a0\u00a0\u00a0\u00a0\u00a0\u00a0\u00a0\u00a0\u00a0\u00a0\u00a0\u00a0\u00a0\u00a0\u00a0\u00a0\u00a0\u00a0\u00a0\u00a0 GEL HIDROSOLUBLE<\/p>\n<p>Estas especialmente dise\u00f1ado para favorecer el crecimiento y formaci\u00f3n de fruto tanto por v\u00eda foliar como por v\u00eda radicular, d\u00e1ndonos una excelente solubilidad.<\/p>\n<p>Contiene vitaminas en su formulaci\u00f3n, proporcion\u00e1ndole al producto un alto poder revitalizante a cultivos que han sufrido situaciones de estr\u00e9s (sequia, granizo, enfermedades, etc)<\/p>\n<p>COMPLETAMENTE SOLUBLE: A diferencia de los fertilizantes en suspensi\u00f3n, Plant Power 15-15-15+\u00c1c. H\u00famicos, est\u00e1 exento de componentes insolubles y, por lo tanto, no obstruye equipos de aspersi\u00f3n y riego por goteo.<\/p>\n<p>Presentaci\u00f3n: 500 Ml y 1 Lt.[\/vc_column_text]<div id=\"wd-698c8bb96640a\" class=\" wd-rs-698c8bb96640a vc_custom_1770818492983 wd-button-wrapper text-center\"><a href=\"https:\/\/agroinco.com.bo\/website\/wp-content\/uploads\/2026\/02\/plant-Power-ficha-tec.pdf\" title=\"\" target=\"_blank\" class=\"btn btn-style-3d btn-shape-rectangle btn-size-default\">DESCARGAR PDF<\/a><\/div>[\/vc_column][\/vc_row]<\/p>\n<\/div>","protected":false},"excerpt":{"rendered":"<p>NPK gel hidrosoluble concentrado con un alto contenido de Nitr\u00f3geno-F\u00f3sforo-Potasio.<br \/>\nNitrogeno(15%) + Potasio(15%) + Fosforo(15%) + Acidos Humicos(3%)<\/p>\n","protected":false},"featured_media":10915,"template":"","meta":[],"product_brand":[],"product_cat":[85],"product_tag":[260,270,395,219,406],"class_list":{"0":"post-10913","1":"product","2":"type-product","3":"status-publish","4":"has-post-thumbnail","6":"product_cat-fertilizantes-bioestimulantes","7":"product_tag-cultivos","8":"product_tag-enfermedades","9":"product_tag-estres","10":"product_tag-fertilizante","11":"product_tag-revitalizante","13":"first","14":"instock","15":"shipping-taxable","16":"product-type-simple"},"_links":{"self":[{"href":"https:\/\/agroinco.com.bo\/website\/wp-json\/wp\/v2\/product\/10913","targetHints":{"allow":["GET"]}}],"collection":[{"href":"https:\/\/agroinco.com.bo\/website\/wp-json\/wp\/v2\/product"}],"about":[{"href":"https:\/\/agroinco.com.bo\/website\/wp-json\/wp\/v2\/types\/product"}],"wp:featuredmedia":[{"embeddable":true,"href":"https:\/\/agroinco.com.bo\/website\/wp-json\/wp\/v2\/media\/10915"}],"wp:attachment":[{"href":"https:\/\/agroinco.com.bo\/website\/wp-json\/wp\/v2\/media?parent=10913"}],"wp:term":[{"taxonomy":"product_brand","embeddable":true,"href":"https:\/\/agroinco.com.bo\/website\/wp-json\/wp\/v2\/product_brand?post=10913"},{"taxonomy":"product_cat","embeddable":true,"href":"https:\/\/agroinco.com.bo\/website\/wp-json\/wp\/v2\/product_cat?post=10913"},{"taxonomy":"product_tag","embeddable":true,"href":"https:\/\/agroinco.com.bo\/website\/wp-json\/wp\/v2\/product_tag?post=10913"}],"curies":[{"name":"wp","href":"https:\/\/api.w.org\/{rel}","templated":true}]}}