{"id":10916,"date":"2026-02-11T15:06:43","date_gmt":"2026-02-11T14:06:43","guid":{"rendered":"https:\/\/agroinco.com.bo\/website\/?post_type=product&#038;p=10916"},"modified":"2026-02-11T15:06:43","modified_gmt":"2026-02-11T14:06:43","slug":"phosphilux-super","status":"publish","type":"product","link":"https:\/\/agroinco.com.bo\/website\/producto\/phosphilux-super\/","title":{"rendered":"PHOSPHILUX SUPER"},"content":{"rendered":"<div class=\"wpb-content-wrapper\"><p>[vc_row][vc_column][vc_column_text css=\u00bb\u00bb woodmart_inline=\u00bbno\u00bb text_larger=\u00bbno\u00bb]Tipo de producto:\u00a0\u00a0\u00a0\u00a0\u00a0\u00a0\u00a0\u00a0\u00a0\u00a0 FUNGICIDA<\/p>\n<p>Principios Activos:\u00a0\u00a0\u00a0\u00a0\u00a0\u00a0\u00a0\u00a0\u00a0\u00a0 P 54%; K 36%<\/p>\n<p>Formulaci\u00f3n:\u00a0\u00a0\u00a0\u00a0\u00a0\u00a0\u00a0\u00a0\u00a0\u00a0\u00a0\u00a0\u00a0\u00a0\u00a0\u00a0\u00a0\u00a0\u00a0\u00a0 GRANULOS DISPERSABLES (WG)<\/p>\n<p>Es un fungist\u00e1tico sist\u00e9mico de aplicaci\u00f3n foliar, a base de fosfito de potasio, que aplicado preventivamente o acompa\u00f1ado por el fungicida, maximiza el control y la residualidad de sus aplicaciones.<\/p>\n<p>Mayor rendimiento de granos y frutos ya que apoya directamente al control y la prevenci\u00f3n natural de enfermedades f\u00fangicas, como las de fin de ciclo y roya asi\u00e1tica en soya, as\u00ed como mildiu y podredumbre en diferentes cultivos.<\/p>\n<p>Presentaci\u00f3n: \u00a0500 Grs y 5 Kg.[\/vc_column_text]<div id=\"wd-698c8ce712573\" class=\" wd-rs-698c8ce712573 vc_custom_1770818797320 wd-button-wrapper text-center\"><a href=\"https:\/\/agroinco.com.bo\/website\/wp-content\/uploads\/2026\/02\/Phosphilux-ficha-tec.pdf\" title=\"\" target=\"_blank\" class=\"btn btn-style-3d btn-shape-rectangle btn-size-default\">DESCARGAR PDF<\/a><\/div>[\/vc_column][\/vc_row]<\/p>\n<\/div>","protected":false},"excerpt":{"rendered":"<p>Es un fertilizante foliar diferenciado, ya que solo posee tecnolog\u00eda capaz de reunir en un solo producto: gr\u00e1nulos dispersables en agua, alta concentraci\u00f3n de activos (00-00-36), presencia de s\u00edlice y pH ideal para mezclar con fungicidas. Tiene acci\u00f3n sist\u00e9mica, con r\u00e1pida absorci\u00f3n por parte de la planta.<br \/>\nFOSFITO DE POTASIO P(54%) + K(36%) WG<\/p>\n","protected":false},"featured_media":10918,"template":"","meta":[],"product_brand":[],"product_cat":[85],"product_tag":[270,407,364,287],"class_list":{"0":"post-10916","1":"product","2":"type-product","3":"status-publish","4":"has-post-thumbnail","6":"product_cat-fertilizantes-bioestimulantes","7":"product_tag-enfermedades","8":"product_tag-mildiu","9":"product_tag-roya","10":"product_tag-soya","12":"first","13":"instock","14":"shipping-taxable","15":"product-type-simple"},"_links":{"self":[{"href":"https:\/\/agroinco.com.bo\/website\/wp-json\/wp\/v2\/product\/10916","targetHints":{"allow":["GET"]}}],"collection":[{"href":"https:\/\/agroinco.com.bo\/website\/wp-json\/wp\/v2\/product"}],"about":[{"href":"https:\/\/agroinco.com.bo\/website\/wp-json\/wp\/v2\/types\/product"}],"wp:featuredmedia":[{"embeddable":true,"href":"https:\/\/agroinco.com.bo\/website\/wp-json\/wp\/v2\/media\/10918"}],"wp:attachment":[{"href":"https:\/\/agroinco.com.bo\/website\/wp-json\/wp\/v2\/media?parent=10916"}],"wp:term":[{"taxonomy":"product_brand","embeddable":true,"href":"https:\/\/agroinco.com.bo\/website\/wp-json\/wp\/v2\/product_brand?post=10916"},{"taxonomy":"product_cat","embeddable":true,"href":"https:\/\/agroinco.com.bo\/website\/wp-json\/wp\/v2\/product_cat?post=10916"},{"taxonomy":"product_tag","embeddable":true,"href":"https:\/\/agroinco.com.bo\/website\/wp-json\/wp\/v2\/product_tag?post=10916"}],"curies":[{"name":"wp","href":"https:\/\/api.w.org\/{rel}","templated":true}]}}