{"id":10919,"date":"2026-02-11T15:17:33","date_gmt":"2026-02-11T14:17:33","guid":{"rendered":"https:\/\/agroinco.com.bo\/website\/?post_type=product&#038;p=10919"},"modified":"2026-02-11T15:17:33","modified_gmt":"2026-02-11T14:17:33","slug":"nitrovell-plus","status":"publish","type":"product","link":"https:\/\/agroinco.com.bo\/website\/producto\/nitrovell-plus\/","title":{"rendered":"NITROVELL PLUS"},"content":{"rendered":"<div class=\"wpb-content-wrapper\"><p>[vc_row][vc_column][vc_column_text css=\u00bb\u00bb woodmart_inline=\u00bbno\u00bb text_larger=\u00bbno\u00bb]Tipo de producto:\u00a0\u00a0\u00a0\u00a0\u00a0\u00a0\u00a0\u00a0\u00a0\u00a0 FERTILIZANTE<\/p>\n<p>Principios Activos:\u00a0\u00a0\u00a0\u00a0\u00a0\u00a0\u00a0\u00a0\u00a0\u00a0 NITROGENO 20% P\/P, ZINC 12,8 % P\/P, AMINOACIDOS LIBRES 8% P\/P<\/p>\n<p>Formulaci\u00f3n:\u00a0\u00a0\u00a0\u00a0\u00a0\u00a0\u00a0\u00a0\u00a0\u00a0\u00a0\u00a0\u00a0\u00a0\u00a0\u00a0\u00a0\u00a0\u00a0\u00a0 LIQUIDO<\/p>\n<p>Es un fertilizante l\u00edquido, vigorizante de nitr\u00f3geno y zinc complejado con amino\u00e1cidos para aplicaci\u00f3n foliar y radicular en cada tipo de cultivos.<\/p>\n<p>Favorece a la formaci\u00f3n y fertilidad del polen y en los procesos de maduraci\u00f3n del fruto, tiene efecto sobre directo en la producci\u00f3n de semillas por ello la deficiencia de zinc tiene mayor efecto en el rendimiento del grano que en el desarrollo vegetativo. Favorece la conservaci\u00f3n y estructura de las membranas celulares y aporta resistencia a la planta frente a pat\u00f3genos.<\/p>\n<p>Nitrovell Plus est\u00e1 especialmente indicado para la aplicaci\u00f3n conjunta de amino\u00e1cidos, nitr\u00f3geno y zinc durante los momentos de estr\u00e9s; tambi\u00e9n, para prevenir los estados carenciales de Zinc con la m\u00e1xima rapidez.<\/p>\n<p>Nitrovell Plus presenta en su formulaci\u00f3n importantes amino\u00e1cidos que participan en los procesos fisiol\u00f3gicos de la planta como: prolina, acido glut\u00e1mico, glicina, alanina, y arginina.<\/p>\n<p>Presentaci\u00f3n:\u00a0 5 Lt.[\/vc_column_text]<div id=\"wd-698c8f6dd85d0\" class=\" wd-rs-698c8f6dd85d0 vc_custom_1770819439104 wd-button-wrapper text-center\"><a href=\"https:\/\/agroinco.com.bo\/website\/wp-content\/uploads\/2026\/02\/Nitrovell-PLUS-ficha-tec.pdf\" title=\"\" target=\"_blank\" class=\"btn btn-style-3d btn-shape-rectangle btn-size-default\">DESCARGAR PDF<\/a><\/div>[\/vc_column][\/vc_row]<\/p>\n<\/div>","protected":false},"excerpt":{"rendered":"<p>[vc_row][vc_column][vc_column_text css=\u00bb\u00bb woodmart_inline=\u00bbno\u00bb text_larger=\u00bbno\u00bb]Tipo de producto:\u00a0\u00a0\u00a0\u00a0\u00a0\u00a0\u00a0\u00a0\u00a0\u00a0 FERTILIZANTE Principios Activos:\u00a0\u00a0\u00a0\u00a0\u00a0\u00a0\u00a0\u00a0\u00a0\u00a0 NITROGENO 20% P\/P, ZINC 12,8 % P\/P, AMINOACIDOS LIBRES 8% P\/P<\/p>\n","protected":false},"featured_media":10921,"template":"","meta":[],"product_brand":[],"product_cat":[85],"product_tag":[260,219,408],"class_list":{"0":"post-10919","1":"product","2":"type-product","3":"status-publish","4":"has-post-thumbnail","6":"product_cat-fertilizantes-bioestimulantes","7":"product_tag-cultivos","8":"product_tag-fertilizante","9":"product_tag-zinc","11":"first","12":"instock","13":"shipping-taxable","14":"product-type-simple"},"_links":{"self":[{"href":"https:\/\/agroinco.com.bo\/website\/wp-json\/wp\/v2\/product\/10919","targetHints":{"allow":["GET"]}}],"collection":[{"href":"https:\/\/agroinco.com.bo\/website\/wp-json\/wp\/v2\/product"}],"about":[{"href":"https:\/\/agroinco.com.bo\/website\/wp-json\/wp\/v2\/types\/product"}],"wp:featuredmedia":[{"embeddable":true,"href":"https:\/\/agroinco.com.bo\/website\/wp-json\/wp\/v2\/media\/10921"}],"wp:attachment":[{"href":"https:\/\/agroinco.com.bo\/website\/wp-json\/wp\/v2\/media?parent=10919"}],"wp:term":[{"taxonomy":"product_brand","embeddable":true,"href":"https:\/\/agroinco.com.bo\/website\/wp-json\/wp\/v2\/product_brand?post=10919"},{"taxonomy":"product_cat","embeddable":true,"href":"https:\/\/agroinco.com.bo\/website\/wp-json\/wp\/v2\/product_cat?post=10919"},{"taxonomy":"product_tag","embeddable":true,"href":"https:\/\/agroinco.com.bo\/website\/wp-json\/wp\/v2\/product_tag?post=10919"}],"curies":[{"name":"wp","href":"https:\/\/api.w.org\/{rel}","templated":true}]}}