{"id":10932,"date":"2026-02-11T15:49:09","date_gmt":"2026-02-11T14:49:09","guid":{"rendered":"https:\/\/agroinco.com.bo\/website\/?post_type=product&#038;p=10932"},"modified":"2026-02-11T15:49:10","modified_gmt":"2026-02-11T14:49:10","slug":"ajifol-cabnk-amino","status":"publish","type":"product","link":"https:\/\/agroinco.com.bo\/website\/producto\/ajifol-cabnk-amino\/","title":{"rendered":"AJIFOL CABNK AMINO"},"content":{"rendered":"<div class=\"wpb-content-wrapper\"><p>[vc_row][vc_column][vc_column_text css=\u00bb\u00bb woodmart_inline=\u00bbno\u00bb text_larger=\u00bbno\u00bb]Tipo de producto:\u00a0\u00a0\u00a0\u00a0\u00a0\u00a0\u00a0\u00a0\u00a0\u00a0 FERTILIZANTE<\/p>\n<p>Principios Activos:\u00a0\u00a0\u00a0\u00a0\u00a0\u00a0\u00a0\u00a0\u00a0\u00a0 Ca 6%, B 2%, N 6%, K2O 2%, \u00c1cido Glutam\u00ednico 5%.<\/p>\n<p>Formulaci\u00f3n:\u00a0\u00a0\u00a0\u00a0 LIQUIDO<\/p>\n<p>Fertilizante con amino\u00e1cidos (Calcio, Boro, Nitr\u00f3geno, Potasio y Amino\u00e1cidos) con efecto cuadyuvante y humectante.<\/p>\n<p>Ventajas de utilizar Ajifol CaBNK amino: Es un agente quelatante, Reduce el estr\u00e9s, Ayuda a la polinizaci\u00f3n y mejora la calidad de los frutos.<\/p>\n<p>Presentaci\u00f3n: 500 Ml y 5 Lt[\/vc_column_text]<div id=\"wd-698c96beb2257\" class=\" wd-rs-698c96beb2257 vc_custom_1770821312696 wd-button-wrapper text-center\"><a href=\"https:\/\/agroinco.com.bo\/website\/wp-content\/uploads\/2026\/02\/Ajifol-CaBn-ficha-tec.pdf\" title=\"\" target=\"_blank\" class=\"btn btn-style-3d btn-shape-rectangle btn-size-default\">DESCARGAR PDF<\/a><\/div>[\/vc_column][\/vc_row]<\/p>\n<\/div>","protected":false},"excerpt":{"rendered":"<p>Fertilizante con amino\u00e1cidos.<br \/>\nCa(6%) + B(2%) + N(6%) + K(2%) + Acido Glutamico(5%)<\/p>\n","protected":false},"featured_media":10934,"template":"","meta":[],"product_brand":[],"product_cat":[85],"product_tag":[416,417,413,395,330,393,405],"class_list":{"0":"post-10932","1":"product","2":"type-product","3":"status-publish","4":"has-post-thumbnail","6":"product_cat-fertilizantes-bioestimulantes","7":"product_tag-boro","8":"product_tag-calcio","9":"product_tag-calidad-del-fruto","10":"product_tag-estres","11":"product_tag-fertilizantes","12":"product_tag-raices","13":"product_tag-rendimiento","15":"first","16":"instock","17":"shipping-taxable","18":"product-type-simple"},"_links":{"self":[{"href":"https:\/\/agroinco.com.bo\/website\/wp-json\/wp\/v2\/product\/10932","targetHints":{"allow":["GET"]}}],"collection":[{"href":"https:\/\/agroinco.com.bo\/website\/wp-json\/wp\/v2\/product"}],"about":[{"href":"https:\/\/agroinco.com.bo\/website\/wp-json\/wp\/v2\/types\/product"}],"wp:featuredmedia":[{"embeddable":true,"href":"https:\/\/agroinco.com.bo\/website\/wp-json\/wp\/v2\/media\/10934"}],"wp:attachment":[{"href":"https:\/\/agroinco.com.bo\/website\/wp-json\/wp\/v2\/media?parent=10932"}],"wp:term":[{"taxonomy":"product_brand","embeddable":true,"href":"https:\/\/agroinco.com.bo\/website\/wp-json\/wp\/v2\/product_brand?post=10932"},{"taxonomy":"product_cat","embeddable":true,"href":"https:\/\/agroinco.com.bo\/website\/wp-json\/wp\/v2\/product_cat?post=10932"},{"taxonomy":"product_tag","embeddable":true,"href":"https:\/\/agroinco.com.bo\/website\/wp-json\/wp\/v2\/product_tag?post=10932"}],"curies":[{"name":"wp","href":"https:\/\/api.w.org\/{rel}","templated":true}]}}