{"id":10943,"date":"2026-02-11T16:09:48","date_gmt":"2026-02-11T15:09:48","guid":{"rendered":"https:\/\/agroinco.com.bo\/website\/?post_type=product&#038;p=10943"},"modified":"2026-03-27T16:56:04","modified_gmt":"2026-03-27T15:56:04","slug":"rhizoflo-premium-soya","status":"publish","type":"product","link":"https:\/\/agroinco.com.bo\/website\/producto\/rhizoflo-premium-soya\/","title":{"rendered":"RHIZOFLO PREMIUM SOYA"},"content":{"rendered":"<div class=\"wpb-content-wrapper\"><p>[vc_row][vc_column][vc_column_text css=\u00bb\u00bb woodmart_inline=\u00bbno\u00bb text_larger=\u00bbno\u00bb]Es un biofertilizante a base a dos microorganismos promotores de crecimiento vegetal, lo que luego se refleja en un mayor rendimiento.<\/p>\n<p>Azospirillum brasilenses: Aporta nitr\u00f3geno, promueve mayor desarrollo radicular y vegetativo, mejora la respuesta del cultivo a factores de estr\u00e9s.<\/p>\n<p>Pseudoma fluorecens: facilita una \u00f3ptima solubilizaci\u00f3n del f\u00f3sforo, estimula el crecimiento y brinda protecci\u00f3n fitosanitaria. (Acci\u00f3n Antibi\u00f3tica)[\/vc_column_text]<div id=\"wd-698c9b8c3d8bf\" class=\" wd-rs-698c9b8c3d8bf vc_custom_1770822543097 wd-button-wrapper text-center\"><a href=\"https:\/\/agroinco.com.bo\/website\/wp-content\/uploads\/2026\/02\/Rhizoflo-premium-soya-ficha-tec.pdf\" title=\"\" target=\"_blank\" class=\"btn btn-style-3d btn-shape-rectangle btn-size-default\">DESCARGAR PDF<\/a><\/div>[\/vc_column][\/vc_row]<\/p>\n<\/div>","protected":false},"excerpt":{"rendered":"<p>[vc_row][vc_column][vc_column_text css=\u00bb\u00bb woodmart_inline=\u00bbno\u00bb text_larger=\u00bbno\u00bb]Es un biofertilizante a base a dos microorganismos promotores de crecimiento vegetal, lo que luego se refleja<\/p>\n","protected":false},"featured_media":10945,"template":"","meta":[],"product_brand":[],"product_cat":[89],"product_tag":[245,426,260,427,151,287],"class_list":{"0":"post-10943","1":"product","2":"type-product","3":"status-publish","4":"has-post-thumbnail","6":"product_cat-tratamiento-de-semilla","7":"product_tag-agricola","8":"product_tag-azospirillum","9":"product_tag-cultivos","10":"product_tag-pseudomona","11":"product_tag-semilla","12":"product_tag-soya","14":"first","15":"instock","16":"shipping-taxable","17":"product-type-simple"},"_links":{"self":[{"href":"https:\/\/agroinco.com.bo\/website\/wp-json\/wp\/v2\/product\/10943","targetHints":{"allow":["GET"]}}],"collection":[{"href":"https:\/\/agroinco.com.bo\/website\/wp-json\/wp\/v2\/product"}],"about":[{"href":"https:\/\/agroinco.com.bo\/website\/wp-json\/wp\/v2\/types\/product"}],"wp:featuredmedia":[{"embeddable":true,"href":"https:\/\/agroinco.com.bo\/website\/wp-json\/wp\/v2\/media\/10945"}],"wp:attachment":[{"href":"https:\/\/agroinco.com.bo\/website\/wp-json\/wp\/v2\/media?parent=10943"}],"wp:term":[{"taxonomy":"product_brand","embeddable":true,"href":"https:\/\/agroinco.com.bo\/website\/wp-json\/wp\/v2\/product_brand?post=10943"},{"taxonomy":"product_cat","embeddable":true,"href":"https:\/\/agroinco.com.bo\/website\/wp-json\/wp\/v2\/product_cat?post=10943"},{"taxonomy":"product_tag","embeddable":true,"href":"https:\/\/agroinco.com.bo\/website\/wp-json\/wp\/v2\/product_tag?post=10943"}],"curies":[{"name":"wp","href":"https:\/\/api.w.org\/{rel}","templated":true}]}}