{"id":10956,"date":"2026-02-11T16:27:02","date_gmt":"2026-02-11T15:27:02","guid":{"rendered":"https:\/\/agroinco.com.bo\/website\/?post_type=product&#038;p=10956"},"modified":"2026-02-11T16:27:03","modified_gmt":"2026-02-11T15:27:03","slug":"orobor","status":"publish","type":"product","link":"https:\/\/agroinco.com.bo\/website\/producto\/orobor\/","title":{"rendered":"OROBOR"},"content":{"rendered":"<div class=\"wpb-content-wrapper\"><p>[vc_row][vc_column][vc_column_text css=\u00bb\u00bb woodmart_inline=\u00bbno\u00bb text_larger=\u00bbno\u00bb]Tipo de producto:\u00a0 \u00a0 \u00a0 \u00a0 \u00a0 \u00a0COADYUVANTE<\/p>\n<p>Principios Activos:\u00a0\u00a0\u00a0\u00a0\u00a0\u00a0\u00a0\u00a0\u00a0\u00a0 ALCOHOL ETOXILADO<\/p>\n<p>Formulaci\u00f3n:\u00a0\u00a0\u00a0\u00a0\u00a0\u00a0\u00a0\u00a0\u00a0\u00a0\u00a0\u00a0\u00a0\u00a0\u00a0\u00a0\u00a0\u00a0\u00a0\u00a0 CONSENTRADO SOLUBLE<\/p>\n<p>Reduce la tensi\u00f3n superficial: Incrementa la superficie de contacto llegando a lugares de dif\u00edcil acceso en las hojas.<\/p>\n<p>Humectante: Modifica la estructura cerosa que se encuentra en los orificios de las hojas, facilitando la penetraci\u00f3n.<\/p>\n<p>Adherente: Promueve una mejor distribuci\u00f3n de las mol\u00e9culas de agua y los agroqu\u00edmicos de la aspersi\u00f3n.<\/p>\n<p>Dispersante: Mejora la distribuci\u00f3n de la aspersi\u00f3n sobre la superficie del cultivo<\/p>\n<p>Biodegradable: No deja residuos t\u00f3xicos ni se acumula en los organismos vivos<\/p>\n<p>Penetraci\u00f3n: M\u00e1s r\u00e1pida penetraci\u00f3n y efecto de sus productos aplicados, menos p\u00e9rdida por viento, lluvia o evaporaci\u00f3n.<\/p>\n<p>Presentaci\u00f3n: 4 Lts[\/vc_column_text]<div id=\"wd-698c9f9c53de3\" class=\" wd-rs-698c9f9c53de3 vc_custom_1770823585249 wd-button-wrapper text-center\"><a href=\"https:\/\/agroinco.com.bo\/website\/wp-content\/uploads\/2026\/02\/Orobor-ficha-tec.pdf\" title=\"\" target=\"_blank\" class=\"btn btn-style-3d btn-shape-rectangle btn-size-default\">DESCARGAR PDF<\/a><\/div>[\/vc_column][\/vc_row]<\/p>\n<\/div>","protected":false},"excerpt":{"rendered":"<p>Coadyuvante a base de aceite de naranja.<\/p>\n","protected":false},"featured_media":10958,"template":"","meta":[],"product_brand":[],"product_cat":[84],"product_tag":[430,431,432,433,400,206,434],"class_list":{"0":"post-10956","1":"product","2":"type-product","3":"status-publish","4":"has-post-thumbnail","6":"product_cat-coadyuvantes","7":"product_tag-adherente","8":"product_tag-aplicacion-foliar","9":"product_tag-aplicaciones","10":"product_tag-coadyuvantes","11":"product_tag-foliar","12":"product_tag-fumigacion","13":"product_tag-tension-superficial","15":"first","16":"instock","17":"shipping-taxable","18":"product-type-simple"},"_links":{"self":[{"href":"https:\/\/agroinco.com.bo\/website\/wp-json\/wp\/v2\/product\/10956","targetHints":{"allow":["GET"]}}],"collection":[{"href":"https:\/\/agroinco.com.bo\/website\/wp-json\/wp\/v2\/product"}],"about":[{"href":"https:\/\/agroinco.com.bo\/website\/wp-json\/wp\/v2\/types\/product"}],"wp:featuredmedia":[{"embeddable":true,"href":"https:\/\/agroinco.com.bo\/website\/wp-json\/wp\/v2\/media\/10958"}],"wp:attachment":[{"href":"https:\/\/agroinco.com.bo\/website\/wp-json\/wp\/v2\/media?parent=10956"}],"wp:term":[{"taxonomy":"product_brand","embeddable":true,"href":"https:\/\/agroinco.com.bo\/website\/wp-json\/wp\/v2\/product_brand?post=10956"},{"taxonomy":"product_cat","embeddable":true,"href":"https:\/\/agroinco.com.bo\/website\/wp-json\/wp\/v2\/product_cat?post=10956"},{"taxonomy":"product_tag","embeddable":true,"href":"https:\/\/agroinco.com.bo\/website\/wp-json\/wp\/v2\/product_tag?post=10956"}],"curies":[{"name":"wp","href":"https:\/\/api.w.org\/{rel}","templated":true}]}}