{"id":10959,"date":"2026-02-11T16:30:15","date_gmt":"2026-02-11T15:30:15","guid":{"rendered":"https:\/\/agroinco.com.bo\/website\/?post_type=product&#038;p=10959"},"modified":"2026-02-11T16:30:15","modified_gmt":"2026-02-11T15:30:15","slug":"ajifol-plus","status":"publish","type":"product","link":"https:\/\/agroinco.com.bo\/website\/producto\/ajifol-plus\/","title":{"rendered":"AJIFOL PLUS"},"content":{"rendered":"<div class=\"wpb-content-wrapper\"><p>[vc_row][vc_column][vc_column_text css=\u00bb\u00bb woodmart_inline=\u00bbno\u00bb text_larger=\u00bbno\u00bb]Tipo de producto:\u00a0\u00a0\u00a0\u00a0\u00a0\u00a0\u00a0\u00a0\u00a0\u00a0 FERTILIZANTE<\/p>\n<p>Principios Activos:\u00a0\u00a0\u00a0\u00a0\u00a0\u00a0\u00a0\u00a0\u00a0\u00a0 N 10%, P 8%, K 8%, S 1,5%, Zn 1%,Mn 0,5%, B 0,5%, Aminoacidos 1,5%.<\/p>\n<p>Formulaci\u00f3n:\u00a0\u00a0\u00a0\u00a0\u00a0\u00a0\u00a0\u00a0\u00a0\u00a0\u00a0\u00a0\u00a0\u00a0\u00a0\u00a0\u00a0\u00a0\u00a0\u00a0 LIQUIDO<\/p>\n<p>Contiene elementos nutritivos que estimulan los procesos de metabolismo de las plantas como el desarrollo radicular, floraci\u00f3n, s\u00edntesis y transporte de carbohidratos y prote\u00ednas. Puede ser aplicado durante sus diferentes etapas de crecimiento, desarrollo y reproducci\u00f3n<\/p>\n<p>Bioestimulante foliar con regulador de pH<\/p>\n<p>Contiene manganeso que evita el amarillamiento de la soya por efecto del glifosato.<\/p>\n<p>Gracias al efecto regulador de pH, este producto potencializa la acci\u00f3n del glifosato sobre la maleza, elimin\u00e1ndola por completo.<\/p>\n<p>Presentaci\u00f3n: 500 Ml, 1 Lt y 5 Lt.[\/vc_column_text]<div id=\"wd-698ca0708b03f\" class=\" wd-rs-698ca0708b03f vc_custom_1770823794441 wd-button-wrapper text-center\"><a href=\"https:\/\/agroinco.com.bo\/website\/wp-content\/uploads\/2026\/02\/Ajifol-Plus-ficha-tec.pdf\" title=\"\" target=\"_blank\" class=\"btn btn-style-3d btn-shape-rectangle btn-size-default\">DESCARGAR PDF<\/a><\/div>[\/vc_column][\/vc_row]<\/p>\n<\/div>","protected":false},"excerpt":{"rendered":"<p>Fertilizante con regulador de PH.<br \/>\nNPK(10%) + S(8%) + Zn(8%) + Mn(1.2%) + B(1%) + Aminoacidos(0.5%)<\/p>\n","protected":false},"featured_media":10961,"template":"","meta":[],"product_brand":[],"product_cat":[85],"product_tag":[412,219,405,287],"class_list":{"0":"post-10959","1":"product","2":"type-product","3":"status-publish","4":"has-post-thumbnail","6":"product_cat-fertilizantes-bioestimulantes","7":"product_tag-bioestimulante","8":"product_tag-fertilizante","9":"product_tag-rendimiento","10":"product_tag-soya","12":"first","13":"instock","14":"shipping-taxable","15":"product-type-simple"},"_links":{"self":[{"href":"https:\/\/agroinco.com.bo\/website\/wp-json\/wp\/v2\/product\/10959","targetHints":{"allow":["GET"]}}],"collection":[{"href":"https:\/\/agroinco.com.bo\/website\/wp-json\/wp\/v2\/product"}],"about":[{"href":"https:\/\/agroinco.com.bo\/website\/wp-json\/wp\/v2\/types\/product"}],"wp:featuredmedia":[{"embeddable":true,"href":"https:\/\/agroinco.com.bo\/website\/wp-json\/wp\/v2\/media\/10961"}],"wp:attachment":[{"href":"https:\/\/agroinco.com.bo\/website\/wp-json\/wp\/v2\/media?parent=10959"}],"wp:term":[{"taxonomy":"product_brand","embeddable":true,"href":"https:\/\/agroinco.com.bo\/website\/wp-json\/wp\/v2\/product_brand?post=10959"},{"taxonomy":"product_cat","embeddable":true,"href":"https:\/\/agroinco.com.bo\/website\/wp-json\/wp\/v2\/product_cat?post=10959"},{"taxonomy":"product_tag","embeddable":true,"href":"https:\/\/agroinco.com.bo\/website\/wp-json\/wp\/v2\/product_tag?post=10959"}],"curies":[{"name":"wp","href":"https:\/\/api.w.org\/{rel}","templated":true}]}}