{"id":10968,"date":"2026-02-11T16:48:57","date_gmt":"2026-02-11T15:48:57","guid":{"rendered":"https:\/\/agroinco.com.bo\/website\/?post_type=product&#038;p=10968"},"modified":"2026-03-28T00:32:19","modified_gmt":"2026-03-27T23:32:19","slug":"trampa-adhesiva-para-roedores","status":"publish","type":"product","link":"https:\/\/agroinco.com.bo\/website\/producto\/trampa-adhesiva-para-roedores\/","title":{"rendered":"TRAMPA ADHESIVA PARA ROEDORES"},"content":{"rendered":"<div class=\"wpb-content-wrapper\"><p>[vc_row][vc_column][vc_column_text css=\u00bb\u00bb woodmart_inline=\u00bbno\u00bb text_larger=\u00bbno\u00bb]La trampa para ratones adhesiva premium presenta un nuevo dise\u00f1o, con una parte frontal y trasera independientes, lo que crea dos trampas que pueden usarse dentro del t\u00fanel o en la caja de cebo. Es un m\u00e9todo sin veneno para controlar roedores, insectos rastreros y peque\u00f1os invasores, ideal para usar en zonas donde no se recomienda el uso de venenos. Su f\u00f3rmula superadhesiva con atrayente los mantiene adheridos, impidiendo que escapen.[\/vc_column_text]<div id=\"wd-69c7135566ad1\" class=\" wd-rs-69c7135566ad1 vc_custom_1774654331929 wd-button-wrapper text-center\"><a href=\"https:\/\/agroinco.com.bo\/website\/wp-content\/uploads\/2026\/02\/AGROFENTHRIN-ficha-tec-1.pdf\" title=\"\" target=\"_blank\" class=\"btn btn-style-3d btn-shape-rectangle btn-size-default\">GO<\/a><\/div>[\/vc_column][\/vc_row]<\/p>\n<\/div>","protected":false},"excerpt":{"rendered":"<p>[vc_row][vc_column][vc_column_text css=\u00bb\u00bb woodmart_inline=\u00bbno\u00bb text_larger=\u00bbno\u00bb]La trampa para ratones adhesiva premium presenta un nuevo dise\u00f1o, con una parte frontal y trasera independientes,<\/p>\n","protected":false},"featured_media":10970,"template":"","meta":[],"product_brand":[],"product_cat":[113],"product_tag":[436,437,438,439],"class_list":{"0":"post-10968","1":"product","2":"type-product","3":"status-publish","4":"has-post-thumbnail","6":"product_cat-control-roedores","7":"product_tag-control-roedores","8":"product_tag-ratas","9":"product_tag-ratones","10":"product_tag-trampas","12":"first","13":"instock","14":"shipping-taxable","15":"product-type-simple"},"_links":{"self":[{"href":"https:\/\/agroinco.com.bo\/website\/wp-json\/wp\/v2\/product\/10968","targetHints":{"allow":["GET"]}}],"collection":[{"href":"https:\/\/agroinco.com.bo\/website\/wp-json\/wp\/v2\/product"}],"about":[{"href":"https:\/\/agroinco.com.bo\/website\/wp-json\/wp\/v2\/types\/product"}],"wp:featuredmedia":[{"embeddable":true,"href":"https:\/\/agroinco.com.bo\/website\/wp-json\/wp\/v2\/media\/10970"}],"wp:attachment":[{"href":"https:\/\/agroinco.com.bo\/website\/wp-json\/wp\/v2\/media?parent=10968"}],"wp:term":[{"taxonomy":"product_brand","embeddable":true,"href":"https:\/\/agroinco.com.bo\/website\/wp-json\/wp\/v2\/product_brand?post=10968"},{"taxonomy":"product_cat","embeddable":true,"href":"https:\/\/agroinco.com.bo\/website\/wp-json\/wp\/v2\/product_cat?post=10968"},{"taxonomy":"product_tag","embeddable":true,"href":"https:\/\/agroinco.com.bo\/website\/wp-json\/wp\/v2\/product_tag?post=10968"}],"curies":[{"name":"wp","href":"https:\/\/api.w.org\/{rel}","templated":true}]}}