{"id":10974,"date":"2026-02-11T16:56:36","date_gmt":"2026-02-11T15:56:36","guid":{"rendered":"https:\/\/agroinco.com.bo\/website\/?post_type=product&#038;p=10974"},"modified":"2026-03-27T16:38:36","modified_gmt":"2026-03-27T15:38:36","slug":"caja-cebadera-control-box","status":"publish","type":"product","link":"https:\/\/agroinco.com.bo\/website\/producto\/caja-cebadera-control-box\/","title":{"rendered":"CAJA CEBADERA CONTROL BOX"},"content":{"rendered":"<div class=\"wpb-content-wrapper\"><p>[vc_row][vc_column][vc_column_text css=\u00bb\u00bb woodmart_inline=\u00bbno\u00bb text_larger=\u00bbno\u00bb]La caja cebadera control box es la forma m\u00e1s segura de utilizar cebos granulados, rodenticida en bloque de parafina, trampa mec\u00e1nica y tabla adhesiva. Adem\u00e1s de proteger de la lluvia y el sol, no permite que los animales dom\u00e9sticos y los ni\u00f1os tengan contacto con el veneno. Se puede utilizar en interiores o exteriores. Ideal para colocar en la base de paredes y muros.<br \/>\nDimensiones W x D x H (cm): 20,5 x 20 x 10,1.<br \/>\nPeso: 185 g.[\/vc_column_text][\/vc_column][\/vc_row]<\/p>\n<\/div>","protected":false},"excerpt":{"rendered":"<p>Hecha de polipropileno que es un pol\u00edmero, m\u00e1s precisamente un termopl\u00e1stico, derivado de propeno o propileno.<\/p>\n","protected":false},"featured_media":10975,"template":"","meta":[],"product_brand":[],"product_cat":[113],"product_tag":[441,442,436,443,444],"class_list":{"0":"post-10974","1":"product","2":"type-product","3":"status-publish","4":"has-post-thumbnail","6":"product_cat-control-roedores","7":"product_tag-cebos","8":"product_tag-control-plagas","9":"product_tag-control-roedores","10":"product_tag-soporte-de-cebo","11":"product_tag-trampa-adhesiva","13":"first","14":"outofstock","15":"shipping-taxable","16":"product-type-simple"},"_links":{"self":[{"href":"https:\/\/agroinco.com.bo\/website\/wp-json\/wp\/v2\/product\/10974","targetHints":{"allow":["GET"]}}],"collection":[{"href":"https:\/\/agroinco.com.bo\/website\/wp-json\/wp\/v2\/product"}],"about":[{"href":"https:\/\/agroinco.com.bo\/website\/wp-json\/wp\/v2\/types\/product"}],"wp:featuredmedia":[{"embeddable":true,"href":"https:\/\/agroinco.com.bo\/website\/wp-json\/wp\/v2\/media\/10975"}],"wp:attachment":[{"href":"https:\/\/agroinco.com.bo\/website\/wp-json\/wp\/v2\/media?parent=10974"}],"wp:term":[{"taxonomy":"product_brand","embeddable":true,"href":"https:\/\/agroinco.com.bo\/website\/wp-json\/wp\/v2\/product_brand?post=10974"},{"taxonomy":"product_cat","embeddable":true,"href":"https:\/\/agroinco.com.bo\/website\/wp-json\/wp\/v2\/product_cat?post=10974"},{"taxonomy":"product_tag","embeddable":true,"href":"https:\/\/agroinco.com.bo\/website\/wp-json\/wp\/v2\/product_tag?post=10974"}],"curies":[{"name":"wp","href":"https:\/\/api.w.org\/{rel}","templated":true}]}}