{"id":10984,"date":"2026-02-11T17:20:09","date_gmt":"2026-02-11T16:20:09","guid":{"rendered":"https:\/\/agroinco.com.bo\/website\/?post_type=product&#038;p=10984"},"modified":"2026-02-11T17:20:09","modified_gmt":"2026-02-11T16:20:09","slug":"a-117-trampa-de-pegamento-para-insectos-voladores","status":"publish","type":"product","link":"https:\/\/agroinco.com.bo\/website\/producto\/a-117-trampa-de-pegamento-para-insectos-voladores\/","title":{"rendered":"A-117\u2013 TRAMPA DE PEGAMENTO PARA INSECTOS VOLADORES"},"content":{"rendered":"<div class=\"wpb-content-wrapper\"><p>[vc_row][vc_column][vc_column_text css=\u00bb\u00bb woodmart_inline=\u00bbno\u00bb text_larger=\u00bbno\u00bb]Trampas de goma para captura de insectos voladores, ideal para ser utilizada en equipos de luz UV-A atrapa insectos.<\/p>\n<p>Libre de feromonas y con una formulaci\u00f3n especial en la goma que permite capturar efectivamente al insecto volador. Puedes elegir entre nuestra variedad de colores dependiendo a la necesidad de su uso: R\u00e1pida identificaci\u00f3n de plaga, discreci\u00f3n o m\u00e1s visibilidad.<\/p>\n<p>La trampa cuenta con una l\u00ednea punteada por el medio para hacer la separaci\u00f3n en dos partes en caso de ser necesario y adaptarse al equipo deseado, tambi\u00e9n cuenta con una cuadr\u00edcula que hace que el conteo de los insectos sea m\u00e1s r\u00e1pido y f\u00e1cil.[\/vc_column_text][\/vc_column][\/vc_row]<\/p>\n<\/div>","protected":false},"excerpt":{"rendered":"<p>A-117\u2013 Trampa de pegamento para insectos voladores<\/p>\n","protected":false},"featured_media":10985,"template":"","meta":[],"product_brand":[],"product_cat":[112],"product_tag":[450,451,452,326,453,454,439],"class_list":{"0":"post-10984","1":"product","2":"type-product","3":"status-publish","4":"has-post-thumbnail","6":"product_cat-control-moscas","7":"product_tag-alimentos","8":"product_tag-cafe","9":"product_tag-catering","10":"product_tag-moscas","11":"product_tag-oficinas","12":"product_tag-restaurantes","13":"product_tag-trampas","15":"first","16":"instock","17":"shipping-taxable","18":"product-type-simple"},"_links":{"self":[{"href":"https:\/\/agroinco.com.bo\/website\/wp-json\/wp\/v2\/product\/10984","targetHints":{"allow":["GET"]}}],"collection":[{"href":"https:\/\/agroinco.com.bo\/website\/wp-json\/wp\/v2\/product"}],"about":[{"href":"https:\/\/agroinco.com.bo\/website\/wp-json\/wp\/v2\/types\/product"}],"wp:featuredmedia":[{"embeddable":true,"href":"https:\/\/agroinco.com.bo\/website\/wp-json\/wp\/v2\/media\/10985"}],"wp:attachment":[{"href":"https:\/\/agroinco.com.bo\/website\/wp-json\/wp\/v2\/media?parent=10984"}],"wp:term":[{"taxonomy":"product_brand","embeddable":true,"href":"https:\/\/agroinco.com.bo\/website\/wp-json\/wp\/v2\/product_brand?post=10984"},{"taxonomy":"product_cat","embeddable":true,"href":"https:\/\/agroinco.com.bo\/website\/wp-json\/wp\/v2\/product_cat?post=10984"},{"taxonomy":"product_tag","embeddable":true,"href":"https:\/\/agroinco.com.bo\/website\/wp-json\/wp\/v2\/product_tag?post=10984"}],"curies":[{"name":"wp","href":"https:\/\/api.w.org\/{rel}","templated":true}]}}