{"id":11004,"date":"2026-02-11T18:55:27","date_gmt":"2026-02-11T17:55:27","guid":{"rendered":"https:\/\/agroinco.com.bo\/website\/?post_type=product&#038;p=11004"},"modified":"2026-02-11T18:55:27","modified_gmt":"2026-02-11T17:55:27","slug":"pulverizador-electrico-keeper-forest-1-2","status":"publish","type":"product","link":"https:\/\/agroinco.com.bo\/website\/producto\/pulverizador-electrico-keeper-forest-1-2\/","title":{"rendered":"PULVERIZADOR EL\u00c9CTRICO KEEPER FOREST 1"},"content":{"rendered":"<div class=\"wpb-content-wrapper\"><p>[vc_row][vc_column][vc_column_text css=\u00bb\u00bb woodmart_inline=\u00bbno\u00bb text_larger=\u00bbno\u00bb]<\/p>\n<h4><strong>DESCRIPCI\u00d3N DEL PULVERIZADOR EL\u00c9CTRICO<\/strong><\/h4>\n<p>Pulverizador el\u00e9ctrico para el jard\u00edn Keeper Forest 1, con dep\u00f3sito de 1 litro y recarga mediante cable USB.<\/p>\n<h4><strong>CARACTER\u00cdSTICAS DEL KEEPER FOREST 1<\/strong><\/h4>\n<p>&#8211; Dep\u00f3sito de 1 litro<br \/>\n&#8211; Ergonom\u00eda<br \/>\n&#8211; Bater\u00eda de litio<br \/>\n&#8211; Cargador mediante cable USB<br \/>\n&#8211; Pulverizaci\u00f3n por nebulizaci\u00f3n, ajustable<br \/>\n&#8211; Con luz indicadora<br \/>\n&#8211; Visor indicador[\/vc_column_text]<div id=\"wd-698cc2745ac2f\" class=\" wd-rs-698cc2745ac2f vc_custom_1770832501828 wd-button-wrapper text-center\"><a href=\"https:\/\/agroinco.com.bo\/website\/wp-content\/uploads\/2026\/02\/FTCKeeperForest1ES.pdf\" title=\"\" target=\"_blank\" class=\"btn btn-style-3d btn-shape-rectangle btn-size-default\">DESCARGAR PDF<\/a><\/div>[\/vc_column][\/vc_row]<\/p>\n<\/div>","protected":false},"excerpt":{"rendered":"<p>[vc_row][vc_column][vc_column_text css=\u00bb\u00bb woodmart_inline=\u00bbno\u00bb text_larger=\u00bbno\u00bb] DESCRIPCI\u00d3N DEL PULVERIZADOR EL\u00c9CTRICO Pulverizador el\u00e9ctrico para el jard\u00edn Keeper Forest 1, con dep\u00f3sito de 1<\/p>\n","protected":false},"featured_media":11006,"template":"","meta":[],"product_brand":[],"product_cat":[118,127],"product_tag":[204,205,206,207,208,209,210,211,212],"class_list":{"0":"post-11004","1":"product","2":"type-product","3":"status-publish","4":"has-post-thumbnail","6":"product_cat-aplicacion-electrica","7":"product_cat-bateria-y-motor","8":"product_tag-desinfeccion","9":"product_tag-equipos","10":"product_tag-fumigacion","11":"product_tag-fungicida","12":"product_tag-insecticida","13":"product_tag-insectos","14":"product_tag-jardin","15":"product_tag-jardineria","16":"product_tag-pulverizacion","18":"first","19":"instock","20":"shipping-taxable","21":"product-type-simple"},"_links":{"self":[{"href":"https:\/\/agroinco.com.bo\/website\/wp-json\/wp\/v2\/product\/11004","targetHints":{"allow":["GET"]}}],"collection":[{"href":"https:\/\/agroinco.com.bo\/website\/wp-json\/wp\/v2\/product"}],"about":[{"href":"https:\/\/agroinco.com.bo\/website\/wp-json\/wp\/v2\/types\/product"}],"wp:featuredmedia":[{"embeddable":true,"href":"https:\/\/agroinco.com.bo\/website\/wp-json\/wp\/v2\/media\/11006"}],"wp:attachment":[{"href":"https:\/\/agroinco.com.bo\/website\/wp-json\/wp\/v2\/media?parent=11004"}],"wp:term":[{"taxonomy":"product_brand","embeddable":true,"href":"https:\/\/agroinco.com.bo\/website\/wp-json\/wp\/v2\/product_brand?post=11004"},{"taxonomy":"product_cat","embeddable":true,"href":"https:\/\/agroinco.com.bo\/website\/wp-json\/wp\/v2\/product_cat?post=11004"},{"taxonomy":"product_tag","embeddable":true,"href":"https:\/\/agroinco.com.bo\/website\/wp-json\/wp\/v2\/product_tag?post=11004"}],"curies":[{"name":"wp","href":"https:\/\/api.w.org\/{rel}","templated":true}]}}