{"id":11009,"date":"2026-02-11T19:00:23","date_gmt":"2026-02-11T18:00:23","guid":{"rendered":"https:\/\/agroinco.com.bo\/website\/?post_type=product&#038;p=11009"},"modified":"2026-02-11T19:00:23","modified_gmt":"2026-02-11T18:00:23","slug":"bateria-de-litio-pulmic-18-v","status":"publish","type":"product","link":"https:\/\/agroinco.com.bo\/website\/producto\/bateria-de-litio-pulmic-18-v\/","title":{"rendered":"BATER\u00cdA DE LITIO PULMIC 18 V."},"content":{"rendered":"<div class=\"wpb-content-wrapper\"><p>[vc_row][vc_column][vc_column_text css=\u00bb\u00bb woodmart_inline=\u00bbno\u00bb text_larger=\u00bbno\u00bb]Bater\u00eda de litio para los pulverizadores el\u00e9ctricos Pulmic Pegasus 15 y Pulmic industrial 35. Se trata de un acumulador productor de energ\u00eda el\u00e9ctrica recargable con indicador de carga led.[\/vc_column_text]<div id=\"wd-698cc39d6c20e\" class=\" wd-rs-698cc39d6c20e vc_custom_1770832813429 wd-button-wrapper text-center\"><a href=\"https:\/\/agroinco.com.bo\/website\/wp-content\/uploads\/2026\/02\/Bateria-de-litio.pdf\" title=\"\" target=\"_blank\" class=\"btn btn-style-3d btn-shape-rectangle btn-size-default\">DESCARGAR PDF<\/a><\/div>[\/vc_column][\/vc_row]<\/p>\n<\/div>","protected":false},"excerpt":{"rendered":"<p>[vc_row][vc_column][vc_column_text css=\u00bb\u00bb woodmart_inline=\u00bbno\u00bb text_larger=\u00bbno\u00bb]Bater\u00eda de litio para los pulverizadores el\u00e9ctricos Pulmic Pegasus 15 y Pulmic industrial 35. Se trata de<\/p>\n","protected":false},"featured_media":11010,"template":"","meta":[],"product_brand":[],"product_cat":[117],"product_tag":[462,461],"class_list":{"0":"post-11009","1":"product","2":"type-product","3":"status-publish","4":"has-post-thumbnail","6":"product_cat-accesorios","7":"product_tag-bateria-litio","8":"product_tag-pulmic","10":"first","11":"instock","12":"shipping-taxable","13":"product-type-simple"},"_links":{"self":[{"href":"https:\/\/agroinco.com.bo\/website\/wp-json\/wp\/v2\/product\/11009","targetHints":{"allow":["GET"]}}],"collection":[{"href":"https:\/\/agroinco.com.bo\/website\/wp-json\/wp\/v2\/product"}],"about":[{"href":"https:\/\/agroinco.com.bo\/website\/wp-json\/wp\/v2\/types\/product"}],"wp:featuredmedia":[{"embeddable":true,"href":"https:\/\/agroinco.com.bo\/website\/wp-json\/wp\/v2\/media\/11010"}],"wp:attachment":[{"href":"https:\/\/agroinco.com.bo\/website\/wp-json\/wp\/v2\/media?parent=11009"}],"wp:term":[{"taxonomy":"product_brand","embeddable":true,"href":"https:\/\/agroinco.com.bo\/website\/wp-json\/wp\/v2\/product_brand?post=11009"},{"taxonomy":"product_cat","embeddable":true,"href":"https:\/\/agroinco.com.bo\/website\/wp-json\/wp\/v2\/product_cat?post=11009"},{"taxonomy":"product_tag","embeddable":true,"href":"https:\/\/agroinco.com.bo\/website\/wp-json\/wp\/v2\/product_tag?post=11009"}],"curies":[{"name":"wp","href":"https:\/\/api.w.org\/{rel}","templated":true}]}}