{"id":11012,"date":"2026-02-11T19:01:59","date_gmt":"2026-02-11T18:01:59","guid":{"rendered":"https:\/\/agroinco.com.bo\/website\/?post_type=product&#038;p=11012"},"modified":"2026-02-11T19:01:59","modified_gmt":"2026-02-11T18:01:59","slug":"kit-de-repuesto-de-bateria","status":"publish","type":"product","link":"https:\/\/agroinco.com.bo\/website\/producto\/kit-de-repuesto-de-bateria\/","title":{"rendered":"KIT DE REPUESTO DE BATER\u00cdA"},"content":{"rendered":"<div class=\"wpb-content-wrapper\"><p>[vc_row][vc_column][vc_column_text css=\u00bb\u00bb woodmart_inline=\u00bbno\u00bb text_larger=\u00bbno\u00bb]Kit de repuesto para Bater\u00eda de pulverizadores el\u00e9ctricos Pulmic F\u00e9nix.[\/vc_column_text][\/vc_column][\/vc_row]<\/p>\n<\/div>","protected":false},"excerpt":{"rendered":"<p>Kit de repuesto de Bater\u00eda<\/p>\n","protected":false},"featured_media":11013,"template":"","meta":[],"product_brand":[],"product_cat":[117],"product_tag":[462,461],"class_list":{"0":"post-11012","1":"product","2":"type-product","3":"status-publish","4":"has-post-thumbnail","6":"product_cat-accesorios","7":"product_tag-bateria-litio","8":"product_tag-pulmic","10":"first","11":"instock","12":"shipping-taxable","13":"product-type-simple"},"_links":{"self":[{"href":"https:\/\/agroinco.com.bo\/website\/wp-json\/wp\/v2\/product\/11012","targetHints":{"allow":["GET"]}}],"collection":[{"href":"https:\/\/agroinco.com.bo\/website\/wp-json\/wp\/v2\/product"}],"about":[{"href":"https:\/\/agroinco.com.bo\/website\/wp-json\/wp\/v2\/types\/product"}],"wp:featuredmedia":[{"embeddable":true,"href":"https:\/\/agroinco.com.bo\/website\/wp-json\/wp\/v2\/media\/11013"}],"wp:attachment":[{"href":"https:\/\/agroinco.com.bo\/website\/wp-json\/wp\/v2\/media?parent=11012"}],"wp:term":[{"taxonomy":"product_brand","embeddable":true,"href":"https:\/\/agroinco.com.bo\/website\/wp-json\/wp\/v2\/product_brand?post=11012"},{"taxonomy":"product_cat","embeddable":true,"href":"https:\/\/agroinco.com.bo\/website\/wp-json\/wp\/v2\/product_cat?post=11012"},{"taxonomy":"product_tag","embeddable":true,"href":"https:\/\/agroinco.com.bo\/website\/wp-json\/wp\/v2\/product_tag?post=11012"}],"curies":[{"name":"wp","href":"https:\/\/api.w.org\/{rel}","templated":true}]}}