{"id":11036,"date":"2026-02-11T20:18:46","date_gmt":"2026-02-11T19:18:46","guid":{"rendered":"https:\/\/agroinco.com.bo\/website\/?post_type=product&#038;p=11036"},"modified":"2026-02-11T20:18:46","modified_gmt":"2026-02-11T19:18:46","slug":"barra-cuatro-salidas","status":"publish","type":"product","link":"https:\/\/agroinco.com.bo\/website\/producto\/barra-cuatro-salidas\/","title":{"rendered":"BARRA CUATRO SALIDAS"},"content":{"rendered":"<div class=\"wpb-content-wrapper\"><p>[vc_row][vc_column][vc_column_text css=\u00bb\u00bb woodmart_inline=\u00bbno\u00bb text_larger=\u00bbno\u00bb]Posee cuatro boquillas para el tratamiento en una sola pasada de cuatro hileras.<\/p>\n<p>La barra est\u00e1 montada mediante un sistema de tuercas c\u00f3nicas y juntas que permite al agricultor ajustar cada barra de forma sencilla a la anchura particular de su plantaci\u00f3n.[\/vc_column_text][\/vc_column][\/vc_row]<\/p>\n<\/div>","protected":false},"excerpt":{"rendered":"<p>Barra cuatro Salidas<\/p>\n","protected":false},"featured_media":11037,"template":"","meta":[],"product_brand":[],"product_cat":[117],"product_tag":[460,465,466,461],"class_list":{"0":"post-11036","1":"product","2":"type-product","3":"status-publish","4":"has-post-thumbnail","6":"product_cat-accesorios","7":"product_tag-accesorios","8":"product_tag-barra","9":"product_tag-lanza","10":"product_tag-pulmic","12":"first","13":"instock","14":"shipping-taxable","15":"product-type-simple"},"_links":{"self":[{"href":"https:\/\/agroinco.com.bo\/website\/wp-json\/wp\/v2\/product\/11036","targetHints":{"allow":["GET"]}}],"collection":[{"href":"https:\/\/agroinco.com.bo\/website\/wp-json\/wp\/v2\/product"}],"about":[{"href":"https:\/\/agroinco.com.bo\/website\/wp-json\/wp\/v2\/types\/product"}],"wp:featuredmedia":[{"embeddable":true,"href":"https:\/\/agroinco.com.bo\/website\/wp-json\/wp\/v2\/media\/11037"}],"wp:attachment":[{"href":"https:\/\/agroinco.com.bo\/website\/wp-json\/wp\/v2\/media?parent=11036"}],"wp:term":[{"taxonomy":"product_brand","embeddable":true,"href":"https:\/\/agroinco.com.bo\/website\/wp-json\/wp\/v2\/product_brand?post=11036"},{"taxonomy":"product_cat","embeddable":true,"href":"https:\/\/agroinco.com.bo\/website\/wp-json\/wp\/v2\/product_cat?post=11036"},{"taxonomy":"product_tag","embeddable":true,"href":"https:\/\/agroinco.com.bo\/website\/wp-json\/wp\/v2\/product_tag?post=11036"}],"curies":[{"name":"wp","href":"https:\/\/api.w.org\/{rel}","templated":true}]}}