{"id":11041,"date":"2026-02-11T20:22:25","date_gmt":"2026-02-11T19:22:25","guid":{"rendered":"https:\/\/agroinco.com.bo\/website\/?post_type=product&#038;p=11041"},"modified":"2026-02-11T20:22:25","modified_gmt":"2026-02-11T19:22:25","slug":"plant-power-fertilizante-gel-hidrosoluble-x-500-ml","status":"publish","type":"product","link":"https:\/\/agroinco.com.bo\/website\/producto\/plant-power-fertilizante-gel-hidrosoluble-x-500-ml\/","title":{"rendered":"PLANT POWER FERTILIZANTE GEL HIDROSOLUBLE x 500 ML"},"content":{"rendered":"<div class=\"wpb-content-wrapper\"><p>[vc_row][vc_column][vc_column_text css=\u00bb\u00bb woodmart_inline=\u00bbno\u00bb text_larger=\u00bbno\u00bb]Especialmente dise\u00f1ado para favorecer desarrollo vegetativo, asi como el crecimiento y formaci\u00f3n de fruto (en caso de frutos) tanto por v\u00eda foliar como por v\u00eda radicular.<\/p>\n<p>Recomendado para toda \u00e9poca del a\u00f1o especialmente para jardines y lugares cubiertos de c\u00e9sped que han sufrido situaciones de estr\u00e9s como heladas, granizadas, sequ\u00edas, enfermedades, otros.<\/p>\n<p>15-15-15 + \u00c1c. H\u00famicos Gel hidrosoluble<\/p>\n<p>PRESENTACI\u00d3N: 500 ML[\/vc_column_text][\/vc_column][\/vc_row]<\/p>\n<\/div>","protected":false},"excerpt":{"rendered":"<p>Plan Power Fertilizante Gel Hidrosoluble x 500 Ml.<br \/>\nNitrogeno(15%) + Potasio(15%) + Fosforo(15%) + Acidos Humicos(3%)<\/p>\n","protected":false},"featured_media":11042,"template":"","meta":[],"product_brand":[],"product_cat":[114],"product_tag":[219,210,468,469],"class_list":{"0":"post-11041","1":"product","2":"type-product","3":"status-publish","4":"has-post-thumbnail","6":"product_cat-cuidados-para-jardin","7":"product_tag-fertilizante","8":"product_tag-jardin","9":"product_tag-plantas","10":"product_tag-viveros","12":"first","13":"instock","14":"shipping-taxable","15":"product-type-simple"},"_links":{"self":[{"href":"https:\/\/agroinco.com.bo\/website\/wp-json\/wp\/v2\/product\/11041","targetHints":{"allow":["GET"]}}],"collection":[{"href":"https:\/\/agroinco.com.bo\/website\/wp-json\/wp\/v2\/product"}],"about":[{"href":"https:\/\/agroinco.com.bo\/website\/wp-json\/wp\/v2\/types\/product"}],"wp:featuredmedia":[{"embeddable":true,"href":"https:\/\/agroinco.com.bo\/website\/wp-json\/wp\/v2\/media\/11042"}],"wp:attachment":[{"href":"https:\/\/agroinco.com.bo\/website\/wp-json\/wp\/v2\/media?parent=11041"}],"wp:term":[{"taxonomy":"product_brand","embeddable":true,"href":"https:\/\/agroinco.com.bo\/website\/wp-json\/wp\/v2\/product_brand?post=11041"},{"taxonomy":"product_cat","embeddable":true,"href":"https:\/\/agroinco.com.bo\/website\/wp-json\/wp\/v2\/product_cat?post=11041"},{"taxonomy":"product_tag","embeddable":true,"href":"https:\/\/agroinco.com.bo\/website\/wp-json\/wp\/v2\/product_tag?post=11041"}],"curies":[{"name":"wp","href":"https:\/\/api.w.org\/{rel}","templated":true}]}}