{"id":11052,"date":"2026-02-11T20:33:51","date_gmt":"2026-02-11T19:33:51","guid":{"rendered":"https:\/\/agroinco.com.bo\/website\/?post_type=product&#038;p=11052"},"modified":"2026-02-11T20:33:51","modified_gmt":"2026-02-11T19:33:51","slug":"pulverizador-ubv-pulmic-fenix-35-con-bateria-de-litio-2","status":"publish","type":"product","link":"https:\/\/agroinco.com.bo\/website\/producto\/pulverizador-ubv-pulmic-fenix-35-con-bateria-de-litio-2\/","title":{"rendered":"PULVERIZADOR UBV PULMIC F\u00c9NIX 35 CON BATER\u00cdA DE LITIO"},"content":{"rendered":"<div class=\"wpb-content-wrapper\"><p>[vc_row][vc_column][vc_column_text css=\u00bb\u00bb woodmart_inline=\u00bbno\u00bb text_larger=\u00bbno\u00bb]El pulverizador UBV Pulmic F\u00e9nix 35 es la evoluci\u00f3n de la F\u00e9nix. Su principal beneficio es la mayor protecci\u00f3n y seguridad durante la aplicaci\u00f3n, ya que evita que la deriva afecte al cultivo. Este tipo de producto es muy \u00fatil para cultivos bajos o para \u00e1rboles de edad temprana o tama\u00f1o peque\u00f1o. Pulverizador hidr\u00e1ulico centrifugo\u00a0 para aplicaci\u00f3n de herbicidas sist\u00e9micos diluidos.<\/p>\n<p>CARACTER\u00cdSTICAS DEL PULMIC FENIX 35<\/p>\n<p>&#8211; Mango ergon\u00f3mico<\/p>\n<p>&#8211; Apoyabrazos<\/p>\n<p>&#8211; Boquillas intercambiables<\/p>\n<p>&#8211; Disco con laberinto para evitar la entrada de humedad al motor<\/p>\n<p>&#8211; Campana protectora de 35cm de di\u00e1metro<\/p>\n<p>INFORMACI\u00d3N ADICIONAL<\/p>\n<p>\u00c1mbito de uso\u00a0 AGRICULTURA<\/p>\n<p>Aplicaci\u00f3n del producto:\u00a0 Lucha contra las malas hierbas<\/p>\n<p>Lugar de uso: Superficie grande (Jardines grandes, cultivos, uso frecuente)[\/vc_column_text]<div id=\"wd-698cd996c8b29\" class=\" wd-rs-698cd996c8b29 vc_custom_1770838424615 wd-button-wrapper text-center\"><a href=\"https:\/\/agroinco.com.bo\/website\/wp-content\/uploads\/2026\/02\/Pulmic-Fenix-35-1.pdf\" title=\"\" target=\"_blank\" class=\"btn btn-style-3d btn-shape-rectangle btn-size-default\">DESCARGAR PDF<\/a><\/div>[\/vc_column][\/vc_row]<\/p>\n<\/div>","protected":false},"excerpt":{"rendered":"<p>Pulverizador UBV Pulmic F\u00e9nix 35 con Bater\u00eda de Litio<\/p>\n","protected":false},"featured_media":11053,"template":"","meta":[],"product_brand":[],"product_cat":[118,127],"product_tag":[267,268,269,204,270,206,207,271,272,273,208,209,210,274,275,276],"class_list":{"0":"post-11052","1":"product","2":"type-product","3":"status-publish","4":"has-post-thumbnail","6":"product_cat-aplicacion-electrica","7":"product_cat-bateria-y-motor","8":"product_tag-aplicacion","9":"product_tag-aranas","10":"product_tag-cucarachas","11":"product_tag-desinfeccion","12":"product_tag-enfermedades","13":"product_tag-fumigacion","14":"product_tag-fungicida","15":"product_tag-herbicida","16":"product_tag-hongos","17":"product_tag-hormigas","18":"product_tag-insecticida","19":"product_tag-insectos","20":"product_tag-jardin","21":"product_tag-mosquitos","22":"product_tag-plagas","23":"product_tag-pulgas","25":"first","26":"instock","27":"shipping-taxable","28":"product-type-simple"},"_links":{"self":[{"href":"https:\/\/agroinco.com.bo\/website\/wp-json\/wp\/v2\/product\/11052","targetHints":{"allow":["GET"]}}],"collection":[{"href":"https:\/\/agroinco.com.bo\/website\/wp-json\/wp\/v2\/product"}],"about":[{"href":"https:\/\/agroinco.com.bo\/website\/wp-json\/wp\/v2\/types\/product"}],"wp:featuredmedia":[{"embeddable":true,"href":"https:\/\/agroinco.com.bo\/website\/wp-json\/wp\/v2\/media\/11053"}],"wp:attachment":[{"href":"https:\/\/agroinco.com.bo\/website\/wp-json\/wp\/v2\/media?parent=11052"}],"wp:term":[{"taxonomy":"product_brand","embeddable":true,"href":"https:\/\/agroinco.com.bo\/website\/wp-json\/wp\/v2\/product_brand?post=11052"},{"taxonomy":"product_cat","embeddable":true,"href":"https:\/\/agroinco.com.bo\/website\/wp-json\/wp\/v2\/product_cat?post=11052"},{"taxonomy":"product_tag","embeddable":true,"href":"https:\/\/agroinco.com.bo\/website\/wp-json\/wp\/v2\/product_tag?post=11052"}],"curies":[{"name":"wp","href":"https:\/\/api.w.org\/{rel}","templated":true}]}}