{"id":11056,"date":"2026-02-11T20:36:02","date_gmt":"2026-02-11T19:36:02","guid":{"rendered":"https:\/\/agroinco.com.bo\/website\/?post_type=product&#038;p=11056"},"modified":"2026-02-11T20:36:13","modified_gmt":"2026-02-11T19:36:13","slug":"pulverizador-electrico-pulmic-pegasus-35-2","status":"publish","type":"product","link":"https:\/\/agroinco.com.bo\/website\/producto\/pulverizador-electrico-pulmic-pegasus-35-2\/","title":{"rendered":"PULVERIZADOR EL\u00c9CTRICO PULMIC PEGASUS 35"},"content":{"rendered":"<div class=\"wpb-content-wrapper\"><p>[vc_row][vc_column][vc_column_text css=\u00bb\u00bb woodmart_inline=\u00bbno\u00bb text_larger=\u00bbno\u00bb]Este pulverizador el\u00e9ctrico, de uso agr\u00edcola\/Industrial, cuenta con un dep\u00f3sito de 35 litros de capacidad. Dise\u00f1ado con dos ruedas para facilitar su transporte. La m\u00e1quina est\u00e1 desarrollada con el sistema de 3 velocidades y su autonom\u00eda es de entre 4 a 7 horas.[\/vc_column_text]<div id=\"wd-698cda1b85e81\" class=\" wd-rs-698cda1b85e81 vc_custom_1770838556567 wd-button-wrapper text-center\"><a href=\"https:\/\/agroinco.com.bo\/website\/wp-content\/uploads\/2026\/02\/Pulmic-Pegasus-35-1.pdf\" title=\"\" target=\"_blank\" class=\"btn btn-style-3d btn-shape-rectangle btn-size-default\">DESCARGAR PDF<\/a><\/div>[\/vc_column][\/vc_row]<\/p>\n<\/div>","protected":false},"excerpt":{"rendered":"<p>Pulverizador El\u00e9ctrico Pulmic Pegasus 35<\/p>\n","protected":false},"featured_media":11057,"template":"","meta":[],"product_brand":[],"product_cat":[118,127],"product_tag":[267,268,269,204,270,206,207,271,272,273,208,209,210,274,275,276],"class_list":{"0":"post-11056","1":"product","2":"type-product","3":"status-publish","4":"has-post-thumbnail","6":"product_cat-aplicacion-electrica","7":"product_cat-bateria-y-motor","8":"product_tag-aplicacion","9":"product_tag-aranas","10":"product_tag-cucarachas","11":"product_tag-desinfeccion","12":"product_tag-enfermedades","13":"product_tag-fumigacion","14":"product_tag-fungicida","15":"product_tag-herbicida","16":"product_tag-hongos","17":"product_tag-hormigas","18":"product_tag-insecticida","19":"product_tag-insectos","20":"product_tag-jardin","21":"product_tag-mosquitos","22":"product_tag-plagas","23":"product_tag-pulgas","25":"first","26":"instock","27":"shipping-taxable","28":"product-type-simple"},"_links":{"self":[{"href":"https:\/\/agroinco.com.bo\/website\/wp-json\/wp\/v2\/product\/11056","targetHints":{"allow":["GET"]}}],"collection":[{"href":"https:\/\/agroinco.com.bo\/website\/wp-json\/wp\/v2\/product"}],"about":[{"href":"https:\/\/agroinco.com.bo\/website\/wp-json\/wp\/v2\/types\/product"}],"wp:featuredmedia":[{"embeddable":true,"href":"https:\/\/agroinco.com.bo\/website\/wp-json\/wp\/v2\/media\/11057"}],"wp:attachment":[{"href":"https:\/\/agroinco.com.bo\/website\/wp-json\/wp\/v2\/media?parent=11056"}],"wp:term":[{"taxonomy":"product_brand","embeddable":true,"href":"https:\/\/agroinco.com.bo\/website\/wp-json\/wp\/v2\/product_brand?post=11056"},{"taxonomy":"product_cat","embeddable":true,"href":"https:\/\/agroinco.com.bo\/website\/wp-json\/wp\/v2\/product_cat?post=11056"},{"taxonomy":"product_tag","embeddable":true,"href":"https:\/\/agroinco.com.bo\/website\/wp-json\/wp\/v2\/product_tag?post=11056"}],"curies":[{"name":"wp","href":"https:\/\/api.w.org\/{rel}","templated":true}]}}