{"id":11060,"date":"2026-02-11T20:38:12","date_gmt":"2026-02-11T19:38:12","guid":{"rendered":"https:\/\/agroinco.com.bo\/website\/?post_type=product&#038;p=11060"},"modified":"2026-02-11T20:38:12","modified_gmt":"2026-02-11T19:38:12","slug":"pulverizador-electrico-pulmic-pegasus-15-2","status":"publish","type":"product","link":"https:\/\/agroinco.com.bo\/website\/producto\/pulverizador-electrico-pulmic-pegasus-15-2\/","title":{"rendered":"PULVERIZADOR EL\u00c9CTRICO PULMIC PEGASUS 15"},"content":{"rendered":"<div class=\"wpb-content-wrapper\"><p>[vc_row][vc_column][vc_column_text css=\u00bb\u00bb woodmart_inline=\u00bbno\u00bb text_larger=\u00bbno\u00bb]Este pulverizador es la tercera generaci\u00f3n de pulverizadores el\u00e9ctricos de la marca Pulmic. Con una autonom\u00eda de hasta 7 horas de autonom\u00eda y el sistema de 3 velocidades \u00fanico en el mercado, est\u00e1 dise\u00f1ado y fabricado en Espa\u00f1a con caracter\u00edsticas y calidad de materiales para los profesionales m\u00e1s exigentes.<\/p>\n<p>CARACTER\u00cdSTICAS DEL PULMIC PEGASUS 15<\/p>\n<p>&#8211; Bater\u00eda de litio de entre 4 y 7 horas de autonom\u00eda.<\/p>\n<p>&#8211; Bomba de membrana de alto rendimiento.<\/p>\n<p>&#8211; Tres velocidades de aplicaci\u00f3n de entre 1 a 3 bares de presi\u00f3n.<\/p>\n<p>&#8211; Empu\u00f1adura con juntas de vit\u00f3n.[\/vc_column_text]<div id=\"wd-698cda9c8e86a\" class=\" wd-rs-698cda9c8e86a vc_custom_1770838685039 wd-button-wrapper text-center\"><a href=\"https:\/\/agroinco.com.bo\/website\/wp-content\/uploads\/2026\/02\/Pulmic-Pegasus-15-1.pdf\" title=\"\" target=\"_blank\" class=\"btn btn-style-3d btn-shape-rectangle btn-size-default\">DESCARGAR PDF<\/a><\/div>[\/vc_column][\/vc_row]<\/p>\n<\/div>","protected":false},"excerpt":{"rendered":"<p>[vc_row][vc_column][vc_column_text css=\u00bb\u00bb woodmart_inline=\u00bbno\u00bb text_larger=\u00bbno\u00bb]Este pulverizador es la tercera generaci\u00f3n de pulverizadores el\u00e9ctricos de la marca Pulmic. Con una autonom\u00eda de<\/p>\n","protected":false},"featured_media":11061,"template":"","meta":[],"product_brand":[],"product_cat":[118,127],"product_tag":[267,268,269,204,270,206,207,271,272,273,208,209,210,274,275,276],"class_list":{"0":"post-11060","1":"product","2":"type-product","3":"status-publish","4":"has-post-thumbnail","6":"product_cat-aplicacion-electrica","7":"product_cat-bateria-y-motor","8":"product_tag-aplicacion","9":"product_tag-aranas","10":"product_tag-cucarachas","11":"product_tag-desinfeccion","12":"product_tag-enfermedades","13":"product_tag-fumigacion","14":"product_tag-fungicida","15":"product_tag-herbicida","16":"product_tag-hongos","17":"product_tag-hormigas","18":"product_tag-insecticida","19":"product_tag-insectos","20":"product_tag-jardin","21":"product_tag-mosquitos","22":"product_tag-plagas","23":"product_tag-pulgas","25":"first","26":"instock","27":"shipping-taxable","28":"product-type-simple"},"_links":{"self":[{"href":"https:\/\/agroinco.com.bo\/website\/wp-json\/wp\/v2\/product\/11060","targetHints":{"allow":["GET"]}}],"collection":[{"href":"https:\/\/agroinco.com.bo\/website\/wp-json\/wp\/v2\/product"}],"about":[{"href":"https:\/\/agroinco.com.bo\/website\/wp-json\/wp\/v2\/types\/product"}],"wp:featuredmedia":[{"embeddable":true,"href":"https:\/\/agroinco.com.bo\/website\/wp-json\/wp\/v2\/media\/11061"}],"wp:attachment":[{"href":"https:\/\/agroinco.com.bo\/website\/wp-json\/wp\/v2\/media?parent=11060"}],"wp:term":[{"taxonomy":"product_brand","embeddable":true,"href":"https:\/\/agroinco.com.bo\/website\/wp-json\/wp\/v2\/product_brand?post=11060"},{"taxonomy":"product_cat","embeddable":true,"href":"https:\/\/agroinco.com.bo\/website\/wp-json\/wp\/v2\/product_cat?post=11060"},{"taxonomy":"product_tag","embeddable":true,"href":"https:\/\/agroinco.com.bo\/website\/wp-json\/wp\/v2\/product_tag?post=11060"}],"curies":[{"name":"wp","href":"https:\/\/api.w.org\/{rel}","templated":true}]}}