{"id":11063,"date":"2026-02-11T20:40:33","date_gmt":"2026-02-11T19:40:33","guid":{"rendered":"https:\/\/agroinco.com.bo\/website\/?post_type=product&#038;p=11063"},"modified":"2026-02-11T20:40:34","modified_gmt":"2026-02-11T19:40:34","slug":"pulverizador-motorizado-pulmic-taurus-2","status":"publish","type":"product","link":"https:\/\/agroinco.com.bo\/website\/producto\/pulverizador-motorizado-pulmic-taurus-2\/","title":{"rendered":"PULVERIZADOR MOTORIZADO PULMIC TAURUS"},"content":{"rendered":"<div class=\"wpb-content-wrapper\"><p>[vc_row][vc_column][vc_column_text css=\u00bb\u00bb woodmart_inline=\u00bbno\u00bb text_larger=\u00bbno\u00bb]Pulmic Taurus es un pulverizador hidr\u00e1ulico motorizado para aplicaci\u00f3n de productos agroqu\u00edmicos l\u00edquidos. Este pulverizador hidr\u00e1ulico motorizado para la aplicaci\u00f3n de agroqu\u00edmicos l\u00edquidos asegura una gran fiabilidad gracias a su motor Mitshubishi de dos tiempos. Es f\u00e1cil de usar y con una gran variedad de accesorios, lo que lo convierte en un producto polivalente ya que puede ser utilizado para todo tipo de cultivos, tanto para la aplicaci\u00f3n de insecticidas\/fungicidas o herbicidas.<\/p>\n<p>CARACTER\u00cdSTICAS DEL PULMIC TAURUS<\/p>\n<p>&#8211; Motor Mitsubishi de dos tiempos 33cc 1CV<\/p>\n<p>&#8211; Bomba de doble pist\u00f3n<\/p>\n<p>&#8211; Carburador de diafragma<\/p>\n<p>&#8211; Espaldera acolchada<\/p>\n<p>&#8211; Presi\u00f3n de 5 a 35 bares<\/p>\n<p>&#8211; Alcance de 10m vertical y 12 horizontal<\/p>\n<p>Aplicaci\u00f3n del producto : Cuidado y Protecci\u00f3n de las plantas, Lucha contra las malas hierbas<\/p>\n<p>Lugar de uso: Superficie grande (Jardines grandes, cultivos, uso frecuente)[\/vc_column_text]<div id=\"wd-698cdb24d0c52\" class=\" wd-rs-698cdb24d0c52 vc_custom_1770838825399 wd-button-wrapper text-center\"><a href=\"https:\/\/agroinco.com.bo\/website\/wp-content\/uploads\/2026\/02\/Pulmic-Taurus-1.pdf\" title=\"\" target=\"_blank\" class=\"btn btn-style-3d btn-shape-rectangle btn-size-default\">DESCARGAR PDF<\/a><\/div>[\/vc_column][\/vc_row]<\/p>\n<\/div>","protected":false},"excerpt":{"rendered":"<p>Pulverizador Motorizado Pulmic Taurus<\/p>\n","protected":false},"featured_media":11064,"template":"","meta":[],"product_brand":[],"product_cat":[120,127],"product_tag":[267,206,277,278,279],"class_list":{"0":"post-11063","1":"product","2":"type-product","3":"status-publish","4":"has-post-thumbnail","6":"product_cat-aplicacion-motorizada","7":"product_cat-bateria-y-motor","8":"product_tag-aplicacion","9":"product_tag-fumigacion","10":"product_tag-fumigadoras-a-motor","11":"product_tag-productos-agroinco","12":"product_tag-pulverizador","14":"first","15":"instock","16":"shipping-taxable","17":"product-type-simple"},"_links":{"self":[{"href":"https:\/\/agroinco.com.bo\/website\/wp-json\/wp\/v2\/product\/11063","targetHints":{"allow":["GET"]}}],"collection":[{"href":"https:\/\/agroinco.com.bo\/website\/wp-json\/wp\/v2\/product"}],"about":[{"href":"https:\/\/agroinco.com.bo\/website\/wp-json\/wp\/v2\/types\/product"}],"wp:featuredmedia":[{"embeddable":true,"href":"https:\/\/agroinco.com.bo\/website\/wp-json\/wp\/v2\/media\/11064"}],"wp:attachment":[{"href":"https:\/\/agroinco.com.bo\/website\/wp-json\/wp\/v2\/media?parent=11063"}],"wp:term":[{"taxonomy":"product_brand","embeddable":true,"href":"https:\/\/agroinco.com.bo\/website\/wp-json\/wp\/v2\/product_brand?post=11063"},{"taxonomy":"product_cat","embeddable":true,"href":"https:\/\/agroinco.com.bo\/website\/wp-json\/wp\/v2\/product_cat?post=11063"},{"taxonomy":"product_tag","embeddable":true,"href":"https:\/\/agroinco.com.bo\/website\/wp-json\/wp\/v2\/product_tag?post=11063"}],"curies":[{"name":"wp","href":"https:\/\/api.w.org\/{rel}","templated":true}]}}