{"id":11066,"date":"2026-02-11T20:42:49","date_gmt":"2026-02-11T19:42:49","guid":{"rendered":"https:\/\/agroinco.com.bo\/website\/?post_type=product&#038;p=11066"},"modified":"2026-02-11T20:42:49","modified_gmt":"2026-02-11T19:42:49","slug":"introban-anillos","status":"publish","type":"product","link":"https:\/\/agroinco.com.bo\/website\/producto\/introban-anillos\/","title":{"rendered":"INTROBAN ANILLOS"},"content":{"rendered":"<div class=\"wpb-content-wrapper\"><p>[vc_row][vc_column][vc_column_text css=\u00bb\u00bb woodmart_inline=\u00bbno\u00bb text_larger=\u00bbno\u00bb]INTROBAN es un insecticida cuyo principio activo (Bti) que aplicado en el h\u00e1bitat acu\u00e1tico de las larvas de mosquitos y jejenes las elimina, evitando que los insectos lleguen a su forma adulta voladora.<br \/>\nEl ingrediente activo de INTROBAN es un compuesto proteico sintetizado por una bacteria, el Bacillus thuringiensis var. Israelensis.<\/p>\n<p>Esta proteina llamada Delta endotoxina es t\u00f3xica especialmente para larvas de mosquitos y sim\u00falidos (por ej: jejenes). No afecta el medio ambiente pues en las dosis de uso no es t\u00f3xica para otros insectos, peces, p\u00e1jaros, otros animales o el hombre.<\/p>\n<p>PRESENTACI\u00d3N: BLISTER CON 20 ANILLOS[\/vc_column_text]<div id=\"wd-698cdb806a3a4\" class=\" wd-rs-698cdb806a3a4 vc_custom_1770838963727 wd-button-wrapper text-center\"><a href=\"https:\/\/agroinco.com.bo\/website\/wp-content\/uploads\/2026\/02\/Introban-Anillos.pdf\" title=\"\" target=\"_blank\" class=\"btn btn-style-3d btn-shape-rectangle btn-size-default\">DESCARGAR PDF<\/a><\/div>[\/vc_column][\/vc_row]<\/p>\n<\/div>","protected":false},"excerpt":{"rendered":"<p>Elimina larvas de mosquitos y jejenes.<\/p>\n","protected":false},"featured_media":11067,"template":"","meta":[],"product_brand":[],"product_cat":[116],"product_tag":[470,471,320,274,472],"class_list":{"0":"post-11066","1":"product","2":"type-product","3":"status-publish","4":"has-post-thumbnail","6":"product_cat-larvicidas","7":"product_tag-chikungunya","8":"product_tag-dengue","9":"product_tag-larvas","10":"product_tag-mosquitos","11":"product_tag-zika","13":"first","14":"instock","15":"shipping-taxable","16":"product-type-simple"},"_links":{"self":[{"href":"https:\/\/agroinco.com.bo\/website\/wp-json\/wp\/v2\/product\/11066","targetHints":{"allow":["GET"]}}],"collection":[{"href":"https:\/\/agroinco.com.bo\/website\/wp-json\/wp\/v2\/product"}],"about":[{"href":"https:\/\/agroinco.com.bo\/website\/wp-json\/wp\/v2\/types\/product"}],"wp:featuredmedia":[{"embeddable":true,"href":"https:\/\/agroinco.com.bo\/website\/wp-json\/wp\/v2\/media\/11067"}],"wp:attachment":[{"href":"https:\/\/agroinco.com.bo\/website\/wp-json\/wp\/v2\/media?parent=11066"}],"wp:term":[{"taxonomy":"product_brand","embeddable":true,"href":"https:\/\/agroinco.com.bo\/website\/wp-json\/wp\/v2\/product_brand?post=11066"},{"taxonomy":"product_cat","embeddable":true,"href":"https:\/\/agroinco.com.bo\/website\/wp-json\/wp\/v2\/product_cat?post=11066"},{"taxonomy":"product_tag","embeddable":true,"href":"https:\/\/agroinco.com.bo\/website\/wp-json\/wp\/v2\/product_tag?post=11066"}],"curies":[{"name":"wp","href":"https:\/\/api.w.org\/{rel}","templated":true}]}}