{"id":11081,"date":"2026-02-11T21:04:49","date_gmt":"2026-02-11T20:04:49","guid":{"rendered":"https:\/\/agroinco.com.bo\/website\/?post_type=product&#038;p=11081"},"modified":"2026-02-11T21:04:49","modified_gmt":"2026-02-11T20:04:49","slug":"swingfog-sn-50-nebulizadores-termicos-de-alto-rendimiento-2","status":"publish","type":"product","link":"https:\/\/agroinco.com.bo\/website\/producto\/swingfog-sn-50-nebulizadores-termicos-de-alto-rendimiento-2\/","title":{"rendered":"SWINGFOG\u00ae-SN 50-NEBULIZADORES T\u00c9RMICOS DE ALTO RENDIMIENTO"},"content":{"rendered":"<div class=\"wpb-content-wrapper\"><p>[vc_row][vc_column][vc_column_text css=\u00bb\u00bb woodmart_inline=\u00bbno\u00bb text_larger=\u00bbno\u00bb]<strong>Equipos port\u00e1tiles con correa para el hombro, para uso fijo o m\u00f3vil.<\/strong><\/p>\n<p>Los aparatos se accionan manualmente mediante una bomba de aire. 4 bater\u00edas secas de 1,5 V cada una, proporcionan la energ\u00eda de arranque.<\/p>\n<p>Con la excepci\u00f3n de membranas de material sint\u00e9tico, el sistema no contiene piezas con movimiento mec\u00e1nico, por lo que pr\u00e1cticamente no se produce desgaste por el uso.<\/p>\n<p>Todas las piezas met\u00e1licas que entran en contacto con la mezcla, est\u00e1n fabricadas en acero inoxidable.<\/p>\n<p>\u00c1mbitos de aplicaci\u00f3n<\/p>\n<p>o\u00a0\u00a0\u00a0\u00a0\u00a0\u00a0\u00a0\u00a0\u00a0\u00a0\u00a0\u00a0 Lucha contra los mosquitos, par\u00e1sitos y plagas, lucha contra la langosta del desierto<\/p>\n<p>o\u00a0\u00a0\u00a0\u00a0\u00a0\u00a0\u00a0\u00a0\u00a0\u00a0\u00a0\u00a0 Protecci\u00f3n fitosanitaria en plantaciones e invernaderos<\/p>\n<p>o\u00a0\u00a0\u00a0\u00a0\u00a0\u00a0\u00a0\u00a0\u00a0\u00a0\u00a0\u00a0 Protecci\u00f3n de acopio (almacenes, silos, empresas de producci\u00f3n de alimentos, productos agrarios, textiles y tabaco)<\/p>\n<p>o\u00a0\u00a0\u00a0\u00a0\u00a0\u00a0\u00a0\u00a0\u00a0\u00a0\u00a0\u00a0 Desinfecci\u00f3n en \u00e1mbitos humanos, en explotaciones ganaderas y en la industria alimentaria[\/vc_column_text]<div id=\"wd-698ce0cf89bc7\" class=\" wd-rs-698ce0cf89bc7 vc_custom_1770840272359 wd-button-wrapper text-center\"><a href=\"https:\/\/agroinco.com.bo\/website\/wp-content\/uploads\/2026\/02\/Termonebulizadora-SN-50-1.pdf\" title=\"\" target=\"_blank\" class=\"btn btn-style-3d btn-shape-rectangle btn-size-default\">DESCARGAR PDF<\/a><\/div>[\/vc_column][\/vc_row]<\/p>\n<\/div>","protected":false},"excerpt":{"rendered":"<p>Swingfog\u00ae-SN 50-Nebulizadores t\u00e9rmicos de alto rendimiento<\/p>\n","protected":false},"featured_media":11083,"template":"","meta":[],"product_brand":[],"product_cat":[129,121],"product_tag":[280,281,274,275,282],"class_list":{"0":"post-11081","1":"product","2":"type-product","3":"status-publish","4":"has-post-thumbnail","6":"product_cat-termonebulizacion","7":"product_cat-termonebulizadoras","8":"product_tag-cuidado-de-almacenes","9":"product_tag-invernaderos","10":"product_tag-mosquitos","11":"product_tag-plagas","12":"product_tag-termonebulizacion","14":"first","15":"instock","16":"shipping-taxable","17":"product-type-simple"},"_links":{"self":[{"href":"https:\/\/agroinco.com.bo\/website\/wp-json\/wp\/v2\/product\/11081","targetHints":{"allow":["GET"]}}],"collection":[{"href":"https:\/\/agroinco.com.bo\/website\/wp-json\/wp\/v2\/product"}],"about":[{"href":"https:\/\/agroinco.com.bo\/website\/wp-json\/wp\/v2\/types\/product"}],"wp:featuredmedia":[{"embeddable":true,"href":"https:\/\/agroinco.com.bo\/website\/wp-json\/wp\/v2\/media\/11083"}],"wp:attachment":[{"href":"https:\/\/agroinco.com.bo\/website\/wp-json\/wp\/v2\/media?parent=11081"}],"wp:term":[{"taxonomy":"product_brand","embeddable":true,"href":"https:\/\/agroinco.com.bo\/website\/wp-json\/wp\/v2\/product_brand?post=11081"},{"taxonomy":"product_cat","embeddable":true,"href":"https:\/\/agroinco.com.bo\/website\/wp-json\/wp\/v2\/product_cat?post=11081"},{"taxonomy":"product_tag","embeddable":true,"href":"https:\/\/agroinco.com.bo\/website\/wp-json\/wp\/v2\/product_tag?post=11081"}],"curies":[{"name":"wp","href":"https:\/\/api.w.org\/{rel}","templated":true}]}}