{"id":11084,"date":"2026-02-11T21:08:05","date_gmt":"2026-02-11T20:08:05","guid":{"rendered":"https:\/\/agroinco.com.bo\/website\/?post_type=product&#038;p=11084"},"modified":"2026-02-11T21:08:05","modified_gmt":"2026-02-11T20:08:05","slug":"swingfog-sn-101-nebulizadores-termicos-de-alto-rendimiento-2","status":"publish","type":"product","link":"https:\/\/agroinco.com.bo\/website\/producto\/swingfog-sn-101-nebulizadores-termicos-de-alto-rendimiento-2\/","title":{"rendered":"SWINGFOG\u00ae-SN 101 &#8211; NEBULIZADORES T\u00c9RMICOS DE ALTO RENDIMIENTO"},"content":{"rendered":"<div class=\"wpb-content-wrapper\"><p>[vc_row][vc_column][vc_column_text css=\u00bb\u00bb woodmart_inline=\u00bbno\u00bb text_larger=\u00bbno\u00bb]Aparatos para uso fijo o m\u00f3vil.<\/p>\n<p>Todas las variantes de swingfog\u00ae SN 101 se suministran exclusivamente con dispositivo de desconexi\u00f3n autom\u00e1tica de la mezcla.<\/p>\n<p>Los modelos SN 101 M y SN 101 E est\u00e1n equipados con un dep\u00f3sito de la mezcla de acero inoxidable integrado de 69 l de capacidad.<\/p>\n<p>swingfog\u00ae SN 101 Pump no cuenta con un dep\u00f3sito de la mezcla integrado y la mezcla se suministra desde un dep\u00f3sito independiente por medio de una bomba el\u00e9ctrica de acero inoxidable.<\/p>\n<p>Para este aparato ofrecemos m\u00e1s opciones de dep\u00f3sito de la mezcla, en acero inoxidable o polietileno con distintas capacidades.<\/p>\n<p>Estos dep\u00f3sitos cuentan con una conexi\u00f3n de acoplamiento r\u00e1pido para el tubo de la mezcla y sistema de ventilaci\u00f3n.<\/p>\n<p>El alcance de suministro contiene adem\u00e1s una manguera de vaciado con conector r\u00e1pido y llave de bola.<\/p>\n<p>swingfog\u00ae SN 101 Pump est\u00e1 equipado con un dep\u00f3sito de gasolina de acero inoxidable de 21,3 l de capacidad. Esta cantidad de gasolina permite operar el equipo en funcionamiento continuo durante aprox. 5 horas.<\/p>\n<p>Los aparatos SN 101 E y SN 101 Pump cuentan con arranque y operaci\u00f3n el\u00e9ctricos. Para ello requieren, en uso m\u00f3vil, la conexi\u00f3n a la bater\u00eda de 12 V del veh\u00edculo o, en uso fijo, la conexi\u00f3n a una bater\u00eda de veh\u00edculo independiente, de 12 V.<br \/>\nswingfog\u00ae SN 101M arranca manualmente mediante una bomba de aire. La energ\u00eda de arranque y operaci\u00f3n se suministra por medio de 8 bater\u00edas secas de 1,5 V cada una.[\/vc_column_text]<div id=\"wd-698ce1855f60d\" class=\" wd-rs-698ce1855f60d vc_custom_1770840453552 wd-button-wrapper text-center\"><a href=\"https:\/\/agroinco.com.bo\/website\/wp-content\/uploads\/2026\/02\/Termonebulizadora-SN-101-1.pdf\" title=\"\" target=\"_blank\" class=\"btn btn-style-3d btn-shape-rectangle btn-size-default\">DESCARGAR PDF<\/a><\/div>[\/vc_column][\/vc_row]<\/p>\n<\/div>","protected":false},"excerpt":{"rendered":"<p>Swingfog\u00ae-SN 101<\/p>\n","protected":false},"featured_media":11088,"template":"","meta":[],"product_brand":[],"product_cat":[129,121],"product_tag":[280,274,275,282],"class_list":{"0":"post-11084","1":"product","2":"type-product","3":"status-publish","4":"has-post-thumbnail","6":"product_cat-termonebulizacion","7":"product_cat-termonebulizadoras","8":"product_tag-cuidado-de-almacenes","9":"product_tag-mosquitos","10":"product_tag-plagas","11":"product_tag-termonebulizacion","13":"first","14":"onbackorder","15":"shipping-taxable","16":"product-type-simple"},"_links":{"self":[{"href":"https:\/\/agroinco.com.bo\/website\/wp-json\/wp\/v2\/product\/11084","targetHints":{"allow":["GET"]}}],"collection":[{"href":"https:\/\/agroinco.com.bo\/website\/wp-json\/wp\/v2\/product"}],"about":[{"href":"https:\/\/agroinco.com.bo\/website\/wp-json\/wp\/v2\/types\/product"}],"wp:featuredmedia":[{"embeddable":true,"href":"https:\/\/agroinco.com.bo\/website\/wp-json\/wp\/v2\/media\/11088"}],"wp:attachment":[{"href":"https:\/\/agroinco.com.bo\/website\/wp-json\/wp\/v2\/media?parent=11084"}],"wp:term":[{"taxonomy":"product_brand","embeddable":true,"href":"https:\/\/agroinco.com.bo\/website\/wp-json\/wp\/v2\/product_brand?post=11084"},{"taxonomy":"product_cat","embeddable":true,"href":"https:\/\/agroinco.com.bo\/website\/wp-json\/wp\/v2\/product_cat?post=11084"},{"taxonomy":"product_tag","embeddable":true,"href":"https:\/\/agroinco.com.bo\/website\/wp-json\/wp\/v2\/product_tag?post=11084"}],"curies":[{"name":"wp","href":"https:\/\/api.w.org\/{rel}","templated":true}]}}