{"id":11132,"date":"2026-02-11T21:46:14","date_gmt":"2026-02-11T20:46:14","guid":{"rendered":"https:\/\/agroinco.com.bo\/website\/?post_type=product&#038;p=11132"},"modified":"2026-03-27T16:31:13","modified_gmt":"2026-03-27T15:31:13","slug":"glacoxan-e-x-120-ml","status":"publish","type":"product","link":"https:\/\/agroinco.com.bo\/website\/producto\/glacoxan-e-x-120-ml\/","title":{"rendered":"GLACOXAN E x 120 ML"},"content":{"rendered":"<div class=\"wpb-content-wrapper\"><p>[vc_row][vc_column][vc_column_text css=\u00bb\u00bb woodmart_inline=\u00bbno\u00bb text_larger=\u00bbno\u00bb]GLACOXAN E es un producto insecticida de amplio espectro especialmente indicado para eliminar hormigas y grillotopo. Sus principios activos (Clorpirifos 10,5%. Cipermetrina 1%) act\u00faan por contacto, inhalaci\u00f3n e ingesti\u00f3n, manteniendo en el terreno una actividad y acci\u00f3n residual prolongada. Eficaz contra Hormiga negra com\u00fan, hormiga negra del sud, hormiga colorada, hormiga minera, hormiga isa\u00fa, hormiga invasora, hormiga de fuego, hormiga carpintera, grillo topo. Viene en presentaci\u00f3n de 120 ml.<\/p>\n<p>CLASIFICACI\u00d3N: Insecticida Hormiguicida<\/p>\n<p>FORMULACI\u00d3N: Concentrado emulsionable l\u00edquido<\/p>\n<p>PRINCIPIO ACTIVO: Clorpirifos 10,5%. Cipermetrina 1%<\/p>\n<p>PLAGAS\u00a0 : Hormiga negra com\u00fan, hormiga negra del sud, hormiga colorada, hormiga minera, hormiga isa\u00fa, hormiga invasora, hormiga de fuego, hormiga carpintera, grillo topo<\/p>\n<p>PRESENTACI\u00d3N : 120 Ml[\/vc_column_text]<div id=\"wd-698cea8e0c232\" class=\" wd-rs-698cea8e0c232 vc_custom_1770842767536 wd-button-wrapper text-center\"><a href=\"https:\/\/agroinco.com.bo\/website\/wp-content\/uploads\/2026\/02\/GLACOXAN-E.pdf\" title=\"\" target=\"_blank\" class=\"btn btn-style-3d btn-shape-rectangle btn-size-default\">DESCARGAR PDF<\/a><\/div>[\/vc_column][\/vc_row]<\/p>\n<\/div>","protected":false},"excerpt":{"rendered":"<p>Glacoxan E x 120 Ml<\/p>\n","protected":false},"featured_media":11134,"template":"","meta":[],"product_brand":[],"product_cat":[110,114],"product_tag":[273,210,482],"class_list":{"0":"post-11132","1":"product","2":"type-product","3":"status-publish","4":"has-post-thumbnail","6":"product_cat-control-hormigas","7":"product_cat-cuidados-para-jardin","8":"product_tag-hormigas","9":"product_tag-jardin","10":"product_tag-termitas","12":"first","13":"outofstock","14":"shipping-taxable","15":"product-type-simple"},"_links":{"self":[{"href":"https:\/\/agroinco.com.bo\/website\/wp-json\/wp\/v2\/product\/11132","targetHints":{"allow":["GET"]}}],"collection":[{"href":"https:\/\/agroinco.com.bo\/website\/wp-json\/wp\/v2\/product"}],"about":[{"href":"https:\/\/agroinco.com.bo\/website\/wp-json\/wp\/v2\/types\/product"}],"wp:featuredmedia":[{"embeddable":true,"href":"https:\/\/agroinco.com.bo\/website\/wp-json\/wp\/v2\/media\/11134"}],"wp:attachment":[{"href":"https:\/\/agroinco.com.bo\/website\/wp-json\/wp\/v2\/media?parent=11132"}],"wp:term":[{"taxonomy":"product_brand","embeddable":true,"href":"https:\/\/agroinco.com.bo\/website\/wp-json\/wp\/v2\/product_brand?post=11132"},{"taxonomy":"product_cat","embeddable":true,"href":"https:\/\/agroinco.com.bo\/website\/wp-json\/wp\/v2\/product_cat?post=11132"},{"taxonomy":"product_tag","embeddable":true,"href":"https:\/\/agroinco.com.bo\/website\/wp-json\/wp\/v2\/product_tag?post=11132"}],"curies":[{"name":"wp","href":"https:\/\/api.w.org\/{rel}","templated":true}]}}