{"id":11151,"date":"2026-02-11T22:03:34","date_gmt":"2026-02-11T21:03:34","guid":{"rendered":"https:\/\/agroinco.com.bo\/website\/?post_type=product&#038;p=11151"},"modified":"2026-03-28T00:39:02","modified_gmt":"2026-03-27T23:39:02","slug":"glacoxan-delta-t-x-1-lt","status":"publish","type":"product","link":"https:\/\/agroinco.com.bo\/website\/producto\/glacoxan-delta-t-x-1-lt\/","title":{"rendered":"GLACOXAN DELTA-T x 1 LT"},"content":{"rendered":"<div class=\"wpb-content-wrapper\"><p>[vc_row][vc_column][vc_column_text css=\u00bb\u00bb woodmart_inline=\u00bbno\u00bb text_larger=\u00bbno\u00bb]Insecticida concentrado emulsionable formulado a base de Deltametrina y Tetrametrina mol\u00e9culas de la familia de los piretroides con r\u00e1pido efecto inicial de expulsi\u00f3n y repelencia. y la sinergia del but\u00f3xido de piperonilo. Elimina insectos por contacto e ingesti\u00f3n con marcado poder de volteo y alta acci\u00f3n residual.<\/p>\n<p>Es apto para ser usado tanto en hospitales, escuelas, restaurantes, casas, instalaciones deportivas, dep\u00f3sitos, f\u00e1bricas, industrias alimenticias, mataderos, frigor\u00edficos, granjas, caba\u00f1as, establos, tambos, como en countries, jardines, parques, paseos etc.<\/p>\n<p>Clasificaci\u00f3n:\u00a0\u00a0\u00a0\u00a0\u00a0 Insecticida<\/p>\n<p>Formulaci\u00f3n:\u00a0\u00a0\u00a0\u00a0 Concentrado Emulsionable<\/p>\n<p>Principio activo: Deltametrina 1.5 g., Tetrametrina 1 g, Butoxido de piperonilo 5 g.<\/p>\n<p>Plagas:\u00a0 Act\u00faa sobre insectos rastreros como Cucarachas, hormigas, insectos de la madera, \u00e1caros, piojillos, chinches, pulgas, garrapatas, bicho bolita e insectos voladores como Mosquitos moscas, t\u00e1banos, polillas y avispas. Controla tambi\u00e9n plagas dif\u00edciles como vinchucas, alacranes, escorpiones y ara\u00f1as<\/p>\n<p>Presentaci\u00f3n<\/p>\n<p>1 lt.[\/vc_column_text]<div id=\"wd-698cee9e9300c\" class=\" wd-rs-698cee9e9300c vc_custom_1770843807056 wd-button-wrapper text-center\"><a href=\"https:\/\/agroinco.com.bo\/website\/wp-content\/uploads\/2026\/02\/GlacoXAN-DELTA-T.pdf\" title=\"\" target=\"_blank\" class=\"btn btn-style-3d btn-shape-rectangle btn-size-default\">DESCARGAR PDF<\/a><\/div>[\/vc_column][\/vc_row]<\/p>\n<\/div>","protected":false},"excerpt":{"rendered":"<p>Deltametrina 1.5 g., Tetrametrina 1 g, Butoxido de piperonilo 5 g.<\/p>\n","protected":false},"featured_media":11152,"template":"","meta":[],"product_brand":[],"product_cat":[109,111],"product_tag":[470,471,206,209,274,472],"class_list":{"0":"post-11151","1":"product","2":"type-product","3":"status-publish","4":"has-post-thumbnail","6":"product_cat-control-de-mosquitos","7":"product_cat-control-insectos-en-gral","8":"product_tag-chikungunya","9":"product_tag-dengue","10":"product_tag-fumigacion","11":"product_tag-insectos","12":"product_tag-mosquitos","13":"product_tag-zika","15":"first","16":"instock","17":"shipping-taxable","18":"product-type-simple"},"_links":{"self":[{"href":"https:\/\/agroinco.com.bo\/website\/wp-json\/wp\/v2\/product\/11151","targetHints":{"allow":["GET"]}}],"collection":[{"href":"https:\/\/agroinco.com.bo\/website\/wp-json\/wp\/v2\/product"}],"about":[{"href":"https:\/\/agroinco.com.bo\/website\/wp-json\/wp\/v2\/types\/product"}],"wp:featuredmedia":[{"embeddable":true,"href":"https:\/\/agroinco.com.bo\/website\/wp-json\/wp\/v2\/media\/11152"}],"wp:attachment":[{"href":"https:\/\/agroinco.com.bo\/website\/wp-json\/wp\/v2\/media?parent=11151"}],"wp:term":[{"taxonomy":"product_brand","embeddable":true,"href":"https:\/\/agroinco.com.bo\/website\/wp-json\/wp\/v2\/product_brand?post=11151"},{"taxonomy":"product_cat","embeddable":true,"href":"https:\/\/agroinco.com.bo\/website\/wp-json\/wp\/v2\/product_cat?post=11151"},{"taxonomy":"product_tag","embeddable":true,"href":"https:\/\/agroinco.com.bo\/website\/wp-json\/wp\/v2\/product_tag?post=11151"}],"curies":[{"name":"wp","href":"https:\/\/api.w.org\/{rel}","templated":true}]}}