{"id":11154,"date":"2026-02-12T13:52:49","date_gmt":"2026-02-12T12:52:49","guid":{"rendered":"https:\/\/agroinco.com.bo\/website\/?post_type=product&#038;p=11154"},"modified":"2026-03-28T00:50:34","modified_gmt":"2026-03-27T23:50:34","slug":"glacoxan-d-forte-x-1-lt","status":"publish","type":"product","link":"https:\/\/agroinco.com.bo\/website\/producto\/glacoxan-d-forte-x-1-lt\/","title":{"rendered":"GLACOXAN D-FORTE x 1 LT"},"content":{"rendered":"<div class=\"wpb-content-wrapper\"><p>[vc_row][vc_column][vc_column_text css=\u00bb\u00bb woodmart_inline=\u00bbno\u00bb text_larger=\u00bbno\u00bb]Es un insecticida concentrado emulsionable formulado a base de DDVP con poder de volteo, Propoxur de la familia de los carbamatos con acci\u00f3n residual, Cipermetrina y Tetrametrina mol\u00e9culas de la familia de los piretroides con efecto de expulsi\u00f3n y repelencia. y la sinergia del but\u00f3xido de piperonilo Esta combinaci\u00f3n nos brinda un producto con efecto de volteo, repelencia, desalojo y choque y acci\u00f3n prolongada por su capacidad residual todo lo cual permite el control plaguicida.<\/p>\n<p>Es apto para ser usado tanto en dep\u00f3sitos, f\u00e1bricas, industrias alimenticias, granjas, caba\u00f1as, como en espacios verdes.<\/p>\n<p>Clasificaci\u00f3n<br \/>\nInsecticida<\/p>\n<p>Formulaci\u00f3n<br \/>\nConcentrado Emulsionable<\/p>\n<p>Principio activo<br \/>\nDiclorvos 0.5 g., Propoxur 1 g., Cipermetrina 7g., Tetrametrina 0.32 g.,Butoxido de piperonilo 5 g., Solvente y Emulsionantes c.s.p. 100ml.<\/p>\n<p>Plagas<br \/>\nAct\u00faa sobre insectos rastreros como Cucarachas, hormigas, insectos de la madera, \u00e1caros, piojillos, chinches, pulgas, garrapatas, bicho bolita e insectos voladores como Mosquitos moscas, t\u00e1banos, polillas y avispas. Controla tambi\u00e9n plagas dif\u00edciles como escorpiones y ara\u00f1as.<\/p>\n<p>Presentaci\u00f3n<br \/>\n1 lts.<\/p>\n<p>Uso Profesional[\/vc_column_text]<div id=\"wd-698dcd14028cd\" class=\" wd-rs-698dcd14028cd vc_custom_1770900758785 wd-button-wrapper text-center\"><a href=\"https:\/\/agroinco.com.bo\/website\/wp-content\/uploads\/2026\/02\/GlacoXAN-D-FORTE.pdf\" title=\"\" target=\"_blank\" class=\"btn btn-style-3d btn-shape-rectangle btn-size-default\">DESCARGAR PDF<\/a><\/div>[\/vc_column][\/vc_row]<\/p>\n<\/div>","protected":false},"excerpt":{"rendered":"<p>Diclorvos 0.5 g., Propoxur 1 g., Cipermetrina 7g., Tetrametrina 0.32 g.,Butoxido de piperonilo 5 g.,<\/p>\n","protected":false},"featured_media":11155,"template":"","meta":[],"product_brand":[],"product_cat":[108,109,111],"product_tag":[470,471,206,274,472],"class_list":{"0":"post-11154","1":"product","2":"type-product","3":"status-publish","4":"has-post-thumbnail","6":"product_cat-control-cucarachas","7":"product_cat-control-de-mosquitos","8":"product_cat-control-insectos-en-gral","9":"product_tag-chikungunya","10":"product_tag-dengue","11":"product_tag-fumigacion","12":"product_tag-mosquitos","13":"product_tag-zika","15":"first","16":"instock","17":"shipping-taxable","18":"product-type-simple"},"_links":{"self":[{"href":"https:\/\/agroinco.com.bo\/website\/wp-json\/wp\/v2\/product\/11154","targetHints":{"allow":["GET"]}}],"collection":[{"href":"https:\/\/agroinco.com.bo\/website\/wp-json\/wp\/v2\/product"}],"about":[{"href":"https:\/\/agroinco.com.bo\/website\/wp-json\/wp\/v2\/types\/product"}],"wp:featuredmedia":[{"embeddable":true,"href":"https:\/\/agroinco.com.bo\/website\/wp-json\/wp\/v2\/media\/11155"}],"wp:attachment":[{"href":"https:\/\/agroinco.com.bo\/website\/wp-json\/wp\/v2\/media?parent=11154"}],"wp:term":[{"taxonomy":"product_brand","embeddable":true,"href":"https:\/\/agroinco.com.bo\/website\/wp-json\/wp\/v2\/product_brand?post=11154"},{"taxonomy":"product_cat","embeddable":true,"href":"https:\/\/agroinco.com.bo\/website\/wp-json\/wp\/v2\/product_cat?post=11154"},{"taxonomy":"product_tag","embeddable":true,"href":"https:\/\/agroinco.com.bo\/website\/wp-json\/wp\/v2\/product_tag?post=11154"}],"curies":[{"name":"wp","href":"https:\/\/api.w.org\/{rel}","templated":true}]}}