{"id":11158,"date":"2026-02-12T13:55:57","date_gmt":"2026-02-12T12:55:57","guid":{"rendered":"https:\/\/agroinco.com.bo\/website\/?post_type=product&#038;p=11158"},"modified":"2026-03-28T00:46:23","modified_gmt":"2026-03-27T23:46:23","slug":"depe","status":"publish","type":"product","link":"https:\/\/agroinco.com.bo\/website\/producto\/depe\/","title":{"rendered":"DEPE"},"content":{"rendered":"<div class=\"wpb-content-wrapper\"><p>[vc_row][vc_column][vc_column_text css=\u00bb\u00bb woodmart_inline=\u00bbno\u00bb text_larger=\u00bbno\u00bb]DEPE\u00ae es un poderoso insecticida de la familia de los piretroides, que no produce irritaci\u00f3n a diferencia de otros piretroides; de bajo olor, con una toxicidad moderada en mam\u00edferos clase III (OMS). A su gran capacidad insecticida y r\u00e1pida acci\u00f3n sobre diversos insectos se suma su acci\u00f3n de desalojo y una moderada residualidad (dependiente de la dosis y de la superficie tratada).<\/p>\n<p>DEPE\u00ae posee en su formulaci\u00f3n, coadyuvantes que potencian la actividad insecticida y antivaporantes que garantizan el \u00e9xito del tratamiento.<\/p>\n<p>Puede aplicarse en interiores en todo tipo de edificios como: casas, escuelas, hospitales, restaurantes, industrias alimenticias, instalaciones deportivas, granjas, tambos, dep\u00f3sitos.<br \/>\nEn exteriores: countries, jardines, parques, paseos, balnearios.[\/vc_column_text]<div id=\"wd-698dcdd43c068\" class=\" wd-rs-698dcdd43c068 vc_custom_1770900951505 wd-button-wrapper text-center\"><a href=\"https:\/\/agroinco.com.bo\/website\/wp-content\/uploads\/2026\/02\/Depe.pdf\" title=\"\" target=\"_blank\" class=\"btn btn-style-3d btn-shape-rectangle btn-size-default\">DESCARGAR PDF<\/a><\/div>[\/vc_column][\/vc_row]<\/p>\n<\/div>","protected":false},"excerpt":{"rendered":"<p>Permetrina High Cis 10 %.<\/p>\n","protected":false},"featured_media":11159,"template":"","meta":[],"product_brand":[],"product_cat":[109,111],"product_tag":[470,471,274,472],"class_list":{"0":"post-11158","1":"product","2":"type-product","3":"status-publish","4":"has-post-thumbnail","6":"product_cat-control-de-mosquitos","7":"product_cat-control-insectos-en-gral","8":"product_tag-chikungunya","9":"product_tag-dengue","10":"product_tag-mosquitos","11":"product_tag-zika","13":"first","14":"instock","15":"shipping-taxable","16":"product-type-simple"},"_links":{"self":[{"href":"https:\/\/agroinco.com.bo\/website\/wp-json\/wp\/v2\/product\/11158","targetHints":{"allow":["GET"]}}],"collection":[{"href":"https:\/\/agroinco.com.bo\/website\/wp-json\/wp\/v2\/product"}],"about":[{"href":"https:\/\/agroinco.com.bo\/website\/wp-json\/wp\/v2\/types\/product"}],"wp:featuredmedia":[{"embeddable":true,"href":"https:\/\/agroinco.com.bo\/website\/wp-json\/wp\/v2\/media\/11159"}],"wp:attachment":[{"href":"https:\/\/agroinco.com.bo\/website\/wp-json\/wp\/v2\/media?parent=11158"}],"wp:term":[{"taxonomy":"product_brand","embeddable":true,"href":"https:\/\/agroinco.com.bo\/website\/wp-json\/wp\/v2\/product_brand?post=11158"},{"taxonomy":"product_cat","embeddable":true,"href":"https:\/\/agroinco.com.bo\/website\/wp-json\/wp\/v2\/product_cat?post=11158"},{"taxonomy":"product_tag","embeddable":true,"href":"https:\/\/agroinco.com.bo\/website\/wp-json\/wp\/v2\/product_tag?post=11158"}],"curies":[{"name":"wp","href":"https:\/\/api.w.org\/{rel}","templated":true}]}}