{"id":11164,"date":"2026-02-12T14:00:46","date_gmt":"2026-02-12T13:00:46","guid":{"rendered":"https:\/\/agroinco.com.bo\/website\/?post_type=product&#038;p=11164"},"modified":"2026-02-12T14:00:46","modified_gmt":"2026-02-12T13:00:46","slug":"moscaxan-x-30-grs","status":"publish","type":"product","link":"https:\/\/agroinco.com.bo\/website\/producto\/moscaxan-x-30-grs\/","title":{"rendered":"MOSCAXAN X 30 GRS"},"content":{"rendered":"<div class=\"wpb-content-wrapper\"><p>[vc_row][vc_column][vc_column_text css=\u00bb\u00bb woodmart_inline=\u00bbno\u00bb text_larger=\u00bbno\u00bb]Moscaxan es un cebo mosquicida granulado de la familia Nitroguanidina que act\u00faa sobre la mayor\u00eda de los g\u00e9neros de moscas, especialmente Musca domestica, en los lugares donde posan o descansan. Esta formulaci\u00f3n tiene una toxicidad moderada en mam\u00edferos. Es ideal para el control de moscas resistentes a carbamatos, organofosforados y piretroides. La combinaci\u00f3n de su principio activo con atrayentes y feromona sexual hacen de Moscaxan un producto con marcada atracci\u00f3n cuyo resultado inmediato es un importante efecto de volteo y baja de la poblaci\u00f3n de moscas. Moscaxan contiene un disuasivo alimentario para la ingesta involuntaria humana. Moscaxan es utilizado tanto en establecimientos industriales y rurales como: granjas av\u00edcolas, criaderos de cerdos, tambos, caballerizas, frigor\u00edficos y seber\u00edas y exteriores e interiores de domicilios.<\/p>\n<p>Principio activo: Imidacloprid[\/vc_column_text]<div id=\"wd-698dceea9b00f\" class=\" wd-rs-698dceea9b00f vc_custom_1770901231472 wd-button-wrapper text-center\"><a href=\"https:\/\/agroinco.com.bo\/website\/wp-content\/uploads\/2026\/02\/Moscaxan.pdf\" title=\"\" target=\"_blank\" class=\"btn btn-style-3d btn-shape-rectangle btn-size-default\">DESCARGAR PDF<\/a><\/div>[\/vc_column][\/vc_row]<\/p>\n<\/div>","protected":false},"excerpt":{"rendered":"<p>[vc_row][vc_column][vc_column_text css=\u00bb\u00bb woodmart_inline=\u00bbno\u00bb text_larger=\u00bbno\u00bb]Moscaxan es un cebo mosquicida granulado de la familia Nitroguanidina que act\u00faa sobre la mayor\u00eda de los<\/p>\n","protected":false},"featured_media":11166,"template":"","meta":[],"product_brand":[],"product_cat":[112],"product_tag":[489,326],"class_list":{"0":"post-11164","1":"product","2":"type-product","3":"status-publish","4":"has-post-thumbnail","6":"product_cat-control-moscas","7":"product_tag-control-de-moscas","8":"product_tag-moscas","10":"first","11":"instock","12":"shipping-taxable","13":"product-type-simple"},"_links":{"self":[{"href":"https:\/\/agroinco.com.bo\/website\/wp-json\/wp\/v2\/product\/11164","targetHints":{"allow":["GET"]}}],"collection":[{"href":"https:\/\/agroinco.com.bo\/website\/wp-json\/wp\/v2\/product"}],"about":[{"href":"https:\/\/agroinco.com.bo\/website\/wp-json\/wp\/v2\/types\/product"}],"wp:featuredmedia":[{"embeddable":true,"href":"https:\/\/agroinco.com.bo\/website\/wp-json\/wp\/v2\/media\/11166"}],"wp:attachment":[{"href":"https:\/\/agroinco.com.bo\/website\/wp-json\/wp\/v2\/media?parent=11164"}],"wp:term":[{"taxonomy":"product_brand","embeddable":true,"href":"https:\/\/agroinco.com.bo\/website\/wp-json\/wp\/v2\/product_brand?post=11164"},{"taxonomy":"product_cat","embeddable":true,"href":"https:\/\/agroinco.com.bo\/website\/wp-json\/wp\/v2\/product_cat?post=11164"},{"taxonomy":"product_tag","embeddable":true,"href":"https:\/\/agroinco.com.bo\/website\/wp-json\/wp\/v2\/product_tag?post=11164"}],"curies":[{"name":"wp","href":"https:\/\/api.w.org\/{rel}","templated":true}]}}